{"id":14090,"date":"2022-01-23T22:54:13","date_gmt":"2022-01-23T21:54:13","guid":{"rendered":"https:\/\/www.hml-fetish.de\/shop\/cock-ring-double-ii\/"},"modified":"2022-01-23T22:54:13","modified_gmt":"2022-01-23T21:54:13","slug":"cock-ring-double-ii","status":"publish","type":"product","link":"https:\/\/www.hml-fetish.de\/shop\/fr\/cock-ring-double-ii\/","title":{"rendered":"Cock-ring double II"},"content":{"rendered":"<p><P>Deux cockrings reli\u00e9s en haut et en bas par des lani\u00e8res de cuir. Le plus grand anneau est interchangeable. Veuillez s\u00e9lectionner ci-dessous le diam\u00e8tre int\u00e9rieur dont vous avez besoin. Cette construction est \u00e9galement tr\u00e8s \u00e9troite ! Une fois que tu as mis ce ballstretcher, tes couilles deviennent grasses et rondes sur le c\u00f4t\u00e9 au fur et \u00e0 mesure que ton \u00e9rection grandit. Une vue tr\u00e8s excitante.<\/p>\n<p>Nous livrons le cockring combin\u00e9 avec des anneaux de 35 mm et 45 mm de diam\u00e8tre int\u00e9rieur. Si tu as besoin d&#8217;autres anneaux (sans frais suppl\u00e9mentaires !), fais-le nous savoir dans le champ de commentaire lors de la validation de ta commande.<br \/>\n<BR><img decoding=\"async\" src=\"\/GIF\/sizefr_ID.gif\" alt=\"taille = diam\u00e8tre int\u00e9rieur\" title=\"taille = diam\u00e8tre int\u00e9rieur\" border=\"0\" height=\"67\" width=\"183\"><\/P><\/p>\n","protected":false},"excerpt":{"rendered":"<h4>Cock-ring double II<\/h4>\n<p><P>Deux cockrings reli\u00e9s en haut et en bas par des lani\u00e8res de cuir. Le plus grand anneau est interchangeable. Veuillez s\u00e9lectionner ci-dessous le diam\u00e8tre int\u00e9rieur dont vous avez besoin. Cette construction est \u00e9galement tr\u00e8s \u00e9troite ! Une fois que tu as mis ce ballstretcher, tes couilles deviennent grasses et rondes sur le c\u00f4t\u00e9 au fur et \u00e0 mesure que ton \u00e9rection grandit. Une vue tr\u00e8s excitante.<\/p>\n","protected":false},"featured_media":14085,"comment_status":"open","ping_status":"closed","template":"","meta":[],"product_brand":[],"product_cat":[697,678,674],"product_tag":[],"class_list":{"0":"post-14090","1":"product","2":"type-product","3":"status-publish","4":"has-post-thumbnail","6":"product_cat-cbt-fr","7":"product_cat-cock-halter-fr","8":"product_cat-cock-rings-fr","9":"product_shipping_class-lettre","11":"first","12":"instock","13":"taxable","14":"shipping-taxable","15":"purchasable","16":"product-type-simple"},"_links":{"self":[{"href":"https:\/\/www.hml-fetish.de\/shop\/fr\/wp-json\/wp\/v2\/product\/14090","targetHints":{"allow":["GET"]}}],"collection":[{"href":"https:\/\/www.hml-fetish.de\/shop\/fr\/wp-json\/wp\/v2\/product"}],"about":[{"href":"https:\/\/www.hml-fetish.de\/shop\/fr\/wp-json\/wp\/v2\/types\/product"}],"replies":[{"embeddable":true,"href":"https:\/\/www.hml-fetish.de\/shop\/fr\/wp-json\/wp\/v2\/comments?post=14090"}],"version-history":[{"count":0,"href":"https:\/\/www.hml-fetish.de\/shop\/fr\/wp-json\/wp\/v2\/product\/14090\/revisions"}],"wp:featuredmedia":[{"embeddable":true,"href":"https:\/\/www.hml-fetish.de\/shop\/fr\/wp-json\/wp\/v2\/media\/14085"}],"wp:attachment":[{"href":"https:\/\/www.hml-fetish.de\/shop\/fr\/wp-json\/wp\/v2\/media?parent=14090"}],"wp:term":[{"taxonomy":"product_brand","embeddable":true,"href":"https:\/\/www.hml-fetish.de\/shop\/fr\/wp-json\/wp\/v2\/product_brand?post=14090"},{"taxonomy":"product_cat","embeddable":true,"href":"https:\/\/www.hml-fetish.de\/shop\/fr\/wp-json\/wp\/v2\/product_cat?post=14090"},{"taxonomy":"product_tag","embeddable":true,"href":"https:\/\/www.hml-fetish.de\/shop\/fr\/wp-json\/wp\/v2\/product_tag?post=14090"}],"curies":[{"name":"wp","href":"https:\/\/api.w.org\/{rel}","templated":true}]}}