{"id":14079,"date":"2022-01-23T22:54:13","date_gmt":"2022-01-23T21:54:13","guid":{"rendered":"https:\/\/www.hml-fetish.de\/shop\/harnais-pour-couilles\/"},"modified":"2022-01-23T22:54:13","modified_gmt":"2022-01-23T21:54:13","slug":"harnais-pour-couilles","status":"publish","type":"product","link":"https:\/\/www.hml-fetish.de\/shop\/fr\/harnais-pour-couilles\/","title":{"rendered":"Harnais pour couilles"},"content":{"rendered":"<p>Un ballstretcher en deux couches de cuir de b\u0153uf solide mais souple. Se ferme avec des boutons-pression et une petite boucle m\u00e9tallique pour accrocher des poids. Diam\u00e8tre int\u00e9rieur d&#8217;environ 35 mm. Il existe en trois hauteurs : 30 mm et 40 mm, c&#8217;est \u00e0 la port\u00e9e de presque tout le monde, mais 50 mm de hauteur, c&#8217;est ce qui fait que le sac est vraiment long !<\/p>\n","protected":false},"excerpt":{"rendered":"<h4>Harnais pour couilles<\/h4>\n<p>Un ballstretcher en deux couches de cuir de b\u0153uf solide mais souple. Se ferme avec des boutons-pression et une petite boucle m\u00e9tallique pour accrocher des poids. Diam\u00e8tre int\u00e9rieur d&#8217;environ 35 mm. Il existe en trois hauteurs : 30 mm et 40 mm, c&#8217;est \u00e0 la port\u00e9e de presque tout le monde, mais 50 mm de hauteur, c&#8217;est ce qui fait que le sac est vraiment long !<\/p>\n","protected":false},"featured_media":14069,"comment_status":"open","ping_status":"closed","template":"","meta":[],"product_brand":[],"product_cat":[697,678],"product_tag":[4400],"class_list":{"0":"post-14079","1":"product","2":"type-product","3":"status-publish","4":"has-post-thumbnail","6":"product_cat-cbt-fr","7":"product_cat-cock-halter-fr","8":"product_tag-hml-fetish-original-fr","9":"product_shipping_class-lettre","11":"first","12":"instock","13":"taxable","14":"shipping-taxable","15":"purchasable","16":"product-type-variable"},"_links":{"self":[{"href":"https:\/\/www.hml-fetish.de\/shop\/fr\/wp-json\/wp\/v2\/product\/14079","targetHints":{"allow":["GET"]}}],"collection":[{"href":"https:\/\/www.hml-fetish.de\/shop\/fr\/wp-json\/wp\/v2\/product"}],"about":[{"href":"https:\/\/www.hml-fetish.de\/shop\/fr\/wp-json\/wp\/v2\/types\/product"}],"replies":[{"embeddable":true,"href":"https:\/\/www.hml-fetish.de\/shop\/fr\/wp-json\/wp\/v2\/comments?post=14079"}],"version-history":[{"count":0,"href":"https:\/\/www.hml-fetish.de\/shop\/fr\/wp-json\/wp\/v2\/product\/14079\/revisions"}],"wp:featuredmedia":[{"embeddable":true,"href":"https:\/\/www.hml-fetish.de\/shop\/fr\/wp-json\/wp\/v2\/media\/14069"}],"wp:attachment":[{"href":"https:\/\/www.hml-fetish.de\/shop\/fr\/wp-json\/wp\/v2\/media?parent=14079"}],"wp:term":[{"taxonomy":"product_brand","embeddable":true,"href":"https:\/\/www.hml-fetish.de\/shop\/fr\/wp-json\/wp\/v2\/product_brand?post=14079"},{"taxonomy":"product_cat","embeddable":true,"href":"https:\/\/www.hml-fetish.de\/shop\/fr\/wp-json\/wp\/v2\/product_cat?post=14079"},{"taxonomy":"product_tag","embeddable":true,"href":"https:\/\/www.hml-fetish.de\/shop\/fr\/wp-json\/wp\/v2\/product_tag?post=14079"}],"curies":[{"name":"wp","href":"https:\/\/api.w.org\/{rel}","templated":true}]}}