{"id":14063,"date":"2022-01-23T22:54:13","date_gmt":"2022-01-23T21:54:13","guid":{"rendered":"https:\/\/www.hml-fetish.de\/shop\/ball-stretcher-ultra-large\/"},"modified":"2022-01-23T22:54:13","modified_gmt":"2022-01-23T21:54:13","slug":"ball-stretcher-ultra-large","status":"publish","type":"product","link":"https:\/\/www.hml-fetish.de\/shop\/fr\/ball-stretcher-ultra-large\/","title":{"rendered":"Ball-stretcher ultra large"},"content":{"rendered":"<p>Pour les mecs qui ont d\u00e9j\u00e0 tout v\u00e9cu, cette manchette de sac extra large sera un nouveau d\u00e9fi : 70 mm de large et, dans la version enhanced, des pointes pointues \u00e0 l&#8217;int\u00e9rieur. Relevez le d\u00e9fi et portez-la au travail pendant une journ\u00e9e !<\/p>\n","protected":false},"excerpt":{"rendered":"<h4>Ball-stretcher ultra large<\/h4>\n<p>Pour les mecs qui ont d\u00e9j\u00e0 tout v\u00e9cu, cette manchette de sac extra large sera un nouveau d\u00e9fi : 70 mm de large et, dans la version enhanced, des pointes pointues \u00e0 l&#8217;int\u00e9rieur. Relevez le d\u00e9fi et portez-la au travail pendant une journ\u00e9e !<\/p>\n","protected":false},"featured_media":14055,"comment_status":"open","ping_status":"closed","template":"","meta":[],"product_brand":[],"product_cat":[697,678],"product_tag":[4400],"class_list":{"0":"post-14063","1":"product","2":"type-product","3":"status-publish","4":"has-post-thumbnail","6":"product_cat-cbt-fr","7":"product_cat-cock-halter-fr","8":"product_tag-hml-fetish-original-fr","9":"product_shipping_class-lettre","11":"first","12":"instock","13":"taxable","14":"shipping-taxable","15":"purchasable","16":"product-type-variable"},"_links":{"self":[{"href":"https:\/\/www.hml-fetish.de\/shop\/fr\/wp-json\/wp\/v2\/product\/14063","targetHints":{"allow":["GET"]}}],"collection":[{"href":"https:\/\/www.hml-fetish.de\/shop\/fr\/wp-json\/wp\/v2\/product"}],"about":[{"href":"https:\/\/www.hml-fetish.de\/shop\/fr\/wp-json\/wp\/v2\/types\/product"}],"replies":[{"embeddable":true,"href":"https:\/\/www.hml-fetish.de\/shop\/fr\/wp-json\/wp\/v2\/comments?post=14063"}],"version-history":[{"count":0,"href":"https:\/\/www.hml-fetish.de\/shop\/fr\/wp-json\/wp\/v2\/product\/14063\/revisions"}],"wp:featuredmedia":[{"embeddable":true,"href":"https:\/\/www.hml-fetish.de\/shop\/fr\/wp-json\/wp\/v2\/media\/14055"}],"wp:attachment":[{"href":"https:\/\/www.hml-fetish.de\/shop\/fr\/wp-json\/wp\/v2\/media?parent=14063"}],"wp:term":[{"taxonomy":"product_brand","embeddable":true,"href":"https:\/\/www.hml-fetish.de\/shop\/fr\/wp-json\/wp\/v2\/product_brand?post=14063"},{"taxonomy":"product_cat","embeddable":true,"href":"https:\/\/www.hml-fetish.de\/shop\/fr\/wp-json\/wp\/v2\/product_cat?post=14063"},{"taxonomy":"product_tag","embeddable":true,"href":"https:\/\/www.hml-fetish.de\/shop\/fr\/wp-json\/wp\/v2\/product_tag?post=14063"}],"curies":[{"name":"wp","href":"https:\/\/api.w.org\/{rel}","templated":true}]}}