{"id":14052,"date":"2022-01-23T22:54:14","date_gmt":"2022-01-23T21:54:14","guid":{"rendered":"https:\/\/www.hml-fetish.de\/shop\/cockhalter-mike\/"},"modified":"2022-01-23T22:54:14","modified_gmt":"2022-01-23T21:54:14","slug":"cockhalter-mike","status":"publish","type":"product","link":"https:\/\/www.hml-fetish.de\/shop\/fr\/cockhalter-mike\/","title":{"rendered":"cockhalter Mike"},"content":{"rendered":"<p>Une construction particuli\u00e8re de sangles et d&#8217;anneaux qui laisse libre cours \u00e0 ton imagination. (pour ton corps, un peu moins). Selon la mani\u00e8re dont tu le noues, il en r\u00e9sulte deux variantes excitantes. Mike agit &#8211; comme cockring et manchette, comme s\u00e9parateur de couilles (avec une boucle pour des poids) et comme cockband. C&#8217;est vraiment un appareil g\u00e9nial ! Ce n&#8217;est pas sans raison que Mike est l&#8217;un de nos best-sellers. Attention, Mike est \u00e9galement tr\u00e8s serr\u00e9.<\/p>\n","protected":false},"excerpt":{"rendered":"<h4>Cockhalter Mike<\/h4>\n<p>Une construction particuli\u00e8re de sangles et d&#8217;anneaux qui laisse libre cours \u00e0 ton imagination. (pour ton corps, un peu moins). Selon la mani\u00e8re dont tu le noues, il en r\u00e9sulte deux variantes excitantes. Mike agit &#8211; comme cockring et manchette, comme s\u00e9parateur de couilles (avec une boucle pour des poids) et comme cockband. C&#8217;est vraiment un appareil g\u00e9nial ! Ce n&#8217;est pas sans raison que Mike est l&#8217;un de nos best-sellers. Attention, Mike est \u00e9galement tr\u00e8s serr\u00e9.<\/p>\n","protected":false},"featured_media":14046,"comment_status":"open","ping_status":"closed","template":"","meta":[],"product_brand":[],"product_cat":[732,697,678],"product_tag":[4400],"class_list":{"0":"post-14052","1":"product","2":"type-product","3":"status-publish","4":"has-post-thumbnail","6":"product_cat-best-seller","7":"product_cat-cbt-fr","8":"product_cat-cock-halter-fr","9":"product_tag-hml-fetish-original-fr","10":"product_shipping_class-colis-fr","12":"first","13":"instock","14":"taxable","15":"shipping-taxable","16":"purchasable","17":"product-type-simple"},"_links":{"self":[{"href":"https:\/\/www.hml-fetish.de\/shop\/fr\/wp-json\/wp\/v2\/product\/14052","targetHints":{"allow":["GET"]}}],"collection":[{"href":"https:\/\/www.hml-fetish.de\/shop\/fr\/wp-json\/wp\/v2\/product"}],"about":[{"href":"https:\/\/www.hml-fetish.de\/shop\/fr\/wp-json\/wp\/v2\/types\/product"}],"replies":[{"embeddable":true,"href":"https:\/\/www.hml-fetish.de\/shop\/fr\/wp-json\/wp\/v2\/comments?post=14052"}],"version-history":[{"count":0,"href":"https:\/\/www.hml-fetish.de\/shop\/fr\/wp-json\/wp\/v2\/product\/14052\/revisions"}],"wp:featuredmedia":[{"embeddable":true,"href":"https:\/\/www.hml-fetish.de\/shop\/fr\/wp-json\/wp\/v2\/media\/14046"}],"wp:attachment":[{"href":"https:\/\/www.hml-fetish.de\/shop\/fr\/wp-json\/wp\/v2\/media?parent=14052"}],"wp:term":[{"taxonomy":"product_brand","embeddable":true,"href":"https:\/\/www.hml-fetish.de\/shop\/fr\/wp-json\/wp\/v2\/product_brand?post=14052"},{"taxonomy":"product_cat","embeddable":true,"href":"https:\/\/www.hml-fetish.de\/shop\/fr\/wp-json\/wp\/v2\/product_cat?post=14052"},{"taxonomy":"product_tag","embeddable":true,"href":"https:\/\/www.hml-fetish.de\/shop\/fr\/wp-json\/wp\/v2\/product_tag?post=14052"}],"curies":[{"name":"wp","href":"https:\/\/api.w.org\/{rel}","templated":true}]}}