{"id":14043,"date":"2022-01-23T22:54:14","date_gmt":"2022-01-23T21:54:14","guid":{"rendered":"https:\/\/www.hml-fetish.de\/shop\/manchette-de-queue-electro\/"},"modified":"2022-01-23T22:54:14","modified_gmt":"2022-01-23T21:54:14","slug":"manchette-de-queue-electro","status":"publish","type":"product","link":"https:\/\/www.hml-fetish.de\/shop\/fr\/manchette-de-queue-electro\/","title":{"rendered":"Manchette de queue electro"},"content":{"rendered":"<p>Une pi\u00e8ce de cuir de 80 mm de large avec un la\u00e7age, reli\u00e9e \u00e0 un cockband. La pi\u00e8ce polaire m\u00e9tallique du brassard repr\u00e9sente un p\u00f4le, la pi\u00e8ce polaire du cockband l&#8217;autre. Les deux \u00e9lectrodes ne poss\u00e8dent qu&#8217;un seul point de contact. Le courant circule donc entre la racine de la queue et le gland. Cela peut te procurer une exp\u00e9rience tr\u00e8s intense &#8211; d&#8217;autant plus que tu ne peux pas te branler avec cette courroie!<br \/>\n<BR>Cet appareil n\u00e9cessite pour son alimentation un appareil de stimulation \u00e9lectrique avec une prise jack st\u00e9r\u00e9o de 3,5 mm et un set de c\u00e2bles de connexion. Ces deux \u00e9l\u00e9ments ne sont pas inclus dans le prix!<\/p>\n","protected":false},"excerpt":{"rendered":"<h4>Manchette de queue electro<\/h4>\n<p>Une pi\u00e8ce de cuir de 80 mm de large avec un la\u00e7age, reli\u00e9e \u00e0 un cockband. La pi\u00e8ce polaire m\u00e9tallique du brassard repr\u00e9sente un p\u00f4le, la pi\u00e8ce polaire du cockband l&#8217;autre. Les deux \u00e9lectrodes ne poss\u00e8dent qu&#8217;un seul point de contact. Le courant circule donc entre la racine de la queue et le gland. Cela peut te procurer une exp\u00e9rience tr\u00e8s intense &#8211; d&#8217;autant plus que tu ne peux pas te branler avec cette courroie!<\/p>\n","protected":false},"featured_media":14036,"comment_status":"open","ping_status":"closed","template":"","meta":[],"product_brand":[],"product_cat":[697,678,704],"product_tag":[],"class_list":{"0":"post-14043","1":"product","2":"type-product","3":"status-publish","4":"has-post-thumbnail","6":"product_cat-cbt-fr","7":"product_cat-cock-halter-fr","8":"product_cat-electro-fr","9":"product_shipping_class-lettre","11":"first","12":"instock","13":"taxable","14":"shipping-taxable","15":"purchasable","16":"product-type-simple"},"_links":{"self":[{"href":"https:\/\/www.hml-fetish.de\/shop\/fr\/wp-json\/wp\/v2\/product\/14043","targetHints":{"allow":["GET"]}}],"collection":[{"href":"https:\/\/www.hml-fetish.de\/shop\/fr\/wp-json\/wp\/v2\/product"}],"about":[{"href":"https:\/\/www.hml-fetish.de\/shop\/fr\/wp-json\/wp\/v2\/types\/product"}],"replies":[{"embeddable":true,"href":"https:\/\/www.hml-fetish.de\/shop\/fr\/wp-json\/wp\/v2\/comments?post=14043"}],"version-history":[{"count":0,"href":"https:\/\/www.hml-fetish.de\/shop\/fr\/wp-json\/wp\/v2\/product\/14043\/revisions"}],"wp:featuredmedia":[{"embeddable":true,"href":"https:\/\/www.hml-fetish.de\/shop\/fr\/wp-json\/wp\/v2\/media\/14036"}],"wp:attachment":[{"href":"https:\/\/www.hml-fetish.de\/shop\/fr\/wp-json\/wp\/v2\/media?parent=14043"}],"wp:term":[{"taxonomy":"product_brand","embeddable":true,"href":"https:\/\/www.hml-fetish.de\/shop\/fr\/wp-json\/wp\/v2\/product_brand?post=14043"},{"taxonomy":"product_cat","embeddable":true,"href":"https:\/\/www.hml-fetish.de\/shop\/fr\/wp-json\/wp\/v2\/product_cat?post=14043"},{"taxonomy":"product_tag","embeddable":true,"href":"https:\/\/www.hml-fetish.de\/shop\/fr\/wp-json\/wp\/v2\/product_tag?post=14043"}],"curies":[{"name":"wp","href":"https:\/\/api.w.org\/{rel}","templated":true}]}}