{"id":14033,"date":"2022-01-23T22:54:14","date_gmt":"2022-01-23T21:54:14","guid":{"rendered":"https:\/\/www.hml-fetish.de\/shop\/ball-stretcher-electrique\/"},"modified":"2022-01-23T22:54:14","modified_gmt":"2022-01-23T21:54:14","slug":"ball-stretcher-electrique","status":"publish","type":"product","link":"https:\/\/www.hml-fetish.de\/shop\/fr\/ball-stretcher-electrique\/","title":{"rendered":"Ball stretcher electrique"},"content":{"rendered":"<p>Cette manchette testiculaire de 40 mm de large et d&#8217;environ 35 mm de diam\u00e8tre int\u00e9rieur entoure les couilles avec une prise ferme et peut en outre \u00eatre charg\u00e9e \u00e9lectriquement. Vient encore mieux avec un poids accroch\u00e9. Cet appareil n\u00e9cessite pour son alimentation \u00e9lectrique un appareil de stimulation \u00e9lectrique avec une prise jack st\u00e9r\u00e9o de 3,5 mm et un jeu de c\u00e2bles de connexion. Les deux ne sont pas inclus dans le prix!<br \/>\n<BR><a HREF=\"http:\/\/www.toytorture.com\/hml-electro-ballstretcher-2\/\" TARGET=\"nouveau\">Vous trouverez ici un article en anglais qui vaut la peine d&#8217;\u00eatre lu sur notre ballstretcher \u00e9lectrique. Cette revue montre clairement la valeur ajout\u00e9e du &#8220;made in Germany&#8221;. Et maintenant, amusez-vous bien les gars!<\/A><\/p>\n","protected":false},"excerpt":{"rendered":"<h4>Ball stretcher electrique<\/h4>\n<p>Cette manchette testiculaire de 40 mm de large et d&#8217;environ 35 mm de diam\u00e8tre int\u00e9rieur entoure les couilles avec une prise ferme et peut en outre \u00eatre charg\u00e9e \u00e9lectriquement. Vient encore mieux avec un poids accroch\u00e9. Cet appareil n\u00e9cessite pour son alimentation \u00e9lectrique un appareil de stimulation \u00e9lectrique avec une prise jack st\u00e9r\u00e9o de 3,5 mm et un jeu de c\u00e2bles de connexion. Les deux ne sont pas inclus dans le prix!<\/p>\n","protected":false},"featured_media":14017,"comment_status":"open","ping_status":"closed","template":"","meta":[],"product_brand":[],"product_cat":[697,678,714,704],"product_tag":[],"class_list":{"0":"post-14033","1":"product","2":"type-product","3":"status-publish","4":"has-post-thumbnail","6":"product_cat-cbt-fr","7":"product_cat-cock-halter-fr","8":"product_cat-dungeon-fr","9":"product_cat-electro-fr","10":"product_shipping_class-lettre","12":"first","13":"instock","14":"taxable","15":"shipping-taxable","16":"purchasable","17":"product-type-simple"},"_links":{"self":[{"href":"https:\/\/www.hml-fetish.de\/shop\/fr\/wp-json\/wp\/v2\/product\/14033","targetHints":{"allow":["GET"]}}],"collection":[{"href":"https:\/\/www.hml-fetish.de\/shop\/fr\/wp-json\/wp\/v2\/product"}],"about":[{"href":"https:\/\/www.hml-fetish.de\/shop\/fr\/wp-json\/wp\/v2\/types\/product"}],"replies":[{"embeddable":true,"href":"https:\/\/www.hml-fetish.de\/shop\/fr\/wp-json\/wp\/v2\/comments?post=14033"}],"version-history":[{"count":0,"href":"https:\/\/www.hml-fetish.de\/shop\/fr\/wp-json\/wp\/v2\/product\/14033\/revisions"}],"wp:featuredmedia":[{"embeddable":true,"href":"https:\/\/www.hml-fetish.de\/shop\/fr\/wp-json\/wp\/v2\/media\/14017"}],"wp:attachment":[{"href":"https:\/\/www.hml-fetish.de\/shop\/fr\/wp-json\/wp\/v2\/media?parent=14033"}],"wp:term":[{"taxonomy":"product_brand","embeddable":true,"href":"https:\/\/www.hml-fetish.de\/shop\/fr\/wp-json\/wp\/v2\/product_brand?post=14033"},{"taxonomy":"product_cat","embeddable":true,"href":"https:\/\/www.hml-fetish.de\/shop\/fr\/wp-json\/wp\/v2\/product_cat?post=14033"},{"taxonomy":"product_tag","embeddable":true,"href":"https:\/\/www.hml-fetish.de\/shop\/fr\/wp-json\/wp\/v2\/product_tag?post=14033"}],"curies":[{"name":"wp","href":"https:\/\/api.w.org\/{rel}","templated":true}]}}