{"id":13987,"date":"2022-01-23T22:54:15","date_gmt":"2022-01-23T21:54:15","guid":{"rendered":"https:\/\/www.hml-fetish.de\/shop\/cock-strap-farcis-avec-anneau-detachable\/"},"modified":"2022-01-23T22:54:15","modified_gmt":"2022-01-23T21:54:15","slug":"cock-strap-farcis-avec-anneau-detachable","status":"publish","type":"product","link":"https:\/\/www.hml-fetish.de\/shop\/fr\/cock-strap-farcis-avec-anneau-detachable\/","title":{"rendered":"Cock-strap farcis avec anneau detachable"},"content":{"rendered":"<p>Une construction simple mais extr\u00eamement efficace. Un cockstrap en cuir, rempli de sable, qui est vraiment beau et \u00e9pais. L&#8217;anneau est rempla\u00e7able. Le cockstrap est r\u00e9glable par boutons poussoirs et existe en outre en stock en deux tailles diff\u00e9rentes (environ 45 mm et environ 50 mm).<\/p>\n","protected":false},"excerpt":{"rendered":"<h4>Cock-strap farcis avec anneau detachable<\/h4>\n<p>Une construction simple mais extr\u00eamement efficace. Un cockstrap en cuir, rempli de sable, qui est vraiment beau et \u00e9pais. L&#8217;anneau est rempla\u00e7able. Le cockstrap est r\u00e9glable par boutons poussoirs et existe en outre en stock en deux tailles diff\u00e9rentes (environ 45 mm et environ 50 mm).<\/p>\n","protected":false},"featured_media":13977,"comment_status":"open","ping_status":"closed","template":"","meta":[],"product_brand":[],"product_cat":[732,678,674],"product_tag":[4400],"class_list":{"0":"post-13987","1":"product","2":"type-product","3":"status-publish","4":"has-post-thumbnail","6":"product_cat-best-seller","7":"product_cat-cock-halter-fr","8":"product_cat-cock-rings-fr","9":"product_tag-hml-fetish-original-fr","10":"product_shipping_class-lettre","12":"first","13":"instock","14":"taxable","15":"shipping-taxable","16":"purchasable","17":"product-type-variable"},"_links":{"self":[{"href":"https:\/\/www.hml-fetish.de\/shop\/fr\/wp-json\/wp\/v2\/product\/13987","targetHints":{"allow":["GET"]}}],"collection":[{"href":"https:\/\/www.hml-fetish.de\/shop\/fr\/wp-json\/wp\/v2\/product"}],"about":[{"href":"https:\/\/www.hml-fetish.de\/shop\/fr\/wp-json\/wp\/v2\/types\/product"}],"replies":[{"embeddable":true,"href":"https:\/\/www.hml-fetish.de\/shop\/fr\/wp-json\/wp\/v2\/comments?post=13987"}],"version-history":[{"count":0,"href":"https:\/\/www.hml-fetish.de\/shop\/fr\/wp-json\/wp\/v2\/product\/13987\/revisions"}],"wp:featuredmedia":[{"embeddable":true,"href":"https:\/\/www.hml-fetish.de\/shop\/fr\/wp-json\/wp\/v2\/media\/13977"}],"wp:attachment":[{"href":"https:\/\/www.hml-fetish.de\/shop\/fr\/wp-json\/wp\/v2\/media?parent=13987"}],"wp:term":[{"taxonomy":"product_brand","embeddable":true,"href":"https:\/\/www.hml-fetish.de\/shop\/fr\/wp-json\/wp\/v2\/product_brand?post=13987"},{"taxonomy":"product_cat","embeddable":true,"href":"https:\/\/www.hml-fetish.de\/shop\/fr\/wp-json\/wp\/v2\/product_cat?post=13987"},{"taxonomy":"product_tag","embeddable":true,"href":"https:\/\/www.hml-fetish.de\/shop\/fr\/wp-json\/wp\/v2\/product_tag?post=13987"}],"curies":[{"name":"wp","href":"https:\/\/api.w.org\/{rel}","templated":true}]}}