{"id":13957,"date":"2022-01-23T22:54:15","date_gmt":"2022-01-23T21:54:15","guid":{"rendered":"https:\/\/www.hml-fetish.de\/shop\/manchette-a-couilles-en-cuir\/"},"modified":"2022-01-23T22:54:15","modified_gmt":"2022-01-23T21:54:15","slug":"manchette-a-couilles-en-cuir","status":"publish","type":"product","link":"https:\/\/www.hml-fetish.de\/shop\/fr\/manchette-a-couilles-en-cuir\/","title":{"rendered":"Manchette \u00e0 couilles en cuir"},"content":{"rendered":"<p>Une manchette de forme sp\u00e9ciale, courte \u00e0 l&#8217;avant, longue \u00e0 l&#8217;arri\u00e8re avec une boucle (par ex. pour les poids). Cuir de b\u0153uf noir de haute qualit\u00e9. Tu peux facilement r\u00e9gler la largeur de ta manchette \u00e0 \u0153ufs au moyen d&#8217;une fermeture velcro.<\/p>\n","protected":false},"excerpt":{"rendered":"<h4>Manchette \u00e0 couilles en cuir<\/h4>\n<p>Une manchette de forme sp\u00e9ciale, courte \u00e0 l&#8217;avant, longue \u00e0 l&#8217;arri\u00e8re avec une boucle (par ex. pour les poids). Cuir de b\u0153uf noir de haute qualit\u00e9. Tu peux facilement r\u00e9gler la largeur de ta manchette \u00e0 \u0153ufs au moyen d&#8217;une fermeture velcro.<\/p>\n","protected":false},"featured_media":13952,"comment_status":"open","ping_status":"closed","template":"","meta":[],"product_brand":[],"product_cat":[697,678,736],"product_tag":[4400],"class_list":{"0":"post-13957","1":"product","2":"type-product","3":"status-publish","4":"has-post-thumbnail","6":"product_cat-cbt-fr","7":"product_cat-cock-halter-fr","8":"product_cat-nouveau-hml","9":"product_tag-hml-fetish-original-fr","10":"product_shipping_class-lettre","12":"first","13":"instock","14":"taxable","15":"shipping-taxable","16":"purchasable","17":"product-type-simple"},"_links":{"self":[{"href":"https:\/\/www.hml-fetish.de\/shop\/fr\/wp-json\/wp\/v2\/product\/13957","targetHints":{"allow":["GET"]}}],"collection":[{"href":"https:\/\/www.hml-fetish.de\/shop\/fr\/wp-json\/wp\/v2\/product"}],"about":[{"href":"https:\/\/www.hml-fetish.de\/shop\/fr\/wp-json\/wp\/v2\/types\/product"}],"replies":[{"embeddable":true,"href":"https:\/\/www.hml-fetish.de\/shop\/fr\/wp-json\/wp\/v2\/comments?post=13957"}],"version-history":[{"count":0,"href":"https:\/\/www.hml-fetish.de\/shop\/fr\/wp-json\/wp\/v2\/product\/13957\/revisions"}],"wp:featuredmedia":[{"embeddable":true,"href":"https:\/\/www.hml-fetish.de\/shop\/fr\/wp-json\/wp\/v2\/media\/13952"}],"wp:attachment":[{"href":"https:\/\/www.hml-fetish.de\/shop\/fr\/wp-json\/wp\/v2\/media?parent=13957"}],"wp:term":[{"taxonomy":"product_brand","embeddable":true,"href":"https:\/\/www.hml-fetish.de\/shop\/fr\/wp-json\/wp\/v2\/product_brand?post=13957"},{"taxonomy":"product_cat","embeddable":true,"href":"https:\/\/www.hml-fetish.de\/shop\/fr\/wp-json\/wp\/v2\/product_cat?post=13957"},{"taxonomy":"product_tag","embeddable":true,"href":"https:\/\/www.hml-fetish.de\/shop\/fr\/wp-json\/wp\/v2\/product_tag?post=13957"}],"curies":[{"name":"wp","href":"https:\/\/api.w.org\/{rel}","templated":true}]}}