{"id":13949,"date":"2022-01-23T22:54:15","date_gmt":"2022-01-23T21:54:15","guid":{"rendered":"https:\/\/www.hml-fetish.de\/shop\/ball-stretcher-mak\/"},"modified":"2022-09-23T19:22:26","modified_gmt":"2022-09-23T17:22:26","slug":"ball-stretcher-mak","status":"publish","type":"product","link":"https:\/\/www.hml-fetish.de\/shop\/fr\/ball-stretcher-mak\/","title":{"rendered":"Ball-stretcher MAK"},"content":{"rendered":"<p>Une manchette douce et extra large s&#8217;enroule doucement et inexorablement autour de ton sac et le tire tr\u00e8s longuement &#8230; comme la main de ton ma\u00eetre. Cette noble partie est bord\u00e9e et se ferme avec des boutons-pression. Ton ma\u00eetre d\u00e9cide dans quel r\u00e9glage tu dois mettre la manchette en cuir MAK pour travailler. La largeur est de 50 mm \u00e0 70 mm et le diam\u00e8tre int\u00e9rieur peut \u00eatre r\u00e9gl\u00e9 \u00e0 environ 35 mm ou 40 mm.<\/p>\n","protected":false},"excerpt":{"rendered":"<h4>Ball-stretcher MAK<\/h4>\n<p>Une manchette douce et extra large s&#8217;enroule doucement et inexorablement autour de ton sac et le tire tr\u00e8s longuement &#8230; comme la main de ton ma\u00eetre. Cette noble partie est bord\u00e9e et se ferme avec des boutons-pression. Ton ma\u00eetre d\u00e9cide dans quel r\u00e9glage tu dois mettre la manchette en cuir MAK pour travailler. La largeur est de 50 mm \u00e0 70 mm et le diam\u00e8tre int\u00e9rieur peut \u00eatre r\u00e9gl\u00e9 \u00e0 environ 35 mm ou 40 mm.<\/p>\n","protected":false},"featured_media":13935,"comment_status":"open","ping_status":"closed","template":"","meta":[],"product_brand":[],"product_cat":[697,676],"product_tag":[4400],"class_list":{"0":"post-13949","1":"product","2":"type-product","3":"status-publish","4":"has-post-thumbnail","6":"product_cat-cbt-fr","7":"product_cat-cock-straps-fr","8":"product_tag-hml-fetish-original-fr","9":"product_shipping_class-lettre","11":"first","12":"instock","13":"taxable","14":"shipping-taxable","15":"purchasable","16":"product-type-simple"},"_links":{"self":[{"href":"https:\/\/www.hml-fetish.de\/shop\/fr\/wp-json\/wp\/v2\/product\/13949","targetHints":{"allow":["GET"]}}],"collection":[{"href":"https:\/\/www.hml-fetish.de\/shop\/fr\/wp-json\/wp\/v2\/product"}],"about":[{"href":"https:\/\/www.hml-fetish.de\/shop\/fr\/wp-json\/wp\/v2\/types\/product"}],"replies":[{"embeddable":true,"href":"https:\/\/www.hml-fetish.de\/shop\/fr\/wp-json\/wp\/v2\/comments?post=13949"}],"version-history":[{"count":0,"href":"https:\/\/www.hml-fetish.de\/shop\/fr\/wp-json\/wp\/v2\/product\/13949\/revisions"}],"wp:featuredmedia":[{"embeddable":true,"href":"https:\/\/www.hml-fetish.de\/shop\/fr\/wp-json\/wp\/v2\/media\/13935"}],"wp:attachment":[{"href":"https:\/\/www.hml-fetish.de\/shop\/fr\/wp-json\/wp\/v2\/media?parent=13949"}],"wp:term":[{"taxonomy":"product_brand","embeddable":true,"href":"https:\/\/www.hml-fetish.de\/shop\/fr\/wp-json\/wp\/v2\/product_brand?post=13949"},{"taxonomy":"product_cat","embeddable":true,"href":"https:\/\/www.hml-fetish.de\/shop\/fr\/wp-json\/wp\/v2\/product_cat?post=13949"},{"taxonomy":"product_tag","embeddable":true,"href":"https:\/\/www.hml-fetish.de\/shop\/fr\/wp-json\/wp\/v2\/product_tag?post=13949"}],"curies":[{"name":"wp","href":"https:\/\/api.w.org\/{rel}","templated":true}]}}