{"id":13878,"date":"2022-01-23T22:54:16","date_gmt":"2022-01-23T21:54:16","guid":{"rendered":"https:\/\/www.hml-fetish.de\/shop\/cock-strap-farcis\/"},"modified":"2022-09-23T19:19:18","modified_gmt":"2022-09-23T17:19:18","slug":"cock-strap-farcis","status":"publish","type":"product","link":"https:\/\/www.hml-fetish.de\/shop\/fr\/cock-strap-farcis\/","title":{"rendered":"Cock-strap farcis"},"content":{"rendered":"<p>Douce et lourde \u00e0 la fois, ce cockstrap en cuir. D&#8217;une largeur d&#8217;environ 20 mm, travaill\u00e9 en cuir souple et remplis de sable fin. A fermer avec des boutons-pression. Cinq tailles diff\u00e9rentes entre 40 mm et 60 mm en stock.<\/p>\n","protected":false},"excerpt":{"rendered":"<h4>Cock-strap farcis<\/h4>\n<p>Douce et lourde \u00e0 la fois, ce cockstrap en cuir. D&#8217;une largeur d&#8217;environ 20 mm, travaill\u00e9 en cuir souple et remplis de sable fin. A fermer avec des boutons-pression. Cinq tailles diff\u00e9rentes entre 40 mm et 60 mm en stock.<\/p>\n","protected":false},"featured_media":13866,"comment_status":"open","ping_status":"closed","template":"","meta":[],"product_brand":[],"product_cat":[728,732,676,688],"product_tag":[4400],"class_list":{"0":"post-13878","1":"product","2":"type-product","3":"status-publish","4":"has-post-thumbnail","6":"product_cat-adultes","7":"product_cat-best-seller","8":"product_cat-cock-straps-fr","9":"product_cat-matos","10":"product_tag-hml-fetish-original-fr","11":"product_shipping_class-lettre","13":"first","14":"instock","15":"taxable","16":"shipping-taxable","17":"purchasable","18":"product-type-variable"},"_links":{"self":[{"href":"https:\/\/www.hml-fetish.de\/shop\/fr\/wp-json\/wp\/v2\/product\/13878","targetHints":{"allow":["GET"]}}],"collection":[{"href":"https:\/\/www.hml-fetish.de\/shop\/fr\/wp-json\/wp\/v2\/product"}],"about":[{"href":"https:\/\/www.hml-fetish.de\/shop\/fr\/wp-json\/wp\/v2\/types\/product"}],"replies":[{"embeddable":true,"href":"https:\/\/www.hml-fetish.de\/shop\/fr\/wp-json\/wp\/v2\/comments?post=13878"}],"version-history":[{"count":0,"href":"https:\/\/www.hml-fetish.de\/shop\/fr\/wp-json\/wp\/v2\/product\/13878\/revisions"}],"wp:featuredmedia":[{"embeddable":true,"href":"https:\/\/www.hml-fetish.de\/shop\/fr\/wp-json\/wp\/v2\/media\/13866"}],"wp:attachment":[{"href":"https:\/\/www.hml-fetish.de\/shop\/fr\/wp-json\/wp\/v2\/media?parent=13878"}],"wp:term":[{"taxonomy":"product_brand","embeddable":true,"href":"https:\/\/www.hml-fetish.de\/shop\/fr\/wp-json\/wp\/v2\/product_brand?post=13878"},{"taxonomy":"product_cat","embeddable":true,"href":"https:\/\/www.hml-fetish.de\/shop\/fr\/wp-json\/wp\/v2\/product_cat?post=13878"},{"taxonomy":"product_tag","embeddable":true,"href":"https:\/\/www.hml-fetish.de\/shop\/fr\/wp-json\/wp\/v2\/product_tag?post=13878"}],"curies":[{"name":"wp","href":"https:\/\/api.w.org\/{rel}","templated":true}]}}