{"id":13861,"date":"2022-01-23T22:54:17","date_gmt":"2022-01-23T21:54:17","guid":{"rendered":"https:\/\/www.hml-fetish.de\/shop\/cock-strap-farcis-double\/"},"modified":"2022-01-23T22:54:17","modified_gmt":"2022-01-23T21:54:17","slug":"cock-strap-farcis-double","status":"publish","type":"product","link":"https:\/\/www.hml-fetish.de\/shop\/fr\/cock-strap-farcis-double\/","title":{"rendered":"Cock-strap farcis double"},"content":{"rendered":"<p>Ein Doppel-Cockband mit F\u00fcllung. Zwei prall mit Sand gef\u00fcllte Ledergurte, etwa 20 mm breit, aus weichem Leder, passen sich soft an deine Anatomie an. Mit Druckkn\u00f6pfen ist die Gr\u00f6\u00dfe einstellbar. Der kleinere Gurt etwa zwischen 30 mm und 40 mm Innen-Durchmesser. Den gr\u00f6\u00dferen Gurt gibt es in 45 mm und 50 mm &#8211; jeweils noch verstellbar.<\/p>\n","protected":false},"excerpt":{"rendered":"<h4>Cock-strap farcis double<\/h4>\n<p>Ein Leder Doppel-Cockband mit F\u00fcllung. Zwei prall mit Sand gef\u00fcllte Ledergurte, etwa 20 mm breit, aus weichem Leder, passen sich soft an deine Anatomie an. Mit Druckkn\u00f6pfen ist die Gr\u00f6\u00dfe einstellbar. Der kleinere Gurt etwa zwischen 30 mm und 40 mm Innen-Durchmesser. Den gr\u00f6\u00dferen Gurt gibt es in 45 mm und 50 mm &#8211; jeweils noch verstellbar.<\/p>\n","protected":false},"featured_media":13852,"comment_status":"open","ping_status":"closed","template":"","meta":[],"product_brand":[],"product_cat":[678,697,736],"product_tag":[4400],"class_list":{"0":"post-13861","1":"product","2":"type-product","3":"status-publish","4":"has-post-thumbnail","6":"product_cat-cock-halter-fr","7":"product_cat-cbt-fr","8":"product_cat-nouveau-hml","9":"product_tag-hml-fetish-original-fr","10":"product_shipping_class-lettre","12":"first","13":"instock","14":"taxable","15":"shipping-taxable","16":"purchasable","17":"product-type-variable"},"_links":{"self":[{"href":"https:\/\/www.hml-fetish.de\/shop\/fr\/wp-json\/wp\/v2\/product\/13861","targetHints":{"allow":["GET"]}}],"collection":[{"href":"https:\/\/www.hml-fetish.de\/shop\/fr\/wp-json\/wp\/v2\/product"}],"about":[{"href":"https:\/\/www.hml-fetish.de\/shop\/fr\/wp-json\/wp\/v2\/types\/product"}],"replies":[{"embeddable":true,"href":"https:\/\/www.hml-fetish.de\/shop\/fr\/wp-json\/wp\/v2\/comments?post=13861"}],"version-history":[{"count":0,"href":"https:\/\/www.hml-fetish.de\/shop\/fr\/wp-json\/wp\/v2\/product\/13861\/revisions"}],"wp:featuredmedia":[{"embeddable":true,"href":"https:\/\/www.hml-fetish.de\/shop\/fr\/wp-json\/wp\/v2\/media\/13852"}],"wp:attachment":[{"href":"https:\/\/www.hml-fetish.de\/shop\/fr\/wp-json\/wp\/v2\/media?parent=13861"}],"wp:term":[{"taxonomy":"product_brand","embeddable":true,"href":"https:\/\/www.hml-fetish.de\/shop\/fr\/wp-json\/wp\/v2\/product_brand?post=13861"},{"taxonomy":"product_cat","embeddable":true,"href":"https:\/\/www.hml-fetish.de\/shop\/fr\/wp-json\/wp\/v2\/product_cat?post=13861"},{"taxonomy":"product_tag","embeddable":true,"href":"https:\/\/www.hml-fetish.de\/shop\/fr\/wp-json\/wp\/v2\/product_tag?post=13861"}],"curies":[{"name":"wp","href":"https:\/\/api.w.org\/{rel}","templated":true}]}}