{"id":13809,"date":"2022-01-23T22:54:27","date_gmt":"2022-01-23T21:54:27","guid":{"rendered":"https:\/\/www.hml-fetish.de\/shop\/lacets\/"},"modified":"2023-02-24T14:39:16","modified_gmt":"2023-02-24T13:39:16","slug":"lacets","status":"publish","type":"product","link":"https:\/\/www.hml-fetish.de\/shop\/fr\/lacets\/","title":{"rendered":"Lacets"},"content":{"rendered":"<p>Lacets ronds et stables dans toutes les longueurs pour les chaussures basses jusqu&#8217;aux v\u00e9ritables bottes \u00e0 30 trous qui montent jusqu&#8217;aux genoux. En cinq couleurs diff\u00e9rentes : noir, bleu, blanc, jaune et rouge et en cinq longueurs diff\u00e9rentes : 70 cm, 140 cm, 210 cm, 240 cm et 350 cm.<BR><img decoding=\"async\" src=\"\/GIF\/sizefr_ST5.gif\" alt=\"tableau de taille\" title=\"tableau de taille\" border=\"0\" height=\"197\" width=\"122\"><br \/>\n<BR><IMG SRC=\"\/GIF\/Senkel-20-Loch-340.gif\" WIDTH=\"340\" HEIGHT=\"272\" BORDER=\"1\" ALT=\"lacets en cinq coloris diff\u00e9rents!\" TITLE=\"lacets en cinq coloris diff\u00e9rents!\"><\/P><\/p>\n","protected":false},"excerpt":{"rendered":"<h4>Lacets<\/h4>\n<p>Lacets ronds et stables dans toutes les longueurs pour les chaussures basses jusqu&#8217;aux v\u00e9ritables bottes \u00e0 30 trous qui montent jusqu&#8217;aux genoux. En cinq couleurs diff\u00e9rentes : noir, bleu, blanc, jaune et rouge et en cinq longueurs diff\u00e9rentes : 70 cm, 140 cm, 210 cm, 240 cm et 350 cm.<\/p>\n","protected":false},"featured_media":13733,"comment_status":"open","ping_status":"closed","template":"","meta":[],"product_brand":[],"product_cat":[732,592,631,720,721],"product_tag":[],"class_list":{"0":"post-13809","1":"product","2":"type-product","3":"status-publish","4":"has-post-thumbnail","6":"product_cat-best-seller","7":"product_cat-bottes","8":"product_cat-bottes-caps-army","9":"product_cat-code-hanky","10":"product_cat-gay-pride-fr","11":"product_shipping_class-lettre","13":"first","14":"instock","15":"taxable","16":"shipping-taxable","17":"purchasable","18":"product-type-variable"},"_links":{"self":[{"href":"https:\/\/www.hml-fetish.de\/shop\/fr\/wp-json\/wp\/v2\/product\/13809","targetHints":{"allow":["GET"]}}],"collection":[{"href":"https:\/\/www.hml-fetish.de\/shop\/fr\/wp-json\/wp\/v2\/product"}],"about":[{"href":"https:\/\/www.hml-fetish.de\/shop\/fr\/wp-json\/wp\/v2\/types\/product"}],"replies":[{"embeddable":true,"href":"https:\/\/www.hml-fetish.de\/shop\/fr\/wp-json\/wp\/v2\/comments?post=13809"}],"version-history":[{"count":0,"href":"https:\/\/www.hml-fetish.de\/shop\/fr\/wp-json\/wp\/v2\/product\/13809\/revisions"}],"wp:featuredmedia":[{"embeddable":true,"href":"https:\/\/www.hml-fetish.de\/shop\/fr\/wp-json\/wp\/v2\/media\/13733"}],"wp:attachment":[{"href":"https:\/\/www.hml-fetish.de\/shop\/fr\/wp-json\/wp\/v2\/media?parent=13809"}],"wp:term":[{"taxonomy":"product_brand","embeddable":true,"href":"https:\/\/www.hml-fetish.de\/shop\/fr\/wp-json\/wp\/v2\/product_brand?post=13809"},{"taxonomy":"product_cat","embeddable":true,"href":"https:\/\/www.hml-fetish.de\/shop\/fr\/wp-json\/wp\/v2\/product_cat?post=13809"},{"taxonomy":"product_tag","embeddable":true,"href":"https:\/\/www.hml-fetish.de\/shop\/fr\/wp-json\/wp\/v2\/product_tag?post=13809"}],"curies":[{"name":"wp","href":"https:\/\/api.w.org\/{rel}","templated":true}]}}