{"id":13726,"date":"2022-01-23T22:54:27","date_gmt":"2022-01-23T21:54:27","guid":{"rendered":"https:\/\/www.hml-fetish.de\/shop\/corde-de-bondage-en-coton-noir\/"},"modified":"2023-08-09T13:30:12","modified_gmt":"2023-08-09T11:30:12","slug":"corde-de-bondage-en-coton-noir","status":"publish","type":"product","link":"https:\/\/www.hml-fetish.de\/shop\/fr\/corde-de-bondage-en-coton-noir\/","title":{"rendered":"Corde de bondage en coton noir"},"content":{"rendered":"<p>Cordes de fabrication artisanale avec un diam\u00e8tre de 10 mm. Pr\u00eates \u00e0 l&#8217;emploi aux bouts scell\u00e9s et de longueur de 2,50 m\u00e8tres. Cordel\u00e9es de mani\u00e8re artisanale en pur cotton. Noir. Nous conseillons de laver les cordes \u00e0 60\u00b0C avant le premier emploi.<\/p>\n","protected":false},"excerpt":{"rendered":"<h4>Corde de bondage en coton noir<\/h4>\n<p>Cordes de fabrication artisanale avec un diam\u00e8tre de 10 mm. Pr\u00eates \u00e0 l&#8217;emploi aux bouts scell\u00e9s et de longueur de 2,50 m\u00e8tres. Cordel\u00e9es de mani\u00e8re artisanale en pur cotton. Noir. Nous conseillons de laver les cordes \u00e0 60\u00b0C avant le premier emploi.<\/p>\n","protected":false},"featured_media":13715,"comment_status":"open","ping_status":"closed","template":"","meta":[],"product_brand":[],"product_cat":[690,714,734],"product_tag":[],"class_list":{"0":"post-13726","1":"product","2":"type-product","3":"status-publish","4":"has-post-thumbnail","6":"product_cat-bondage-fr","7":"product_cat-dungeon-fr","8":"product_cat-promotion","9":"product_shipping_class-colis-fr","11":"first","12":"instock","13":"sale","14":"taxable","15":"shipping-taxable","16":"purchasable","17":"product-type-simple"},"_links":{"self":[{"href":"https:\/\/www.hml-fetish.de\/shop\/fr\/wp-json\/wp\/v2\/product\/13726","targetHints":{"allow":["GET"]}}],"collection":[{"href":"https:\/\/www.hml-fetish.de\/shop\/fr\/wp-json\/wp\/v2\/product"}],"about":[{"href":"https:\/\/www.hml-fetish.de\/shop\/fr\/wp-json\/wp\/v2\/types\/product"}],"replies":[{"embeddable":true,"href":"https:\/\/www.hml-fetish.de\/shop\/fr\/wp-json\/wp\/v2\/comments?post=13726"}],"version-history":[{"count":0,"href":"https:\/\/www.hml-fetish.de\/shop\/fr\/wp-json\/wp\/v2\/product\/13726\/revisions"}],"wp:featuredmedia":[{"embeddable":true,"href":"https:\/\/www.hml-fetish.de\/shop\/fr\/wp-json\/wp\/v2\/media\/13715"}],"wp:attachment":[{"href":"https:\/\/www.hml-fetish.de\/shop\/fr\/wp-json\/wp\/v2\/media?parent=13726"}],"wp:term":[{"taxonomy":"product_brand","embeddable":true,"href":"https:\/\/www.hml-fetish.de\/shop\/fr\/wp-json\/wp\/v2\/product_brand?post=13726"},{"taxonomy":"product_cat","embeddable":true,"href":"https:\/\/www.hml-fetish.de\/shop\/fr\/wp-json\/wp\/v2\/product_cat?post=13726"},{"taxonomy":"product_tag","embeddable":true,"href":"https:\/\/www.hml-fetish.de\/shop\/fr\/wp-json\/wp\/v2\/product_tag?post=13726"}],"curies":[{"name":"wp","href":"https:\/\/api.w.org\/{rel}","templated":true}]}}