{"id":13692,"date":"2022-01-23T22:54:27","date_gmt":"2022-01-23T21:54:27","guid":{"rendered":"https:\/\/www.hml-fetish.de\/shop\/corde-de-nylon\/"},"modified":"2022-01-23T22:54:27","modified_gmt":"2022-01-23T21:54:27","slug":"corde-de-nylon","status":"publish","type":"product","link":"https:\/\/www.hml-fetish.de\/shop\/fr\/corde-de-nylon\/","title":{"rendered":"Corde de nylon"},"content":{"rendered":"<p>L&#8217;alternative \u00e9conomique aux cordes en cotton! Diam\u00e8tre de 9 mm. Cordel\u00e9e et extr\u00eamement durable. Corde de 15 m, couleur olive ou noire. Les cordes cordel\u00e9es sont pr\u00e9f\u00e9rables aux cordes torsad\u00e9s de chez Mr. Bricolage puisqu&#8217;elles sont plus douces, plus confortables et les noeds tiennent bien mieux. Eviter les mouvements secs sur la peau nue : risque de br\u00fblures.<br \/>\n<BR>Prix de base 0,66 Euro \/ m\u00e8tre<\/p>\n","protected":false},"excerpt":{"rendered":"<h4>Corde de nylon<\/h4>\n<p>L&#8217;alternative \u00e9conomique aux cordes en cotton! Diam\u00e8tre de 9 mm. Cordel\u00e9e et extr\u00eamement durable. Corde de 15 m, couleur olive ou noire. Les cordes cordel\u00e9es sont pr\u00e9f\u00e9rables aux cordes torsad\u00e9s de chez Mr. Bricolage puisqu&#8217;elles sont plus douces, plus confortables et les noeds tiennent bien mieux. Eviter les mouvements secs sur la peau nue : risque de br\u00fblures.<\/p>\n","protected":false},"featured_media":13673,"comment_status":"open","ping_status":"closed","template":"","meta":[],"product_brand":[],"product_cat":[634,732,690],"product_tag":[],"class_list":{"0":"post-13692","1":"product","2":"type-product","3":"status-publish","4":"has-post-thumbnail","6":"product_cat-accessoires-army","7":"product_cat-best-seller","8":"product_cat-bondage-fr","9":"product_shipping_class-colis-fr","11":"first","12":"instock","13":"taxable","14":"shipping-taxable","15":"purchasable","16":"product-type-variable"},"_links":{"self":[{"href":"https:\/\/www.hml-fetish.de\/shop\/fr\/wp-json\/wp\/v2\/product\/13692","targetHints":{"allow":["GET"]}}],"collection":[{"href":"https:\/\/www.hml-fetish.de\/shop\/fr\/wp-json\/wp\/v2\/product"}],"about":[{"href":"https:\/\/www.hml-fetish.de\/shop\/fr\/wp-json\/wp\/v2\/types\/product"}],"replies":[{"embeddable":true,"href":"https:\/\/www.hml-fetish.de\/shop\/fr\/wp-json\/wp\/v2\/comments?post=13692"}],"version-history":[{"count":0,"href":"https:\/\/www.hml-fetish.de\/shop\/fr\/wp-json\/wp\/v2\/product\/13692\/revisions"}],"wp:featuredmedia":[{"embeddable":true,"href":"https:\/\/www.hml-fetish.de\/shop\/fr\/wp-json\/wp\/v2\/media\/13673"}],"wp:attachment":[{"href":"https:\/\/www.hml-fetish.de\/shop\/fr\/wp-json\/wp\/v2\/media?parent=13692"}],"wp:term":[{"taxonomy":"product_brand","embeddable":true,"href":"https:\/\/www.hml-fetish.de\/shop\/fr\/wp-json\/wp\/v2\/product_brand?post=13692"},{"taxonomy":"product_cat","embeddable":true,"href":"https:\/\/www.hml-fetish.de\/shop\/fr\/wp-json\/wp\/v2\/product_cat?post=13692"},{"taxonomy":"product_tag","embeddable":true,"href":"https:\/\/www.hml-fetish.de\/shop\/fr\/wp-json\/wp\/v2\/product_tag?post=13692"}],"curies":[{"name":"wp","href":"https:\/\/api.w.org\/{rel}","templated":true}]}}