{"id":13655,"date":"2022-01-23T22:54:28","date_gmt":"2022-01-23T21:54:28","guid":{"rendered":"https:\/\/www.hml-fetish.de\/shop\/casque-en-acier-noir-ww2\/"},"modified":"2022-01-23T22:54:28","modified_gmt":"2022-01-23T21:54:28","slug":"casque-en-acier-noir-ww2","status":"publish","type":"product","link":"https:\/\/www.hml-fetish.de\/shop\/fr\/casque-en-acier-noir-ww2\/","title":{"rendered":"Casque en acier noir WW2"},"content":{"rendered":"<p>Une r\u00e9plique assez fid\u00e8le d&#8217;un casque en acier de la Wehrmacht. Il est peint en noir et poss\u00e8de une doublure int\u00e9rieure en cuir. Il est muni d&#8217;une jugulaire et sa taille est r\u00e9glable. Pour les membres de <a href=\"http:\/\/www.bluf.com\/\" target=\"nouveau\" rel=\"noopener\">BLUF<\/a> et les vrais collectionneurs. Ce casque n&#8217;est pas pour les mauviettes, car il p\u00e8se plus de 3 livres!<\/p>\n<p>Il s&#8217;agit d&#8217;un article de d\u00e9coration sans fonction de protection!<\/p>\n","protected":false},"excerpt":{"rendered":"<h4>Casque en acier noir WW2<\/h4>\n<p>Une r\u00e9plique assez fid\u00e8le d&#8217;un casque en acier de la Wehrmacht. Il est peint en noir et poss\u00e8de une doublure int\u00e9rieure en cuir. Il est muni d&#8217;une jugulaire et sa taille est r\u00e9glable. Pour les membres de <a href=\"http:\/\/www.bluf.com\/\" target=\"nouveau\" rel=\"noopener\">BLUF<\/a> et les vrais collectionneurs. Ce casque n&#8217;est pas pour les mauviettes, car il p\u00e8se plus de 3 livres!<\/p>\n","protected":false},"featured_media":37790,"comment_status":"open","ping_status":"closed","template":"","meta":[],"product_brand":[],"product_cat":[631,714],"product_tag":[3295],"class_list":{"0":"post-13655","1":"product","2":"type-product","3":"status-publish","4":"has-post-thumbnail","6":"product_cat-bottes-caps-army","7":"product_cat-dungeon-fr","8":"product_tag-fetiche-bluf","9":"product_shipping_class-colis-fr","11":"first","12":"instock","13":"taxable","14":"shipping-taxable","15":"purchasable","16":"product-type-simple"},"_links":{"self":[{"href":"https:\/\/www.hml-fetish.de\/shop\/fr\/wp-json\/wp\/v2\/product\/13655","targetHints":{"allow":["GET"]}}],"collection":[{"href":"https:\/\/www.hml-fetish.de\/shop\/fr\/wp-json\/wp\/v2\/product"}],"about":[{"href":"https:\/\/www.hml-fetish.de\/shop\/fr\/wp-json\/wp\/v2\/types\/product"}],"replies":[{"embeddable":true,"href":"https:\/\/www.hml-fetish.de\/shop\/fr\/wp-json\/wp\/v2\/comments?post=13655"}],"version-history":[{"count":0,"href":"https:\/\/www.hml-fetish.de\/shop\/fr\/wp-json\/wp\/v2\/product\/13655\/revisions"}],"wp:featuredmedia":[{"embeddable":true,"href":"https:\/\/www.hml-fetish.de\/shop\/fr\/wp-json\/wp\/v2\/media\/37790"}],"wp:attachment":[{"href":"https:\/\/www.hml-fetish.de\/shop\/fr\/wp-json\/wp\/v2\/media?parent=13655"}],"wp:term":[{"taxonomy":"product_brand","embeddable":true,"href":"https:\/\/www.hml-fetish.de\/shop\/fr\/wp-json\/wp\/v2\/product_brand?post=13655"},{"taxonomy":"product_cat","embeddable":true,"href":"https:\/\/www.hml-fetish.de\/shop\/fr\/wp-json\/wp\/v2\/product_cat?post=13655"},{"taxonomy":"product_tag","embeddable":true,"href":"https:\/\/www.hml-fetish.de\/shop\/fr\/wp-json\/wp\/v2\/product_tag?post=13655"}],"curies":[{"name":"wp","href":"https:\/\/api.w.org\/{rel}","templated":true}]}}