{"id":13622,"date":"2022-01-23T22:54:28","date_gmt":"2022-01-23T21:54:28","guid":{"rendered":"https:\/\/www.hml-fetish.de\/shop\/chaine-des-bottes-en-cuir\/"},"modified":"2022-01-23T22:54:28","modified_gmt":"2022-01-23T21:54:28","slug":"chaine-des-bottes-en-cuir","status":"publish","type":"product","link":"https:\/\/www.hml-fetish.de\/shop\/fr\/chaine-des-bottes-en-cuir\/","title":{"rendered":"Cha\u00eene des bottes en cuir"},"content":{"rendered":"<p>Pendant longtemps, il a \u00e9t\u00e9 difficile de les obtenir. Maintenant, ils sont de retour: des cha\u00eenes de bottes! Nous fabriquons notre version dans notre propre atelier sur place. Prix par paire (une cha\u00eene droite et une cha\u00eene gauche).<\/p>\n","protected":false},"excerpt":{"rendered":"<h4>Cha\u00eene des bottes en cuir<\/h4>\n<p>Pendant longtemps, il a \u00e9t\u00e9 difficile de les obtenir. Maintenant, ils sont de retour: des cha\u00eenes de bottes! Nous fabriquons notre version dans notre propre atelier sur place. Prix par paire (une cha\u00eene droite et une cha\u00eene gauche).<\/p>\n","protected":false},"featured_media":13614,"comment_status":"open","ping_status":"closed","template":"","meta":[],"product_brand":[],"product_cat":[606,592,736],"product_tag":[4400],"class_list":{"0":"post-13622","1":"product","2":"type-product","3":"status-publish","4":"has-post-thumbnail","6":"product_cat-accessoires-fr-2-fr","7":"product_cat-bottes","8":"product_cat-nouveau-hml","9":"product_tag-hml-fetish-original-fr","10":"product_shipping_class-lettre","12":"first","13":"instock","14":"taxable","15":"shipping-taxable","16":"purchasable","17":"product-type-simple"},"_links":{"self":[{"href":"https:\/\/www.hml-fetish.de\/shop\/fr\/wp-json\/wp\/v2\/product\/13622","targetHints":{"allow":["GET"]}}],"collection":[{"href":"https:\/\/www.hml-fetish.de\/shop\/fr\/wp-json\/wp\/v2\/product"}],"about":[{"href":"https:\/\/www.hml-fetish.de\/shop\/fr\/wp-json\/wp\/v2\/types\/product"}],"replies":[{"embeddable":true,"href":"https:\/\/www.hml-fetish.de\/shop\/fr\/wp-json\/wp\/v2\/comments?post=13622"}],"version-history":[{"count":0,"href":"https:\/\/www.hml-fetish.de\/shop\/fr\/wp-json\/wp\/v2\/product\/13622\/revisions"}],"wp:featuredmedia":[{"embeddable":true,"href":"https:\/\/www.hml-fetish.de\/shop\/fr\/wp-json\/wp\/v2\/media\/13614"}],"wp:attachment":[{"href":"https:\/\/www.hml-fetish.de\/shop\/fr\/wp-json\/wp\/v2\/media?parent=13622"}],"wp:term":[{"taxonomy":"product_brand","embeddable":true,"href":"https:\/\/www.hml-fetish.de\/shop\/fr\/wp-json\/wp\/v2\/product_brand?post=13622"},{"taxonomy":"product_cat","embeddable":true,"href":"https:\/\/www.hml-fetish.de\/shop\/fr\/wp-json\/wp\/v2\/product_cat?post=13622"},{"taxonomy":"product_tag","embeddable":true,"href":"https:\/\/www.hml-fetish.de\/shop\/fr\/wp-json\/wp\/v2\/product_tag?post=13622"}],"curies":[{"name":"wp","href":"https:\/\/api.w.org\/{rel}","templated":true}]}}