{"id":13550,"date":"2022-01-23T22:52:48","date_gmt":"2022-01-23T21:52:48","guid":{"rendered":"https:\/\/www.hml-fetish.de\/shop\/attache-cuisses-en-cuir\/"},"modified":"2022-01-23T22:52:48","modified_gmt":"2022-01-23T21:52:48","slug":"attache-cuisses-en-cuir","status":"publish","type":"product","link":"https:\/\/www.hml-fetish.de\/shop\/fr\/attache-cuisses-en-cuir\/","title":{"rendered":"Attache-cuisses en cuir"},"content":{"rendered":"<p>Une sangle stable de 40 mm de large doubl\u00e9e d&#8217;une sangle de 75 mm dans laquelle sont int\u00e9gr\u00e9es des boucles en acier : Tr\u00e8s stable et r\u00e9sistante. Livr\u00e9e en paire avec double mousqueton. Particuli\u00e8rement pratique pour les d\u00e9placements : un ensemble de menottes pour les cuisses et une sangle qui les relie entre elles par la nuque. Cette &#8220;\u00e9charpe de marin&#8221; convient \u00e9galement tr\u00e8s bien pour les exercices de self-suck !<\/p>\n","protected":false},"excerpt":{"rendered":"<h4>Attache-cuisses en cuir<\/h4>\n<p>Une sangle stable de 40 mm de large doubl\u00e9e d&#8217;une sangle de 75 mm dans laquelle sont int\u00e9gr\u00e9es des boucles en acier : Tr\u00e8s stable et r\u00e9sistante. Livr\u00e9e en paire avec double mousqueton. Particuli\u00e8rement pratique pour les d\u00e9placements : un ensemble de menottes pour les cuisses et une sangle qui les relie entre elles par la nuque. Cette &#8220;\u00e9charpe de marin&#8221; convient \u00e9galement tr\u00e8s bien pour les exercices de self-suck !<\/p>\n","protected":false},"featured_media":13542,"comment_status":"open","ping_status":"closed","template":"","meta":[],"product_brand":[],"product_cat":[599,690,714],"product_tag":[4400],"class_list":{"0":"post-13550","1":"product","2":"type-product","3":"status-publish","4":"has-post-thumbnail","6":"product_cat-attaches-en-cuir","7":"product_cat-bondage-fr","8":"product_cat-dungeon-fr","9":"product_tag-hml-fetish-original-fr","10":"product_shipping_class-colis-fr","12":"first","13":"instock","14":"taxable","15":"shipping-taxable","16":"purchasable","17":"product-type-simple"},"_links":{"self":[{"href":"https:\/\/www.hml-fetish.de\/shop\/fr\/wp-json\/wp\/v2\/product\/13550","targetHints":{"allow":["GET"]}}],"collection":[{"href":"https:\/\/www.hml-fetish.de\/shop\/fr\/wp-json\/wp\/v2\/product"}],"about":[{"href":"https:\/\/www.hml-fetish.de\/shop\/fr\/wp-json\/wp\/v2\/types\/product"}],"replies":[{"embeddable":true,"href":"https:\/\/www.hml-fetish.de\/shop\/fr\/wp-json\/wp\/v2\/comments?post=13550"}],"version-history":[{"count":0,"href":"https:\/\/www.hml-fetish.de\/shop\/fr\/wp-json\/wp\/v2\/product\/13550\/revisions"}],"wp:featuredmedia":[{"embeddable":true,"href":"https:\/\/www.hml-fetish.de\/shop\/fr\/wp-json\/wp\/v2\/media\/13542"}],"wp:attachment":[{"href":"https:\/\/www.hml-fetish.de\/shop\/fr\/wp-json\/wp\/v2\/media?parent=13550"}],"wp:term":[{"taxonomy":"product_brand","embeddable":true,"href":"https:\/\/www.hml-fetish.de\/shop\/fr\/wp-json\/wp\/v2\/product_brand?post=13550"},{"taxonomy":"product_cat","embeddable":true,"href":"https:\/\/www.hml-fetish.de\/shop\/fr\/wp-json\/wp\/v2\/product_cat?post=13550"},{"taxonomy":"product_tag","embeddable":true,"href":"https:\/\/www.hml-fetish.de\/shop\/fr\/wp-json\/wp\/v2\/product_tag?post=13550"}],"curies":[{"name":"wp","href":"https:\/\/api.w.org\/{rel}","templated":true}]}}