{"id":13539,"date":"2022-01-23T22:54:29","date_gmt":"2022-01-23T21:54:29","guid":{"rendered":"https:\/\/www.hml-fetish.de\/shop\/sangle-de-nuque-en-cuir\/"},"modified":"2022-01-23T22:54:29","modified_gmt":"2022-01-23T21:54:29","slug":"sangle-de-nuque-en-cuir","status":"publish","type":"product","link":"https:\/\/www.hml-fetish.de\/shop\/fr\/sangle-de-nuque-en-cuir\/","title":{"rendered":"Sangle de nuque en cuir"},"content":{"rendered":"<p>Voici la ceinture qui transforme tes attaches de cuisses ou les boucles de jambes de ton sling en un &#8220;sling de marin&#8221;. La ceinture est tr\u00e8s r\u00e9sistante et poss\u00e8de un pad extra large pour maintenir ta t\u00eate de mani\u00e8re optimale dans la nuque. Elle est r\u00e9glable en longueur \u00e0 l&#8217;aide d&#8217;une boucle et trouvera sa place dans ton prochain bagage.<\/p>\n","protected":false},"excerpt":{"rendered":"<h4>Sangle de nuque en cuir<\/h4>\n<p>Voici la ceinture qui transforme tes attaches de cuisses ou les boucles de jambes de ton sling en un &#8220;sling de marin&#8221;. La ceinture est tr\u00e8s r\u00e9sistante et poss\u00e8de un pad extra large pour maintenir ta t\u00eate de mani\u00e8re optimale dans la nuque. Elle est r\u00e9glable en longueur \u00e0 l&#8217;aide d&#8217;une boucle et trouvera sa place dans ton prochain bagage.<\/p>\n","protected":false},"featured_media":13522,"comment_status":"open","ping_status":"closed","template":"","meta":[],"product_brand":[],"product_cat":[690,601,714],"product_tag":[],"class_list":{"0":"post-13539","1":"product","2":"type-product","3":"status-publish","4":"has-post-thumbnail","6":"product_cat-bondage-fr","7":"product_cat-ceintures-straps-fr","8":"product_cat-dungeon-fr","9":"product_shipping_class-colis-fr","11":"first","12":"instock","13":"taxable","14":"shipping-taxable","15":"purchasable","16":"product-type-simple"},"_links":{"self":[{"href":"https:\/\/www.hml-fetish.de\/shop\/fr\/wp-json\/wp\/v2\/product\/13539","targetHints":{"allow":["GET"]}}],"collection":[{"href":"https:\/\/www.hml-fetish.de\/shop\/fr\/wp-json\/wp\/v2\/product"}],"about":[{"href":"https:\/\/www.hml-fetish.de\/shop\/fr\/wp-json\/wp\/v2\/types\/product"}],"replies":[{"embeddable":true,"href":"https:\/\/www.hml-fetish.de\/shop\/fr\/wp-json\/wp\/v2\/comments?post=13539"}],"version-history":[{"count":0,"href":"https:\/\/www.hml-fetish.de\/shop\/fr\/wp-json\/wp\/v2\/product\/13539\/revisions"}],"wp:featuredmedia":[{"embeddable":true,"href":"https:\/\/www.hml-fetish.de\/shop\/fr\/wp-json\/wp\/v2\/media\/13522"}],"wp:attachment":[{"href":"https:\/\/www.hml-fetish.de\/shop\/fr\/wp-json\/wp\/v2\/media?parent=13539"}],"wp:term":[{"taxonomy":"product_brand","embeddable":true,"href":"https:\/\/www.hml-fetish.de\/shop\/fr\/wp-json\/wp\/v2\/product_brand?post=13539"},{"taxonomy":"product_cat","embeddable":true,"href":"https:\/\/www.hml-fetish.de\/shop\/fr\/wp-json\/wp\/v2\/product_cat?post=13539"},{"taxonomy":"product_tag","embeddable":true,"href":"https:\/\/www.hml-fetish.de\/shop\/fr\/wp-json\/wp\/v2\/product_tag?post=13539"}],"curies":[{"name":"wp","href":"https:\/\/api.w.org\/{rel}","templated":true}]}}