{"id":13516,"date":"2022-01-23T22:54:30","date_gmt":"2022-01-23T21:54:30","guid":{"rendered":"https:\/\/www.hml-fetish.de\/shop\/sling-de-voyage\/"},"modified":"2022-01-23T22:54:30","modified_gmt":"2022-01-23T21:54:30","slug":"sling-de-voyage","status":"publish","type":"product","link":"https:\/\/www.hml-fetish.de\/shop\/fr\/sling-de-voyage\/","title":{"rendered":"sling de voyage"},"content":{"rendered":"<p>A emporter dans les bagages et les bagages \u00e0 main. Des boucles pour les cuisses, reli\u00e9es entre elles par la nuque, favorisent une posture correcte. Sangles en coton grossier r\u00e9glables et supports rembourr\u00e9s pour une utilisation robuste. En couleur camouflage woodland et en noir.<\/p>\n","protected":false},"excerpt":{"rendered":"<h4>sling de voyage<\/h4>\n<p>A emporter dans les bagages et les bagages \u00e0 main. Des boucles pour les cuisses, reli\u00e9es entre elles par la nuque, favorisent une posture correcte. Sangles en coton grossier r\u00e9glables et supports rembourr\u00e9s pour une utilisation robuste. En couleur camouflage woodland et en noir.<\/p>\n","protected":false},"featured_media":13498,"comment_status":"open","ping_status":"closed","template":"","meta":[],"product_brand":[],"product_cat":[634,690,714,740],"product_tag":[],"class_list":{"0":"post-13516","1":"product","2":"type-product","3":"status-publish","4":"has-post-thumbnail","6":"product_cat-accessoires-army","7":"product_cat-bondage-fr","8":"product_cat-dungeon-fr","9":"product_cat-puces-en-ligne","10":"product_shipping_class-colis-fr","12":"first","13":"instock","14":"taxable","15":"shipping-taxable","16":"purchasable","17":"product-type-variable"},"_links":{"self":[{"href":"https:\/\/www.hml-fetish.de\/shop\/fr\/wp-json\/wp\/v2\/product\/13516","targetHints":{"allow":["GET"]}}],"collection":[{"href":"https:\/\/www.hml-fetish.de\/shop\/fr\/wp-json\/wp\/v2\/product"}],"about":[{"href":"https:\/\/www.hml-fetish.de\/shop\/fr\/wp-json\/wp\/v2\/types\/product"}],"replies":[{"embeddable":true,"href":"https:\/\/www.hml-fetish.de\/shop\/fr\/wp-json\/wp\/v2\/comments?post=13516"}],"version-history":[{"count":0,"href":"https:\/\/www.hml-fetish.de\/shop\/fr\/wp-json\/wp\/v2\/product\/13516\/revisions"}],"wp:featuredmedia":[{"embeddable":true,"href":"https:\/\/www.hml-fetish.de\/shop\/fr\/wp-json\/wp\/v2\/media\/13498"}],"wp:attachment":[{"href":"https:\/\/www.hml-fetish.de\/shop\/fr\/wp-json\/wp\/v2\/media?parent=13516"}],"wp:term":[{"taxonomy":"product_brand","embeddable":true,"href":"https:\/\/www.hml-fetish.de\/shop\/fr\/wp-json\/wp\/v2\/product_brand?post=13516"},{"taxonomy":"product_cat","embeddable":true,"href":"https:\/\/www.hml-fetish.de\/shop\/fr\/wp-json\/wp\/v2\/product_cat?post=13516"},{"taxonomy":"product_tag","embeddable":true,"href":"https:\/\/www.hml-fetish.de\/shop\/fr\/wp-json\/wp\/v2\/product_tag?post=13516"}],"curies":[{"name":"wp","href":"https:\/\/api.w.org\/{rel}","templated":true}]}}