{"id":13486,"date":"2022-01-23T22:54:30","date_gmt":"2022-01-23T21:54:30","guid":{"rendered":"https:\/\/www.hml-fetish.de\/shop\/roue-pour-nerfs\/"},"modified":"2022-01-23T22:54:30","modified_gmt":"2022-01-23T21:54:30","slug":"roue-pour-nerfs","status":"publish","type":"product","link":"https:\/\/www.hml-fetish.de\/shop\/fr\/roue-pour-nerfs\/","title":{"rendered":"Roue pour nerfs"},"content":{"rendered":"<p>Une broche-roue m\u00e9dicale originale Wartenburg. Enti\u00e8rement en acier inoxydable m\u00e9dical. Une finition de haute qualit\u00e9. Imagine la sensation que tu ressens lorsque tu as les yeux band\u00e9s et que quelqu&#8217;un te fait rouler tout doucement sur le corps avec cet instrument !<\/p>\n","protected":false},"excerpt":{"rendered":"<h4>Roue pour nerfs<\/h4>\n<p>Une broche-roue m\u00e9dicale originale Wartenburg. Enti\u00e8rement en acier inoxydable m\u00e9dical. Une finition de haute qualit\u00e9. Imagine la sensation que tu ressens lorsque tu as les yeux band\u00e9s et que quelqu&#8217;un te fait rouler tout doucement sur le corps avec cet instrument !<\/p>\n","protected":false},"featured_media":13480,"comment_status":"open","ping_status":"closed","template":"","meta":[],"product_brand":[],"product_cat":[732,697,694,696],"product_tag":[],"class_list":{"0":"post-13486","1":"product","2":"type-product","3":"status-publish","4":"has-post-thumbnail","6":"product_cat-best-seller","7":"product_cat-cbt-fr","8":"product_cat-medical","9":"product_cat-tetons","10":"product_shipping_class-colis-fr","12":"first","13":"instock","14":"taxable","15":"shipping-taxable","16":"purchasable","17":"product-type-simple"},"_links":{"self":[{"href":"https:\/\/www.hml-fetish.de\/shop\/fr\/wp-json\/wp\/v2\/product\/13486","targetHints":{"allow":["GET"]}}],"collection":[{"href":"https:\/\/www.hml-fetish.de\/shop\/fr\/wp-json\/wp\/v2\/product"}],"about":[{"href":"https:\/\/www.hml-fetish.de\/shop\/fr\/wp-json\/wp\/v2\/types\/product"}],"replies":[{"embeddable":true,"href":"https:\/\/www.hml-fetish.de\/shop\/fr\/wp-json\/wp\/v2\/comments?post=13486"}],"version-history":[{"count":0,"href":"https:\/\/www.hml-fetish.de\/shop\/fr\/wp-json\/wp\/v2\/product\/13486\/revisions"}],"wp:featuredmedia":[{"embeddable":true,"href":"https:\/\/www.hml-fetish.de\/shop\/fr\/wp-json\/wp\/v2\/media\/13480"}],"wp:attachment":[{"href":"https:\/\/www.hml-fetish.de\/shop\/fr\/wp-json\/wp\/v2\/media?parent=13486"}],"wp:term":[{"taxonomy":"product_brand","embeddable":true,"href":"https:\/\/www.hml-fetish.de\/shop\/fr\/wp-json\/wp\/v2\/product_brand?post=13486"},{"taxonomy":"product_cat","embeddable":true,"href":"https:\/\/www.hml-fetish.de\/shop\/fr\/wp-json\/wp\/v2\/product_cat?post=13486"},{"taxonomy":"product_tag","embeddable":true,"href":"https:\/\/www.hml-fetish.de\/shop\/fr\/wp-json\/wp\/v2\/product_tag?post=13486"}],"curies":[{"name":"wp","href":"https:\/\/api.w.org\/{rel}","templated":true}]}}