{"id":13477,"date":"2022-01-23T22:54:31","date_gmt":"2022-01-23T21:54:31","guid":{"rendered":"https:\/\/www.hml-fetish.de\/shop\/roue-pour-nerfs-triple\/"},"modified":"2022-01-23T22:54:31","modified_gmt":"2022-01-23T21:54:31","slug":"roue-pour-nerfs-triple","status":"publish","type":"product","link":"https:\/\/www.hml-fetish.de\/shop\/fr\/roue-pour-nerfs-triple\/","title":{"rendered":"Roue pour nerfs triple"},"content":{"rendered":"<p>Une roue de nerfs dans le style du Wartenberg original avec une triple molette \u00e0 aiguilles. Enti\u00e8rement en acier inoxydable m\u00e9dical. Une finition de haute qualit\u00e9. Imagine ce que tu ressens lorsque tu as les yeux band\u00e9s et que quelqu&#8217;un te fait rouler tout doucement sur le corps avec cet instrument ! Les trois molettes parall\u00e8les peuvent faire monter l&#8217;excitation jusqu&#8217;\u00e0 un niveau incommensurable !<\/p>\n","protected":false},"excerpt":{"rendered":"<h4>Roue pour nerfs triple<\/h4>\n<p>Une roue de nerfs dans le style du Wartenberg original avec une triple molette \u00e0 aiguilles. Enti\u00e8rement en acier inoxydable m\u00e9dical. Une finition de haute qualit\u00e9. Imagine ce que tu ressens lorsque tu as les yeux band\u00e9s et que quelqu&#8217;un te fait rouler tout doucement sur le corps avec cet instrument ! Les trois molettes parall\u00e8les peuvent faire monter l&#8217;excitation jusqu&#8217;\u00e0 un niveau incommensurable !<\/p>\n","protected":false},"featured_media":13475,"comment_status":"open","ping_status":"closed","template":"","meta":[],"product_brand":[],"product_cat":[697,714,736,696],"product_tag":[],"class_list":{"0":"post-13477","1":"product","2":"type-product","3":"status-publish","4":"has-post-thumbnail","6":"product_cat-cbt-fr","7":"product_cat-dungeon-fr","8":"product_cat-nouveau-hml","9":"product_cat-tetons","10":"product_shipping_class-lettre","12":"first","13":"instock","14":"taxable","15":"shipping-taxable","16":"purchasable","17":"product-type-simple"},"_links":{"self":[{"href":"https:\/\/www.hml-fetish.de\/shop\/fr\/wp-json\/wp\/v2\/product\/13477","targetHints":{"allow":["GET"]}}],"collection":[{"href":"https:\/\/www.hml-fetish.de\/shop\/fr\/wp-json\/wp\/v2\/product"}],"about":[{"href":"https:\/\/www.hml-fetish.de\/shop\/fr\/wp-json\/wp\/v2\/types\/product"}],"replies":[{"embeddable":true,"href":"https:\/\/www.hml-fetish.de\/shop\/fr\/wp-json\/wp\/v2\/comments?post=13477"}],"version-history":[{"count":0,"href":"https:\/\/www.hml-fetish.de\/shop\/fr\/wp-json\/wp\/v2\/product\/13477\/revisions"}],"wp:featuredmedia":[{"embeddable":true,"href":"https:\/\/www.hml-fetish.de\/shop\/fr\/wp-json\/wp\/v2\/media\/13475"}],"wp:attachment":[{"href":"https:\/\/www.hml-fetish.de\/shop\/fr\/wp-json\/wp\/v2\/media?parent=13477"}],"wp:term":[{"taxonomy":"product_brand","embeddable":true,"href":"https:\/\/www.hml-fetish.de\/shop\/fr\/wp-json\/wp\/v2\/product_brand?post=13477"},{"taxonomy":"product_cat","embeddable":true,"href":"https:\/\/www.hml-fetish.de\/shop\/fr\/wp-json\/wp\/v2\/product_cat?post=13477"},{"taxonomy":"product_tag","embeddable":true,"href":"https:\/\/www.hml-fetish.de\/shop\/fr\/wp-json\/wp\/v2\/product_tag?post=13477"}],"curies":[{"name":"wp","href":"https:\/\/api.w.org\/{rel}","templated":true}]}}