{"id":13397,"date":"2022-01-23T22:54:32","date_gmt":"2022-01-23T21:54:32","guid":{"rendered":"https:\/\/www.hml-fetish.de\/shop\/tanga-en-cuir\/"},"modified":"2022-01-23T22:54:32","modified_gmt":"2022-01-23T21:54:32","slug":"tanga-en-cuir","status":"publish","type":"product","link":"https:\/\/www.hml-fetish.de\/shop\/fr\/tanga-en-cuir\/","title":{"rendered":"Tanga en cuir"},"content":{"rendered":"<p>Ce string a une poche fixe qui est maintenue en haut par une \u00e9troite bande de hanches avec des boutons-pression. \u00c0 l&#8217;arri\u00e8re, les sangles de hanche lat\u00e9rales et l&#8217;une des sangles d&#8217;entrejambe m\u00e8nent \u00e0 un anneau en acier o\u00f9 elles sont encore r\u00e9glables en longueur \u00e0 l&#8217;aide de boutons-pression. Les sangles sont fabriqu\u00e9es en cuir d&#8217;habillement, d&#8217;une \u00e9paisseur d&#8217;environ 2 mm. C&#8217;est pourquoi ce tanga se porte aussi confortablement sous un jean et fait une belle bosse dans le pantalon &#8211; surtout si tu portes un cockring en dessous ! \u00c0 essayer absolument avec notre <a href=\"https:\/\/www.hml-fetish.de\/shop\/porte-plug\/\" title=\"Porte-plug\"><a href=\"https:\/\/www.hml-fetish.de\/shop\/fr\/porte-plug\/\" title=\"porte-plug\">porte-plug<\/a><\/a> !<br \/>\n<BR><img decoding=\"async\" src=\"\/GIF\/sizefr_unisex_sp.gif\" alt=\"tableau des tailles\" title=\"tableau des tailles\" border=\"0\" height=\"194\" width=\"114\"><\/p>\n","protected":false},"excerpt":{"rendered":"<h4>Tanga en cuir<\/h4>\n<p>Ce string a une poche fixe qui est maintenue en haut par une \u00e9troite bande de hanches avec des boutons-pression. \u00c0 l&#8217;arri\u00e8re, les sangles de hanche lat\u00e9rales et l&#8217;une des sangles d&#8217;entrejambe m\u00e8nent \u00e0 un anneau en acier o\u00f9 elles sont encore r\u00e9glables en longueur \u00e0 l&#8217;aide de boutons-pression. Les sangles sont fabriqu\u00e9es en cuir d&#8217;habillement, d&#8217;une \u00e9paisseur d&#8217;environ 2 mm. C&#8217;est pourquoi ce tanga se porte aussi confortablement sous un jean et fait une belle bosse dans le pantalon &#8211; surtout si tu portes un cockring en dessous !<\/p>\n","protected":false},"featured_media":13370,"comment_status":"open","ping_status":"closed","template":"","meta":[],"product_brand":[],"product_cat":[596,752,734,654],"product_tag":[],"class_list":{"0":"post-13397","1":"product","2":"type-product","3":"status-publish","4":"has-post-thumbnail","6":"product_cat-dessous-fr","7":"product_cat-fin-de-serie","8":"product_cat-promotion","9":"product_cat-slips-thongs","10":"product_shipping_class-lettre","12":"first","13":"instock","14":"sale","15":"taxable","16":"shipping-taxable","17":"purchasable","18":"product-type-variable"},"_links":{"self":[{"href":"https:\/\/www.hml-fetish.de\/shop\/fr\/wp-json\/wp\/v2\/product\/13397","targetHints":{"allow":["GET"]}}],"collection":[{"href":"https:\/\/www.hml-fetish.de\/shop\/fr\/wp-json\/wp\/v2\/product"}],"about":[{"href":"https:\/\/www.hml-fetish.de\/shop\/fr\/wp-json\/wp\/v2\/types\/product"}],"replies":[{"embeddable":true,"href":"https:\/\/www.hml-fetish.de\/shop\/fr\/wp-json\/wp\/v2\/comments?post=13397"}],"version-history":[{"count":0,"href":"https:\/\/www.hml-fetish.de\/shop\/fr\/wp-json\/wp\/v2\/product\/13397\/revisions"}],"wp:featuredmedia":[{"embeddable":true,"href":"https:\/\/www.hml-fetish.de\/shop\/fr\/wp-json\/wp\/v2\/media\/13370"}],"wp:attachment":[{"href":"https:\/\/www.hml-fetish.de\/shop\/fr\/wp-json\/wp\/v2\/media?parent=13397"}],"wp:term":[{"taxonomy":"product_brand","embeddable":true,"href":"https:\/\/www.hml-fetish.de\/shop\/fr\/wp-json\/wp\/v2\/product_brand?post=13397"},{"taxonomy":"product_cat","embeddable":true,"href":"https:\/\/www.hml-fetish.de\/shop\/fr\/wp-json\/wp\/v2\/product_cat?post=13397"},{"taxonomy":"product_tag","embeddable":true,"href":"https:\/\/www.hml-fetish.de\/shop\/fr\/wp-json\/wp\/v2\/product_tag?post=13397"}],"curies":[{"name":"wp","href":"https:\/\/api.w.org\/{rel}","templated":true}]}}