{"id":13363,"date":"2022-01-23T22:54:32","date_gmt":"2022-01-23T21:54:32","guid":{"rendered":"https:\/\/www.hml-fetish.de\/shop\/hml-jock-strap-etroit\/"},"modified":"2022-01-23T22:54:32","modified_gmt":"2022-01-23T21:54:32","slug":"hml-jock-strap-etroit","status":"publish","type":"product","link":"https:\/\/www.hml-fetish.de\/shop\/fr\/hml-jock-strap-etroit\/","title":{"rendered":"HML Jock-Strap \u00e9troit"},"content":{"rendered":"<p>Un supporter avec une ceinture \u00e9troite. Enti\u00e8rement en cuir noir, la ceinture est \u00e9lastique. Le haut de la poche est maintenu \u00e0 la taille par des boutons-pression. C&#8217;est pour ainsi dire &#8220;la petite robe noire&#8221; dans le domaine des sous-v\u00eatements, car il s&#8217;agit de notre coupe la plus \u00e9troite, qui ne cache vraiment que le strict n\u00e9cessaire.<br \/>\n<BR><img decoding=\"async\" src=\"\/GIF\/sizefr_unisex_sp.gif\" alt=\"tableau des tailles\" title=\"tableau des tailles\" border=\"0\" height=\"194\" width=\"114\"><\/p>\n","protected":false},"excerpt":{"rendered":"<h4>HML Jock-Strap \u00e9troit<\/h4>\n<p>Un supporter avec une ceinture \u00e9troite. Enti\u00e8rement en cuir noir, la ceinture est \u00e9lastique. Le haut de la poche est maintenu \u00e0 la taille par des boutons-pression. C&#8217;est pour ainsi dire &#8220;la petite robe noire&#8221; dans le domaine des sous-v\u00eatements, car il s&#8217;agit de notre coupe la plus \u00e9troite, qui ne cache vraiment que le strict n\u00e9cessaire.<\/p>\n","protected":false},"featured_media":13343,"comment_status":"open","ping_status":"closed","template":"","meta":[],"product_brand":[],"product_cat":[596,752,656],"product_tag":[],"class_list":{"0":"post-13363","1":"product","2":"type-product","3":"status-publish","4":"has-post-thumbnail","6":"product_cat-dessous-fr","7":"product_cat-fin-de-serie","8":"product_cat-jocks","9":"product_shipping_class-lettre","11":"first","12":"instock","13":"sale","14":"taxable","15":"shipping-taxable","16":"purchasable","17":"product-type-variable"},"_links":{"self":[{"href":"https:\/\/www.hml-fetish.de\/shop\/fr\/wp-json\/wp\/v2\/product\/13363","targetHints":{"allow":["GET"]}}],"collection":[{"href":"https:\/\/www.hml-fetish.de\/shop\/fr\/wp-json\/wp\/v2\/product"}],"about":[{"href":"https:\/\/www.hml-fetish.de\/shop\/fr\/wp-json\/wp\/v2\/types\/product"}],"replies":[{"embeddable":true,"href":"https:\/\/www.hml-fetish.de\/shop\/fr\/wp-json\/wp\/v2\/comments?post=13363"}],"version-history":[{"count":0,"href":"https:\/\/www.hml-fetish.de\/shop\/fr\/wp-json\/wp\/v2\/product\/13363\/revisions"}],"wp:featuredmedia":[{"embeddable":true,"href":"https:\/\/www.hml-fetish.de\/shop\/fr\/wp-json\/wp\/v2\/media\/13343"}],"wp:attachment":[{"href":"https:\/\/www.hml-fetish.de\/shop\/fr\/wp-json\/wp\/v2\/media?parent=13363"}],"wp:term":[{"taxonomy":"product_brand","embeddable":true,"href":"https:\/\/www.hml-fetish.de\/shop\/fr\/wp-json\/wp\/v2\/product_brand?post=13363"},{"taxonomy":"product_cat","embeddable":true,"href":"https:\/\/www.hml-fetish.de\/shop\/fr\/wp-json\/wp\/v2\/product_cat?post=13363"},{"taxonomy":"product_tag","embeddable":true,"href":"https:\/\/www.hml-fetish.de\/shop\/fr\/wp-json\/wp\/v2\/product_tag?post=13363"}],"curies":[{"name":"wp","href":"https:\/\/api.w.org\/{rel}","templated":true}]}}