{"id":13256,"date":"2022-01-23T22:54:33","date_gmt":"2022-01-23T21:54:33","guid":{"rendered":"https:\/\/www.hml-fetish.de\/shop\/hml-jock-strap-en-cuir\/"},"modified":"2022-01-23T22:54:33","modified_gmt":"2022-01-23T21:54:33","slug":"hml-jock-strap-en-cuir","status":"publish","type":"product","link":"https:\/\/www.hml-fetish.de\/shop\/fr\/hml-jock-strap-en-cuir\/","title":{"rendered":"HML Jock-Strap en cuir"},"content":{"rendered":"<p>Le jock-strap que nous connaissons tous mais cette fois d\u00e9clin\u00e9 en cuir noir int\u00e9gral, y compris tous les \u00e9lastiques. Difficile d\u2019imaginer quelque chose de plus torride. Existe aussi en version \u00e1 bande en couleur! Six coloris disponibles: noir, rouge, bleu jaune, blanc et gris.<br \/>\n<BR><img decoding=\"async\" src=\"\/GIF\/sizefr_unisex_sp.gif\" alt=\"tableau des tailles\" title=\"tableau des tailles\" border=\"0\" height=\"194\" width=\"114\"><\/p>\n","protected":false},"excerpt":{"rendered":"<h4>HML Jock-Strap en cuir<\/h4>\n<p>Le jock-strap que nous connaissons tous mais cette fois d\u00e9clin\u00e9 en cuir noir int\u00e9gral, y compris tous les \u00e9lastiques. Difficile d\u2019imaginer quelque chose de plus torride. Existe aussi en version \u00e1 bande en couleur! Six coloris disponibles: noir, rouge, bleu jaune, blanc et gris.<\/p>\n","protected":false},"featured_media":13173,"comment_status":"open","ping_status":"closed","template":"","meta":[],"product_brand":[],"product_cat":[732,596,721,656],"product_tag":[4400],"class_list":{"0":"post-13256","1":"product","2":"type-product","3":"status-publish","4":"has-post-thumbnail","6":"product_cat-best-seller","7":"product_cat-dessous-fr","8":"product_cat-gay-pride-fr","9":"product_cat-jocks","10":"product_tag-hml-fetish-original-fr","11":"product_shipping_class-colis-fr","13":"first","14":"instock","15":"taxable","16":"shipping-taxable","17":"purchasable","18":"product-type-variable"},"_links":{"self":[{"href":"https:\/\/www.hml-fetish.de\/shop\/fr\/wp-json\/wp\/v2\/product\/13256","targetHints":{"allow":["GET"]}}],"collection":[{"href":"https:\/\/www.hml-fetish.de\/shop\/fr\/wp-json\/wp\/v2\/product"}],"about":[{"href":"https:\/\/www.hml-fetish.de\/shop\/fr\/wp-json\/wp\/v2\/types\/product"}],"replies":[{"embeddable":true,"href":"https:\/\/www.hml-fetish.de\/shop\/fr\/wp-json\/wp\/v2\/comments?post=13256"}],"version-history":[{"count":0,"href":"https:\/\/www.hml-fetish.de\/shop\/fr\/wp-json\/wp\/v2\/product\/13256\/revisions"}],"wp:featuredmedia":[{"embeddable":true,"href":"https:\/\/www.hml-fetish.de\/shop\/fr\/wp-json\/wp\/v2\/media\/13173"}],"wp:attachment":[{"href":"https:\/\/www.hml-fetish.de\/shop\/fr\/wp-json\/wp\/v2\/media?parent=13256"}],"wp:term":[{"taxonomy":"product_brand","embeddable":true,"href":"https:\/\/www.hml-fetish.de\/shop\/fr\/wp-json\/wp\/v2\/product_brand?post=13256"},{"taxonomy":"product_cat","embeddable":true,"href":"https:\/\/www.hml-fetish.de\/shop\/fr\/wp-json\/wp\/v2\/product_cat?post=13256"},{"taxonomy":"product_tag","embeddable":true,"href":"https:\/\/www.hml-fetish.de\/shop\/fr\/wp-json\/wp\/v2\/product_tag?post=13256"}],"curies":[{"name":"wp","href":"https:\/\/api.w.org\/{rel}","templated":true}]}}