{"id":13169,"date":"2022-01-23T22:54:33","date_gmt":"2022-01-23T21:54:33","guid":{"rendered":"https:\/\/www.hml-fetish.de\/shop\/hml-adult-supporter-blanc-xxl\/"},"modified":"2022-01-23T22:54:33","modified_gmt":"2022-01-23T21:54:33","slug":"hml-adult-supporter-blanc-xxl","status":"publish","type":"product","link":"https:\/\/www.hml-fetish.de\/shop\/fr\/hml-adult-supporter-blanc-xxl\/","title":{"rendered":"HML Adult Supporter blanc XXL"},"content":{"rendered":"<p>Le fameux Athletic Supporter, en cuir noir tr\u00e8s fin. Enti\u00e8rement en cuir, m\u00eame les bandes de fesses et la large ceinture. Il n&#8217;y a pas plus pointu. Il s&#8217;agit d&#8217;une pi\u00e8ce unique, enti\u00e8rement cousue dans un cuir blanc doux et brillant.<br \/>\n<BR><img decoding=\"async\" src=\"\/GIF\/sizefr_unisex_sp.gif\" alt=\"tableau des tailles\" title=\"tableau des tailles\" border=\"0\" height=\"194\" width=\"114\"><\/p>\n","protected":false},"excerpt":{"rendered":"<h4>HML Adult Supporter blanc XXL<\/h4>\n<p>Le fameux Athletic Supporter, en cuir noir tr\u00e8s fin. Enti\u00e8rement en cuir, m\u00eame les bandes de fesses et la large ceinture. Il n&#8217;y a pas plus pointu. Il s&#8217;agit d&#8217;une pi\u00e8ce unique, enti\u00e8rement cousue dans un cuir blanc doux et brillant.<\/p>\n","protected":false},"featured_media":13167,"comment_status":"open","ping_status":"closed","template":"","meta":[],"product_brand":[],"product_cat":[596,752,656],"product_tag":[],"class_list":{"0":"post-13169","1":"product","2":"type-product","3":"status-publish","4":"has-post-thumbnail","6":"product_cat-dessous-fr","7":"product_cat-fin-de-serie","8":"product_cat-jocks","9":"product_shipping_class-lettre","11":"first","12":"outofstock","13":"sale","14":"taxable","15":"shipping-taxable","16":"purchasable","17":"product-type-simple"},"_links":{"self":[{"href":"https:\/\/www.hml-fetish.de\/shop\/fr\/wp-json\/wp\/v2\/product\/13169","targetHints":{"allow":["GET"]}}],"collection":[{"href":"https:\/\/www.hml-fetish.de\/shop\/fr\/wp-json\/wp\/v2\/product"}],"about":[{"href":"https:\/\/www.hml-fetish.de\/shop\/fr\/wp-json\/wp\/v2\/types\/product"}],"replies":[{"embeddable":true,"href":"https:\/\/www.hml-fetish.de\/shop\/fr\/wp-json\/wp\/v2\/comments?post=13169"}],"version-history":[{"count":0,"href":"https:\/\/www.hml-fetish.de\/shop\/fr\/wp-json\/wp\/v2\/product\/13169\/revisions"}],"wp:featuredmedia":[{"embeddable":true,"href":"https:\/\/www.hml-fetish.de\/shop\/fr\/wp-json\/wp\/v2\/media\/13167"}],"wp:attachment":[{"href":"https:\/\/www.hml-fetish.de\/shop\/fr\/wp-json\/wp\/v2\/media?parent=13169"}],"wp:term":[{"taxonomy":"product_brand","embeddable":true,"href":"https:\/\/www.hml-fetish.de\/shop\/fr\/wp-json\/wp\/v2\/product_brand?post=13169"},{"taxonomy":"product_cat","embeddable":true,"href":"https:\/\/www.hml-fetish.de\/shop\/fr\/wp-json\/wp\/v2\/product_cat?post=13169"},{"taxonomy":"product_tag","embeddable":true,"href":"https:\/\/www.hml-fetish.de\/shop\/fr\/wp-json\/wp\/v2\/product_tag?post=13169"}],"curies":[{"name":"wp","href":"https:\/\/api.w.org\/{rel}","templated":true}]}}