{"id":13159,"date":"2022-01-23T22:54:33","date_gmt":"2022-01-23T21:54:33","guid":{"rendered":"https:\/\/www.hml-fetish.de\/shop\/mini-string\/"},"modified":"2022-02-25T21:22:17","modified_gmt":"2022-02-25T20:22:17","slug":"mini-string","status":"publish","type":"product","link":"https:\/\/www.hml-fetish.de\/shop\/fr\/mini-string\/","title":{"rendered":"Mini-String"},"content":{"rendered":"<p>Trois lani\u00e8res de cuir et un cock-ring. Il n&#8217;en faut pas plus pour \u00eatre bien habill\u00e9. Les lani\u00e8res ont une largeur d&#8217;env. 2 cm chacune et sont en cuir noir et souple, ajustages aux pressions. Merci de nous indiquer la taille du cock-ring quand passes commande (nous conseillons de choisir une taille en dessus de celle que tu portes normalement). Sans autres pr\u00e9cisions, le cock-ring assorti a un diam\u00e8tre int\u00e9rieur de 50 mm.<br \/>\n<br \/>Le Mini-String se combine parfaitement \u00e0 nos harnais de cock et au <a href=\"https:\/\/www.hml-fetish.de\/shop\/fr\/porte-plug\/\" title=\"porte-plug\"><strong>porte-plug<\/strong><\/a>.<br \/>\n<BR><img decoding=\"async\" src=\"\/GIF\/sizefr_unisex_sp.gif\" alt=\"tableau des tailles\" title=\"tableau des tailles\" border=\"0\" height=\"194\" width=\"114\"><\/p>\n","protected":false},"excerpt":{"rendered":"<h4>Mini-String<\/h4>\n<p>Trois lani\u00e8res de cuir et un cock-ring. Il n&#8217;en faut pas plus pour \u00eatre bien habill\u00e9. Les lani\u00e8res ont une largeur d&#8217;env. 2 cm chacune et sont en cuir noir et souple, ajustages aux pressions. Merci de nous indiquer la taille du cock-ring quand passes commande (nous conseillons de choisir une taille en dessus de celle que tu portes normalement). Sans autres pr\u00e9cisions, le cock-ring assorti a un diam\u00e8tre int\u00e9rieur de 50 mm.<\/p>\n","protected":false},"featured_media":13131,"comment_status":"open","ping_status":"closed","template":"","meta":[],"product_brand":[],"product_cat":[606,634,732,697,678,596,654],"product_tag":[4400],"class_list":{"0":"post-13159","1":"product","2":"type-product","3":"status-publish","4":"has-post-thumbnail","6":"product_cat-accessoires-fr-2-fr","7":"product_cat-accessoires-army","8":"product_cat-best-seller","9":"product_cat-cbt-fr","10":"product_cat-cock-halter-fr","11":"product_cat-dessous-fr","12":"product_cat-slips-thongs","13":"product_tag-hml-fetish-original-fr","14":"product_shipping_class-lettre","16":"first","17":"instock","18":"taxable","19":"shipping-taxable","20":"purchasable","21":"product-type-variable"},"_links":{"self":[{"href":"https:\/\/www.hml-fetish.de\/shop\/fr\/wp-json\/wp\/v2\/product\/13159","targetHints":{"allow":["GET"]}}],"collection":[{"href":"https:\/\/www.hml-fetish.de\/shop\/fr\/wp-json\/wp\/v2\/product"}],"about":[{"href":"https:\/\/www.hml-fetish.de\/shop\/fr\/wp-json\/wp\/v2\/types\/product"}],"replies":[{"embeddable":true,"href":"https:\/\/www.hml-fetish.de\/shop\/fr\/wp-json\/wp\/v2\/comments?post=13159"}],"version-history":[{"count":0,"href":"https:\/\/www.hml-fetish.de\/shop\/fr\/wp-json\/wp\/v2\/product\/13159\/revisions"}],"wp:featuredmedia":[{"embeddable":true,"href":"https:\/\/www.hml-fetish.de\/shop\/fr\/wp-json\/wp\/v2\/media\/13131"}],"wp:attachment":[{"href":"https:\/\/www.hml-fetish.de\/shop\/fr\/wp-json\/wp\/v2\/media?parent=13159"}],"wp:term":[{"taxonomy":"product_brand","embeddable":true,"href":"https:\/\/www.hml-fetish.de\/shop\/fr\/wp-json\/wp\/v2\/product_brand?post=13159"},{"taxonomy":"product_cat","embeddable":true,"href":"https:\/\/www.hml-fetish.de\/shop\/fr\/wp-json\/wp\/v2\/product_cat?post=13159"},{"taxonomy":"product_tag","embeddable":true,"href":"https:\/\/www.hml-fetish.de\/shop\/fr\/wp-json\/wp\/v2\/product_tag?post=13159"}],"curies":[{"name":"wp","href":"https:\/\/api.w.org\/{rel}","templated":true}]}}