{"id":13128,"date":"2022-01-23T22:54:33","date_gmt":"2022-01-23T21:54:33","guid":{"rendered":"https:\/\/www.hml-fetish.de\/shop\/porte-plug\/"},"modified":"2022-02-25T20:14:43","modified_gmt":"2022-02-25T19:14:43","slug":"porte-plug","status":"publish","type":"product","link":"https:\/\/www.hml-fetish.de\/shop\/fr\/porte-plug\/","title":{"rendered":"Porte-Plug"},"content":{"rendered":"<p>Voici le matos qui tient ton plug bien en place et ce dans quasiment toutes les circonstances. Il s&#8217;adapte \u00e0 l&#8217;entre-jambe de ton harnais, du tanga ou du string. Cela \u00e9tant, la plupart es mecs pr\u00e9f\u00e8rent de le combiner \u00e0 notre mini-string ou bien encore \u00e0 l&#8217;<a href=\"https:\/\/www.hml-fetish.de\/shop\/fr\/attache-cou-dos\/\" title=\"Attache-cou-dos\"><strong>attache-cou-dos<\/strong><\/a>.<br \/>\n<br \/>Loin d&#8217;\u00eatre un simple morceau de cuir, il s&#8217;agit de plusieurs couches de cuir cousues \u00e0 la main, assembl\u00e9es et ourl\u00e9es pour un maximum de confort.<br \/>\n<BR>Pour bien pouvoir en profiter, tu auras besoin d\u2019un <a href=\"https:\/\/www.hml-fetish.de\/shop\/fr\/plug-de-harnais\/\" title=\"Plug de Harnais\"><B>plug adapt\u00e9<\/B><\/a> ou bien d&#8217;un <a href=\"https:\/\/www.hml-fetish.de\/shop\/fr\/mini-string\/\" title=\"mini-string\"><B>Mini-String<\/B><\/a>. Et bien entendu, il y a le kit tout fait pour ton plaisir <a href=\"https:\/\/www.hml-fetish.de\/shop\/fr\/kit-de-porte-plug\/\" title=\"kit-de-porte-plug\"><B>ici<\/B><\/a>.<\/p>\n","protected":false},"excerpt":{"rendered":"<h4>Porte-Plug<\/h4>\n<p>Voici le matos qui tient ton plug bien en place et ce dans quasiment toutes les circonstances. Il s&#8217;adapte \u00e0 l&#8217;entre-jambe de ton harnais, du tanga ou du string. Cela \u00e9tant, la plupart es mecs pr\u00e9f\u00e8rent de le combiner \u00e0 notre mini-string ou bien encore \u00e0 l&#8217;attache-mains-col.<\/p>\n","protected":false},"featured_media":13108,"comment_status":"open","ping_status":"closed","template":"","meta":[],"product_brand":[],"product_cat":[606,732,678,714,686,654],"product_tag":[4400],"class_list":{"0":"post-13128","1":"product","2":"type-product","3":"status-publish","4":"has-post-thumbnail","6":"product_cat-accessoires-fr-2-fr","7":"product_cat-best-seller","8":"product_cat-cock-halter-fr","9":"product_cat-dungeon-fr","10":"product_cat-plugs-fr","11":"product_cat-slips-thongs","12":"product_tag-hml-fetish-original-fr","13":"product_shipping_class-lettre","15":"first","16":"instock","17":"taxable","18":"shipping-taxable","19":"purchasable","20":"product-type-simple"},"_links":{"self":[{"href":"https:\/\/www.hml-fetish.de\/shop\/fr\/wp-json\/wp\/v2\/product\/13128","targetHints":{"allow":["GET"]}}],"collection":[{"href":"https:\/\/www.hml-fetish.de\/shop\/fr\/wp-json\/wp\/v2\/product"}],"about":[{"href":"https:\/\/www.hml-fetish.de\/shop\/fr\/wp-json\/wp\/v2\/types\/product"}],"replies":[{"embeddable":true,"href":"https:\/\/www.hml-fetish.de\/shop\/fr\/wp-json\/wp\/v2\/comments?post=13128"}],"version-history":[{"count":0,"href":"https:\/\/www.hml-fetish.de\/shop\/fr\/wp-json\/wp\/v2\/product\/13128\/revisions"}],"wp:featuredmedia":[{"embeddable":true,"href":"https:\/\/www.hml-fetish.de\/shop\/fr\/wp-json\/wp\/v2\/media\/13108"}],"wp:attachment":[{"href":"https:\/\/www.hml-fetish.de\/shop\/fr\/wp-json\/wp\/v2\/media?parent=13128"}],"wp:term":[{"taxonomy":"product_brand","embeddable":true,"href":"https:\/\/www.hml-fetish.de\/shop\/fr\/wp-json\/wp\/v2\/product_brand?post=13128"},{"taxonomy":"product_cat","embeddable":true,"href":"https:\/\/www.hml-fetish.de\/shop\/fr\/wp-json\/wp\/v2\/product_cat?post=13128"},{"taxonomy":"product_tag","embeddable":true,"href":"https:\/\/www.hml-fetish.de\/shop\/fr\/wp-json\/wp\/v2\/product_tag?post=13128"}],"curies":[{"name":"wp","href":"https:\/\/api.w.org\/{rel}","templated":true}]}}