{"id":13044,"date":"2022-01-23T22:54:53","date_gmt":"2022-01-23T21:54:53","guid":{"rendered":"https:\/\/www.hml-fetish.de\/shop\/short-de-boxeur-en-cuir\/"},"modified":"2022-01-23T22:54:53","modified_gmt":"2022-01-23T21:54:53","slug":"short-de-boxeur-en-cuir","status":"publish","type":"product","link":"https:\/\/www.hml-fetish.de\/shop\/fr\/short-de-boxeur-en-cuir\/","title":{"rendered":"Short de boxeur en cuir"},"content":{"rendered":"<p>Un short de boxeur en cuir noir, un nappa de b\u0153uf sp\u00e9cialement trait\u00e9 avec une poign\u00e9e souple. Sans slip int\u00e9rieur. Joli et court avec une large ceinture en cuir stretch cousue. Avec une petite poche int\u00e9rieure dissimul\u00e9e, suffisamment grande pour contenir une monnaie, une cl\u00e9 ou un pr\u00e9servatif. Coupe est vraiment tr\u00e8s \u00e9troite, alors dans le doute plut\u00f4t commander une taille plus grande. Avec des bandes lat\u00e9rales de cuir en noir, blanc, rouge, jaune, bleu ou gris.<br \/>\n<BR><img decoding=\"async\" src=\"\/GIF\/sizefr_unisex_sp.gif\" alt=\"tableau des tailles\" title=\"tableau des tailles\" border=\"0\" height=\"194\" width=\"114\"><\/p>\n","protected":false},"excerpt":{"rendered":"<h4>Short de boxeur en cuir<\/h4>\n<p>Un short de boxeur en cuir noir, un nappa de b\u0153uf sp\u00e9cialement trait\u00e9 avec une poign\u00e9e souple. Sans slip int\u00e9rieur. Joli et court avec une large ceinture en cuir stretch cousue. Avec une petite poche int\u00e9rieure dissimul\u00e9e, suffisamment grande pour contenir une monnaie, une cl\u00e9 ou un pr\u00e9servatif. Coupe est vraiment tr\u00e8s \u00e9troite, alors dans le doute plut\u00f4t commander une taille plus grande. Avec des bandes lat\u00e9rales de cuir en noir, blanc, rouge, jaune, bleu ou gris.<\/p>\n","protected":false},"featured_media":12961,"comment_status":"open","ping_status":"closed","template":"","meta":[],"product_brand":[],"product_cat":[732,596,660],"product_tag":[4400],"class_list":{"0":"post-13044","1":"product","2":"type-product","3":"status-publish","4":"has-post-thumbnail","6":"product_cat-best-seller","7":"product_cat-dessous-fr","8":"product_cat-sportswear-fr","9":"product_tag-hml-fetish-original-fr","10":"product_shipping_class-lettre","12":"first","13":"instock","14":"taxable","15":"shipping-taxable","16":"purchasable","17":"product-type-variable"},"_links":{"self":[{"href":"https:\/\/www.hml-fetish.de\/shop\/fr\/wp-json\/wp\/v2\/product\/13044","targetHints":{"allow":["GET"]}}],"collection":[{"href":"https:\/\/www.hml-fetish.de\/shop\/fr\/wp-json\/wp\/v2\/product"}],"about":[{"href":"https:\/\/www.hml-fetish.de\/shop\/fr\/wp-json\/wp\/v2\/types\/product"}],"replies":[{"embeddable":true,"href":"https:\/\/www.hml-fetish.de\/shop\/fr\/wp-json\/wp\/v2\/comments?post=13044"}],"version-history":[{"count":0,"href":"https:\/\/www.hml-fetish.de\/shop\/fr\/wp-json\/wp\/v2\/product\/13044\/revisions"}],"wp:featuredmedia":[{"embeddable":true,"href":"https:\/\/www.hml-fetish.de\/shop\/fr\/wp-json\/wp\/v2\/media\/12961"}],"wp:attachment":[{"href":"https:\/\/www.hml-fetish.de\/shop\/fr\/wp-json\/wp\/v2\/media?parent=13044"}],"wp:term":[{"taxonomy":"product_brand","embeddable":true,"href":"https:\/\/www.hml-fetish.de\/shop\/fr\/wp-json\/wp\/v2\/product_brand?post=13044"},{"taxonomy":"product_cat","embeddable":true,"href":"https:\/\/www.hml-fetish.de\/shop\/fr\/wp-json\/wp\/v2\/product_cat?post=13044"},{"taxonomy":"product_tag","embeddable":true,"href":"https:\/\/www.hml-fetish.de\/shop\/fr\/wp-json\/wp\/v2\/product_tag?post=13044"}],"curies":[{"name":"wp","href":"https:\/\/api.w.org\/{rel}","templated":true}]}}