{"id":12953,"date":"2022-01-23T22:54:53","date_gmt":"2022-01-23T21:54:53","guid":{"rendered":"https:\/\/www.hml-fetish.de\/shop\/slip-en-cuir-pour-sport\/"},"modified":"2022-01-23T22:54:53","modified_gmt":"2022-01-23T21:54:53","slug":"slip-en-cuir-pour-sport","status":"publish","type":"product","link":"https:\/\/www.hml-fetish.de\/shop\/fr\/slip-en-cuir-pour-sport\/","title":{"rendered":"Slip en cuir pour sport"},"content":{"rendered":"<p>La coupe classique d&#8217;un slip, ici en cuir nappa de vachette \u00e0 tannage doux, noir. La pochette du slip est doubl\u00e9e de cuir lisse \u00e0 l&#8217;int\u00e9rieur, ce qui la rend particuli\u00e8rement excitante \u00e0 porter et plus facile \u00e0 nettoyer !<br \/>\n<BR><img decoding=\"async\" src=\"\/GIF\/sizefr_unisex_sp.gif\" alt=\"tableau des tailles\" title=\"tableau des tailles\" border=\"0\" height=\"194\" width=\"114\"><\/p>\n","protected":false},"excerpt":{"rendered":"<h4>Slip en cuir pour sport<\/h4>\n<p>La coupe classique d&#8217;un slip, ici en cuir nappa de vachette \u00e0 tannage doux, noir. La pochette du slip est doubl\u00e9e de cuir lisse \u00e0 l&#8217;int\u00e9rieur, ce qui la rend particuli\u00e8rement excitante \u00e0 porter et plus facile \u00e0 nettoyer ! <\/p>\n","protected":false},"featured_media":12928,"comment_status":"open","ping_status":"closed","template":"","meta":[],"product_brand":[],"product_cat":[732,596,654],"product_tag":[4400],"class_list":{"0":"post-12953","1":"product","2":"type-product","3":"status-publish","4":"has-post-thumbnail","6":"product_cat-best-seller","7":"product_cat-dessous-fr","8":"product_cat-slips-thongs","9":"product_tag-hml-fetish-original-fr","10":"product_shipping_class-lettre","12":"first","13":"instock","14":"taxable","15":"shipping-taxable","16":"purchasable","17":"product-type-variable"},"_links":{"self":[{"href":"https:\/\/www.hml-fetish.de\/shop\/fr\/wp-json\/wp\/v2\/product\/12953","targetHints":{"allow":["GET"]}}],"collection":[{"href":"https:\/\/www.hml-fetish.de\/shop\/fr\/wp-json\/wp\/v2\/product"}],"about":[{"href":"https:\/\/www.hml-fetish.de\/shop\/fr\/wp-json\/wp\/v2\/types\/product"}],"replies":[{"embeddable":true,"href":"https:\/\/www.hml-fetish.de\/shop\/fr\/wp-json\/wp\/v2\/comments?post=12953"}],"version-history":[{"count":0,"href":"https:\/\/www.hml-fetish.de\/shop\/fr\/wp-json\/wp\/v2\/product\/12953\/revisions"}],"wp:featuredmedia":[{"embeddable":true,"href":"https:\/\/www.hml-fetish.de\/shop\/fr\/wp-json\/wp\/v2\/media\/12928"}],"wp:attachment":[{"href":"https:\/\/www.hml-fetish.de\/shop\/fr\/wp-json\/wp\/v2\/media?parent=12953"}],"wp:term":[{"taxonomy":"product_brand","embeddable":true,"href":"https:\/\/www.hml-fetish.de\/shop\/fr\/wp-json\/wp\/v2\/product_brand?post=12953"},{"taxonomy":"product_cat","embeddable":true,"href":"https:\/\/www.hml-fetish.de\/shop\/fr\/wp-json\/wp\/v2\/product_cat?post=12953"},{"taxonomy":"product_tag","embeddable":true,"href":"https:\/\/www.hml-fetish.de\/shop\/fr\/wp-json\/wp\/v2\/product_tag?post=12953"}],"curies":[{"name":"wp","href":"https:\/\/api.w.org\/{rel}","templated":true}]}}