{"id":12920,"date":"2022-01-23T22:54:53","date_gmt":"2022-01-23T21:54:53","guid":{"rendered":"https:\/\/www.hml-fetish.de\/shop\/slip-mini-en-cuir\/"},"modified":"2022-01-23T22:54:53","modified_gmt":"2022-01-23T21:54:53","slug":"slip-mini-en-cuir","status":"publish","type":"product","link":"https:\/\/www.hml-fetish.de\/shop\/fr\/slip-mini-en-cuir\/","title":{"rendered":"Slip mini en cuir"},"content":{"rendered":"<p>Un slip tr\u00e8s serr\u00e9, de coupe sexy et tout en cuir. Dans un nappa sp\u00e9cial de vachette noire : \u00e0 la fois r\u00e9sistant et agr\u00e9able et doux.  Ce slip extra petit montre particuli\u00e8rement bien vos fesses, ce qui a un effet tr\u00e8s stimulant sur l&#8217;imagination des autres &#8211; et la v\u00f4tre !<br \/>\n<BR><img decoding=\"async\" src=\"\/GIF\/sizefr_unisex_sp.gif\" alt=\"tableau des tailles\" title=\"tableau des tailles\" border=\"0\" height=\"194\" width=\"114\"><\/p>\n","protected":false},"excerpt":{"rendered":"<h4>Slip mini en cuir<\/h4>\n<p>Un slip tr\u00e8s serr\u00e9, de coupe sexy et tout en cuir. Dans un nappa sp\u00e9cial de vachette noire : \u00e0 la fois r\u00e9sistant et agr\u00e9able et doux.  Ce slip extra petit montre particuli\u00e8rement bien vos fesses, ce qui a un effet tr\u00e8s stimulant sur l&#8217;imagination des autres &#8211; et la v\u00f4tre ! <\/p>\n","protected":false},"featured_media":12890,"comment_status":"open","ping_status":"closed","template":"","meta":[],"product_brand":[],"product_cat":[732,596,654],"product_tag":[4387,4400],"class_list":{"0":"post-12920","1":"product","2":"type-product","3":"status-publish","4":"has-post-thumbnail","6":"product_cat-best-seller","7":"product_cat-dessous-fr","8":"product_cat-slips-thongs","9":"product_tag-bestseller-dessous","10":"product_tag-hml-fetish-original-fr","11":"product_shipping_class-lettre","13":"first","14":"instock","15":"taxable","16":"shipping-taxable","17":"purchasable","18":"product-type-variable"},"_links":{"self":[{"href":"https:\/\/www.hml-fetish.de\/shop\/fr\/wp-json\/wp\/v2\/product\/12920","targetHints":{"allow":["GET"]}}],"collection":[{"href":"https:\/\/www.hml-fetish.de\/shop\/fr\/wp-json\/wp\/v2\/product"}],"about":[{"href":"https:\/\/www.hml-fetish.de\/shop\/fr\/wp-json\/wp\/v2\/types\/product"}],"replies":[{"embeddable":true,"href":"https:\/\/www.hml-fetish.de\/shop\/fr\/wp-json\/wp\/v2\/comments?post=12920"}],"version-history":[{"count":0,"href":"https:\/\/www.hml-fetish.de\/shop\/fr\/wp-json\/wp\/v2\/product\/12920\/revisions"}],"wp:featuredmedia":[{"embeddable":true,"href":"https:\/\/www.hml-fetish.de\/shop\/fr\/wp-json\/wp\/v2\/media\/12890"}],"wp:attachment":[{"href":"https:\/\/www.hml-fetish.de\/shop\/fr\/wp-json\/wp\/v2\/media?parent=12920"}],"wp:term":[{"taxonomy":"product_brand","embeddable":true,"href":"https:\/\/www.hml-fetish.de\/shop\/fr\/wp-json\/wp\/v2\/product_brand?post=12920"},{"taxonomy":"product_cat","embeddable":true,"href":"https:\/\/www.hml-fetish.de\/shop\/fr\/wp-json\/wp\/v2\/product_cat?post=12920"},{"taxonomy":"product_tag","embeddable":true,"href":"https:\/\/www.hml-fetish.de\/shop\/fr\/wp-json\/wp\/v2\/product_tag?post=12920"}],"curies":[{"name":"wp","href":"https:\/\/api.w.org\/{rel}","templated":true}]}}