{"id":12882,"date":"2022-01-23T22:54:53","date_gmt":"2022-01-23T21:54:53","guid":{"rendered":"https:\/\/www.hml-fetish.de\/shop\/jock-strap-army-cuir\/"},"modified":"2022-01-23T22:54:53","modified_gmt":"2022-01-23T21:54:53","slug":"jock-strap-army-cuir","status":"publish","type":"product","link":"https:\/\/www.hml-fetish.de\/shop\/fr\/jock-strap-army-cuir\/","title":{"rendered":"Jock-strap Army Cuir"},"content":{"rendered":"<p>Une nouveaut\u00e9 exclusive chez HML fetish: un jock-strap en cuir avec la poche en textile camouflage de la Bundeswehr qui impressionne par cette combinaison du cuir luisant au look milit. deux inserts \u00e9lastiques assurent le confort n\u00e9cessaire et iront \u00e0 chaque recru qui d\u00e9sire impressionner son sup\u00e9rieur.<br \/>\n<BR><img decoding=\"async\" src=\"\/GIF\/sizefr_unisex_sp.gif\" alt=\"tableau des tailles\" title=\"tableau des tailles\" border=\"0\" height=\"194\" width=\"114\"><\/p>\n","protected":false},"excerpt":{"rendered":"<h4>Jock-strap Army Cuir<\/h4>\n<p>Une nouveaut\u00e9 exclusive chez HML fetish: un jock-strap en cuir avec la poche en textile camouflage de la Bundeswehr qui impressionne par cette combinaison du cuir luisant au look milit. deux inserts \u00e9lastiques assurent le confort n\u00e9cessaire et iront \u00e0 chaque recru qui d\u00e9sire impressionner son sup\u00e9rieur.<\/p>\n","protected":false},"featured_media":12854,"comment_status":"open","ping_status":"closed","template":"","meta":[],"product_brand":[],"product_cat":[596,752,656,630],"product_tag":[],"class_list":{"0":"post-12882","1":"product","2":"type-product","3":"status-publish","4":"has-post-thumbnail","6":"product_cat-dessous-fr","7":"product_cat-fin-de-serie","8":"product_cat-jocks","9":"product_cat-vetements-army","10":"product_shipping_class-lettre","12":"first","13":"instock","14":"sale","15":"taxable","16":"shipping-taxable","17":"purchasable","18":"product-type-variable"},"_links":{"self":[{"href":"https:\/\/www.hml-fetish.de\/shop\/fr\/wp-json\/wp\/v2\/product\/12882","targetHints":{"allow":["GET"]}}],"collection":[{"href":"https:\/\/www.hml-fetish.de\/shop\/fr\/wp-json\/wp\/v2\/product"}],"about":[{"href":"https:\/\/www.hml-fetish.de\/shop\/fr\/wp-json\/wp\/v2\/types\/product"}],"replies":[{"embeddable":true,"href":"https:\/\/www.hml-fetish.de\/shop\/fr\/wp-json\/wp\/v2\/comments?post=12882"}],"version-history":[{"count":0,"href":"https:\/\/www.hml-fetish.de\/shop\/fr\/wp-json\/wp\/v2\/product\/12882\/revisions"}],"wp:featuredmedia":[{"embeddable":true,"href":"https:\/\/www.hml-fetish.de\/shop\/fr\/wp-json\/wp\/v2\/media\/12854"}],"wp:attachment":[{"href":"https:\/\/www.hml-fetish.de\/shop\/fr\/wp-json\/wp\/v2\/media?parent=12882"}],"wp:term":[{"taxonomy":"product_brand","embeddable":true,"href":"https:\/\/www.hml-fetish.de\/shop\/fr\/wp-json\/wp\/v2\/product_brand?post=12882"},{"taxonomy":"product_cat","embeddable":true,"href":"https:\/\/www.hml-fetish.de\/shop\/fr\/wp-json\/wp\/v2\/product_cat?post=12882"},{"taxonomy":"product_tag","embeddable":true,"href":"https:\/\/www.hml-fetish.de\/shop\/fr\/wp-json\/wp\/v2\/product_tag?post=12882"}],"curies":[{"name":"wp","href":"https:\/\/api.w.org\/{rel}","templated":true}]}}