{"id":12851,"date":"2022-01-23T22:54:54","date_gmt":"2022-01-23T21:54:54","guid":{"rendered":"https:\/\/www.hml-fetish.de\/shop\/supporter-en-cuir-avec-crepine\/"},"modified":"2022-01-23T22:54:54","modified_gmt":"2022-01-23T21:54:54","slug":"supporter-en-cuir-avec-crepine","status":"publish","type":"product","link":"https:\/\/www.hml-fetish.de\/shop\/fr\/supporter-en-cuir-avec-crepine\/","title":{"rendered":"Supporter en cuir avec cr\u00e9pine taille L"},"content":{"rendered":"<p>Un design particuli\u00e8rement sexe et moulant. Travaill\u00e9 en cuir mat et cuir mat trou\u00e9 pour tout reveler en le cachant. deux rayure argent-gris pour bien accentuer le paquet.<br \/>\n<BR><img decoding=\"async\" src=\"\/GIF\/sizefr_unisex_sp.gif\" alt=\"tableau des tailles\" title=\"tableau des tailles\" border=\"0\" height=\"194\" width=\"114\"><\/p>\n","protected":false},"excerpt":{"rendered":"<h4>Supporter en cuir avec cr\u00e9pine<\/h4>\n<p>Un design particuli\u00e8rement sexe et moulant. Travaill\u00e9 en cuir mat et cuir mat trou\u00e9 pour tout reveler en le cachant. deux rayure argent-gris pour bien accentuer le paquet.<\/p>\n","protected":false},"featured_media":12834,"comment_status":"open","ping_status":"closed","template":"","meta":[],"product_brand":[],"product_cat":[596,752,656],"product_tag":[],"class_list":{"0":"post-12851","1":"product","2":"type-product","3":"status-publish","4":"has-post-thumbnail","6":"product_cat-dessous-fr","7":"product_cat-fin-de-serie","8":"product_cat-jocks","9":"product_shipping_class-colis-fr","11":"first","12":"instock","13":"sale","14":"taxable","15":"shipping-taxable","16":"purchasable","17":"product-type-simple"},"_links":{"self":[{"href":"https:\/\/www.hml-fetish.de\/shop\/fr\/wp-json\/wp\/v2\/product\/12851","targetHints":{"allow":["GET"]}}],"collection":[{"href":"https:\/\/www.hml-fetish.de\/shop\/fr\/wp-json\/wp\/v2\/product"}],"about":[{"href":"https:\/\/www.hml-fetish.de\/shop\/fr\/wp-json\/wp\/v2\/types\/product"}],"replies":[{"embeddable":true,"href":"https:\/\/www.hml-fetish.de\/shop\/fr\/wp-json\/wp\/v2\/comments?post=12851"}],"version-history":[{"count":0,"href":"https:\/\/www.hml-fetish.de\/shop\/fr\/wp-json\/wp\/v2\/product\/12851\/revisions"}],"wp:featuredmedia":[{"embeddable":true,"href":"https:\/\/www.hml-fetish.de\/shop\/fr\/wp-json\/wp\/v2\/media\/12834"}],"wp:attachment":[{"href":"https:\/\/www.hml-fetish.de\/shop\/fr\/wp-json\/wp\/v2\/media?parent=12851"}],"wp:term":[{"taxonomy":"product_brand","embeddable":true,"href":"https:\/\/www.hml-fetish.de\/shop\/fr\/wp-json\/wp\/v2\/product_brand?post=12851"},{"taxonomy":"product_cat","embeddable":true,"href":"https:\/\/www.hml-fetish.de\/shop\/fr\/wp-json\/wp\/v2\/product_cat?post=12851"},{"taxonomy":"product_tag","embeddable":true,"href":"https:\/\/www.hml-fetish.de\/shop\/fr\/wp-json\/wp\/v2\/product_tag?post=12851"}],"curies":[{"name":"wp","href":"https:\/\/api.w.org\/{rel}","templated":true}]}}