{"id":12820,"date":"2022-01-23T22:54:54","date_gmt":"2022-01-23T21:54:54","guid":{"rendered":"https:\/\/www.hml-fetish.de\/shop\/string-pour-maitre\/"},"modified":"2022-01-23T22:54:54","modified_gmt":"2022-01-23T21:54:54","slug":"string-pour-maitre","status":"publish","type":"product","link":"https:\/\/www.hml-fetish.de\/shop\/fr\/string-pour-maitre\/","title":{"rendered":"String pour maitre"},"content":{"rendered":"<p>Une construction particuli\u00e8rement excitante en cuir et en m\u00e9tal. Nappa de b\u0153uf solide, finition de haute qualit\u00e9 (par ex. encolure g\u00e9nitale bord\u00e9e de plumes). Avec des cockrings interchangeables. Convient \u00e9galement pour les grands cockrings (comme les donuts). Nous livrons le Meister-String avec un anneau de 50 mm et un de 40 mm. Veuillez indiquer dans le champ &#8220;Commentaires&#8221; lors de l&#8217;enregistrement de votre commande si vous avez besoin d&#8217;autres tailles.<\/P><P>En ce qui concerne la taille, le tour de hanches, le string est r\u00e9glable en largeur \u00e0 l&#8217;aide de boutons-pression. Bien pens\u00e9 : le sac est fix\u00e9 dans des boucles suppl\u00e9mentaires : Tu n&#8217;as pas besoin de d\u00e9tacher les sangles du string pour l&#8217;enlever. Dans l&#8217;ensemble, cette finition est unique et sup\u00e9rieure \u00e0 tous points de vue aux autres mod\u00e8les!<\/P><br \/>\n<P>Pour un suppl\u00e9ment de 20,00 euros, tu peux aussi obtenir cette pi\u00e8ce pointue sous forme de jock avec deux bandes d&#8217;entrejambe.<br \/>\n<BR><img decoding=\"async\" src=\"\/GIF\/sizefr_unisex_sp.gif\" alt=\"tableau des tailles\" title=\"tableau des tailles\" border=\"0\" height=\"194\" width=\"114\"><\/P><\/p>\n","protected":false},"excerpt":{"rendered":"<h4>String pour maitre<\/h4>\n<p>Une construction particuli\u00e8rement excitante en cuir et en m\u00e9tal. Nappa de b\u0153uf solide, finition de haute qualit\u00e9 (par ex. encolure g\u00e9nitale bord\u00e9e de plumes). Avec des cockrings interchangeables. Convient \u00e9galement pour les grands cockrings (comme les donuts). Nous livrons le Meister-String avec un anneau de 50 mm et un de 40 mm. Veuillez indiquer dans le champ &#8220;Commentaires&#8221; lors de l&#8217;enregistrement de votre commande si vous avez besoin d&#8217;autres tailles.<\/p>\n","protected":false},"featured_media":12767,"comment_status":"open","ping_status":"closed","template":"","meta":[],"product_brand":[],"product_cat":[732,697,596,656,654],"product_tag":[4400],"class_list":{"0":"post-12820","1":"product","2":"type-product","3":"status-publish","4":"has-post-thumbnail","6":"product_cat-best-seller","7":"product_cat-cbt-fr","8":"product_cat-dessous-fr","9":"product_cat-jocks","10":"product_cat-slips-thongs","11":"product_tag-hml-fetish-original-fr","12":"product_shipping_class-colis-fr","14":"first","15":"instock","16":"taxable","17":"shipping-taxable","18":"purchasable","19":"product-type-variable"},"_links":{"self":[{"href":"https:\/\/www.hml-fetish.de\/shop\/fr\/wp-json\/wp\/v2\/product\/12820","targetHints":{"allow":["GET"]}}],"collection":[{"href":"https:\/\/www.hml-fetish.de\/shop\/fr\/wp-json\/wp\/v2\/product"}],"about":[{"href":"https:\/\/www.hml-fetish.de\/shop\/fr\/wp-json\/wp\/v2\/types\/product"}],"replies":[{"embeddable":true,"href":"https:\/\/www.hml-fetish.de\/shop\/fr\/wp-json\/wp\/v2\/comments?post=12820"}],"version-history":[{"count":0,"href":"https:\/\/www.hml-fetish.de\/shop\/fr\/wp-json\/wp\/v2\/product\/12820\/revisions"}],"wp:featuredmedia":[{"embeddable":true,"href":"https:\/\/www.hml-fetish.de\/shop\/fr\/wp-json\/wp\/v2\/media\/12767"}],"wp:attachment":[{"href":"https:\/\/www.hml-fetish.de\/shop\/fr\/wp-json\/wp\/v2\/media?parent=12820"}],"wp:term":[{"taxonomy":"product_brand","embeddable":true,"href":"https:\/\/www.hml-fetish.de\/shop\/fr\/wp-json\/wp\/v2\/product_brand?post=12820"},{"taxonomy":"product_cat","embeddable":true,"href":"https:\/\/www.hml-fetish.de\/shop\/fr\/wp-json\/wp\/v2\/product_cat?post=12820"},{"taxonomy":"product_tag","embeddable":true,"href":"https:\/\/www.hml-fetish.de\/shop\/fr\/wp-json\/wp\/v2\/product_tag?post=12820"}],"curies":[{"name":"wp","href":"https:\/\/api.w.org\/{rel}","templated":true}]}}