{"id":12759,"date":"2022-01-23T22:54:54","date_gmt":"2022-01-23T21:54:54","guid":{"rendered":"https:\/\/www.hml-fetish.de\/shop\/posing-string\/"},"modified":"2022-01-23T22:54:54","modified_gmt":"2022-01-23T21:54:54","slug":"posing-string","status":"publish","type":"product","link":"https:\/\/www.hml-fetish.de\/shop\/fr\/posing-string\/","title":{"rendered":"Posing String"},"content":{"rendered":"<p>Le string pour toutes les occasions. Port\u00e9 boutonn\u00e9, avec la course particuli\u00e8re des sangles et la poche bien form\u00e9e, il ouvre d\u00e9j\u00e0 incroyablement l&#8217;app\u00e9tit. Et ensuite, il suffit de d\u00e9boutonner la poche&#8230; En dessous, tu d\u00e9couvres un spectacle app\u00e9tissant de brillance argent\u00e9e et de cuir noir. Elle se porte aussi tr\u00e8s bien sous un jean et s&#8217;accorde parfaitement avec une chaps.<br \/>\n<BR><img decoding=\"async\" src=\"\/GIF\/sizefr_unisex_sp.gif\" alt=\"tableau des tailles\" title=\"tableau des tailles\" border=\"0\" height=\"194\" width=\"114\"><\/p>\n","protected":false},"excerpt":{"rendered":"<h4>Posing String<\/h4>\n<p>Le string pour toutes les occasions. Port\u00e9 boutonn\u00e9, avec la course particuli\u00e8re des sangles et la poche bien form\u00e9e, il ouvre d\u00e9j\u00e0 incroyablement l&#8217;app\u00e9tit. Et ensuite, il suffit de d\u00e9boutonner la poche&#8230; En dessous, tu d\u00e9couvres un spectacle app\u00e9tissant de brillance argent\u00e9e et de cuir noir. Elle se porte aussi tr\u00e8s bien sous un jean et s&#8217;accorde parfaitement avec une chaps.<\/p>\n","protected":false},"featured_media":12737,"comment_status":"open","ping_status":"closed","template":"","meta":[],"product_brand":[],"product_cat":[596,714,752,654],"product_tag":[4400],"class_list":{"0":"post-12759","1":"product","2":"type-product","3":"status-publish","4":"has-post-thumbnail","6":"product_cat-dessous-fr","7":"product_cat-dungeon-fr","8":"product_cat-fin-de-serie","9":"product_cat-slips-thongs","10":"product_tag-hml-fetish-original-fr","11":"product_shipping_class-colis-fr","13":"first","14":"instock","15":"sale","16":"taxable","17":"shipping-taxable","18":"purchasable","19":"product-type-variable"},"_links":{"self":[{"href":"https:\/\/www.hml-fetish.de\/shop\/fr\/wp-json\/wp\/v2\/product\/12759","targetHints":{"allow":["GET"]}}],"collection":[{"href":"https:\/\/www.hml-fetish.de\/shop\/fr\/wp-json\/wp\/v2\/product"}],"about":[{"href":"https:\/\/www.hml-fetish.de\/shop\/fr\/wp-json\/wp\/v2\/types\/product"}],"replies":[{"embeddable":true,"href":"https:\/\/www.hml-fetish.de\/shop\/fr\/wp-json\/wp\/v2\/comments?post=12759"}],"version-history":[{"count":0,"href":"https:\/\/www.hml-fetish.de\/shop\/fr\/wp-json\/wp\/v2\/product\/12759\/revisions"}],"wp:featuredmedia":[{"embeddable":true,"href":"https:\/\/www.hml-fetish.de\/shop\/fr\/wp-json\/wp\/v2\/media\/12737"}],"wp:attachment":[{"href":"https:\/\/www.hml-fetish.de\/shop\/fr\/wp-json\/wp\/v2\/media?parent=12759"}],"wp:term":[{"taxonomy":"product_brand","embeddable":true,"href":"https:\/\/www.hml-fetish.de\/shop\/fr\/wp-json\/wp\/v2\/product_brand?post=12759"},{"taxonomy":"product_cat","embeddable":true,"href":"https:\/\/www.hml-fetish.de\/shop\/fr\/wp-json\/wp\/v2\/product_cat?post=12759"},{"taxonomy":"product_tag","embeddable":true,"href":"https:\/\/www.hml-fetish.de\/shop\/fr\/wp-json\/wp\/v2\/product_tag?post=12759"}],"curies":[{"name":"wp","href":"https:\/\/api.w.org\/{rel}","templated":true}]}}