{"id":12729,"date":"2022-01-23T22:54:55","date_gmt":"2022-01-23T21:54:55","guid":{"rendered":"https:\/\/www.hml-fetish.de\/shop\/string-pour-chastete-mak\/"},"modified":"2022-01-23T22:54:55","modified_gmt":"2022-01-23T21:54:55","slug":"string-pour-chastete-mak","status":"publish","type":"product","link":"https:\/\/www.hml-fetish.de\/shop\/fr\/string-pour-chastete-mak\/","title":{"rendered":"String pour chastet\u00e9 MAK"},"content":{"rendered":"<p>Une construction enti\u00e8rement nouvelle et tr\u00e8s solide qui emp\u00eache efficacement tout acc\u00e8s non autoris\u00e9. Elle est particuli\u00e8rement bien ajust\u00e9e et peut \u00eatre ferm\u00e9e \u00e0 l&#8217;aide d&#8217;une seule serrure. La qualit\u00e9 bien connue de la s\u00e9rie MAK.<\/p>\n<p>La plaque de base et les sangles sont en cuir solide d&#8217;environ 3 mm d&#8217;\u00e9paisseur. Le sac est en cuir de 1,5 mm d&#8217;\u00e9paisseur. Il est accompagn\u00e9 d&#8217;un anneau de fermeture (interchangeable) en inox de 50 mm et d&#8217;un petit cadenas en laiton chrom\u00e9. Disponible en taille S, M, L et XL.<\/p>\n<p><P><img decoding=\"async\" src=\"\/GIF\/sizefr_unisex_sp.gif\" alt=\"tableau des tailles\" title=\"tableau des tailles\" border=\"0\" height=\"194\" width=\"114\"><\/P><\/p>\n","protected":false},"excerpt":{"rendered":"<h4>String pour chastet\u00e9 MAK<\/h4>\n<p>Une construction enti\u00e8rement nouvelle et tr\u00e8s solide qui emp\u00eache efficacement tout acc\u00e8s non autoris\u00e9. Elle est particuli\u00e8rement bien ajust\u00e9e et peut \u00eatre ferm\u00e9e \u00e0 l&#8217;aide d&#8217;une seule serrure. La qualit\u00e9 bien connue de la s\u00e9rie MAK.<\/p>\n","protected":false},"featured_media":12695,"comment_status":"open","ping_status":"closed","template":"","meta":[],"product_brand":[],"product_cat":[710,596,654],"product_tag":[4400],"class_list":{"0":"post-12729","1":"product","2":"type-product","3":"status-publish","4":"has-post-thumbnail","6":"product_cat-chastete","7":"product_cat-dessous-fr","8":"product_cat-slips-thongs","9":"product_tag-hml-fetish-original-fr","10":"product_shipping_class-colis-fr","12":"first","13":"instock","14":"sale","15":"taxable","16":"shipping-taxable","17":"purchasable","18":"product-type-variable"},"_links":{"self":[{"href":"https:\/\/www.hml-fetish.de\/shop\/fr\/wp-json\/wp\/v2\/product\/12729","targetHints":{"allow":["GET"]}}],"collection":[{"href":"https:\/\/www.hml-fetish.de\/shop\/fr\/wp-json\/wp\/v2\/product"}],"about":[{"href":"https:\/\/www.hml-fetish.de\/shop\/fr\/wp-json\/wp\/v2\/types\/product"}],"replies":[{"embeddable":true,"href":"https:\/\/www.hml-fetish.de\/shop\/fr\/wp-json\/wp\/v2\/comments?post=12729"}],"version-history":[{"count":0,"href":"https:\/\/www.hml-fetish.de\/shop\/fr\/wp-json\/wp\/v2\/product\/12729\/revisions"}],"wp:featuredmedia":[{"embeddable":true,"href":"https:\/\/www.hml-fetish.de\/shop\/fr\/wp-json\/wp\/v2\/media\/12695"}],"wp:attachment":[{"href":"https:\/\/www.hml-fetish.de\/shop\/fr\/wp-json\/wp\/v2\/media?parent=12729"}],"wp:term":[{"taxonomy":"product_brand","embeddable":true,"href":"https:\/\/www.hml-fetish.de\/shop\/fr\/wp-json\/wp\/v2\/product_brand?post=12729"},{"taxonomy":"product_cat","embeddable":true,"href":"https:\/\/www.hml-fetish.de\/shop\/fr\/wp-json\/wp\/v2\/product_cat?post=12729"},{"taxonomy":"product_tag","embeddable":true,"href":"https:\/\/www.hml-fetish.de\/shop\/fr\/wp-json\/wp\/v2\/product_tag?post=12729"}],"curies":[{"name":"wp","href":"https:\/\/api.w.org\/{rel}","templated":true}]}}