{"id":12606,"date":"2022-01-23T22:54:57","date_gmt":"2022-01-23T21:54:57","guid":{"rendered":"https:\/\/www.hml-fetish.de\/shop\/original-edition-jockstrap\/"},"modified":"2022-01-23T22:54:57","modified_gmt":"2022-01-23T21:54:57","slug":"original-edition-jockstrap","status":"publish","type":"product","link":"https:\/\/www.hml-fetish.de\/shop\/fr\/original-edition-jockstrap\/","title":{"rendered":"Original Edition Jockstrap"},"content":{"rendered":"<p>Le jock-strap classique qui succ\u00e8de aux fameux \u00bb BIKE \u00ab dont la production a cess\u00e9. Son \u00e9lastique vient avec une largeur de 5 cm. Le jock-strap classique \u00e0 l&#8217;\u00e9lastique large. En tailles S, M. L et XL. Diff\u00e9rents coloris disponible.<br \/>\n<BR><img decoding=\"async\" src=\"\/GIF\/sizefr_unisex_sp.gif\" alt=\"tableau des tailles\" title=\"tableau des tailles\" border=\"0\" height=\"194\" width=\"114\"><\/p>\n","protected":false},"excerpt":{"rendered":"<h4>Original Edition Jockstrap<\/h4>\n<p>Le jock-strap classique qui succ\u00e8de aux fameux \u00bb BIKE \u00ab dont la production a cess\u00e9. Son \u00e9lastique vient avec une largeur de 5 cm. Le jock-strap classique \u00e0 l&#8217;\u00e9lastique large. En tailles S, M. L et XL. Diff\u00e9rents coloris disponible.<\/p>\n","protected":false},"featured_media":12534,"comment_status":"open","ping_status":"closed","template":"","meta":[],"product_brand":[],"product_cat":[732,656],"product_tag":[4387],"class_list":{"0":"post-12606","1":"product","2":"type-product","3":"status-publish","4":"has-post-thumbnail","6":"product_cat-best-seller","7":"product_cat-jocks","8":"product_tag-bestseller-dessous","9":"product_shipping_class-lettre","11":"first","12":"instock","13":"taxable","14":"shipping-taxable","15":"purchasable","16":"product-type-variable"},"_links":{"self":[{"href":"https:\/\/www.hml-fetish.de\/shop\/fr\/wp-json\/wp\/v2\/product\/12606","targetHints":{"allow":["GET"]}}],"collection":[{"href":"https:\/\/www.hml-fetish.de\/shop\/fr\/wp-json\/wp\/v2\/product"}],"about":[{"href":"https:\/\/www.hml-fetish.de\/shop\/fr\/wp-json\/wp\/v2\/types\/product"}],"replies":[{"embeddable":true,"href":"https:\/\/www.hml-fetish.de\/shop\/fr\/wp-json\/wp\/v2\/comments?post=12606"}],"version-history":[{"count":0,"href":"https:\/\/www.hml-fetish.de\/shop\/fr\/wp-json\/wp\/v2\/product\/12606\/revisions"}],"wp:featuredmedia":[{"embeddable":true,"href":"https:\/\/www.hml-fetish.de\/shop\/fr\/wp-json\/wp\/v2\/media\/12534"}],"wp:attachment":[{"href":"https:\/\/www.hml-fetish.de\/shop\/fr\/wp-json\/wp\/v2\/media?parent=12606"}],"wp:term":[{"taxonomy":"product_brand","embeddable":true,"href":"https:\/\/www.hml-fetish.de\/shop\/fr\/wp-json\/wp\/v2\/product_brand?post=12606"},{"taxonomy":"product_cat","embeddable":true,"href":"https:\/\/www.hml-fetish.de\/shop\/fr\/wp-json\/wp\/v2\/product_cat?post=12606"},{"taxonomy":"product_tag","embeddable":true,"href":"https:\/\/www.hml-fetish.de\/shop\/fr\/wp-json\/wp\/v2\/product_tag?post=12606"}],"curies":[{"name":"wp","href":"https:\/\/api.w.org\/{rel}","templated":true}]}}