{"id":12457,"date":"2022-01-23T22:54:58","date_gmt":"2022-01-23T21:54:58","guid":{"rendered":"https:\/\/www.hml-fetish.de\/shop\/slip-en-latex-avec-preservatif\/"},"modified":"2023-01-17T14:06:38","modified_gmt":"2023-01-17T13:06:38","slug":"slip-en-latex-avec-preservatif","status":"publish","type":"product","link":"https:\/\/www.hml-fetish.de\/shop\/fr\/slip-en-latex-avec-preservatif\/","title":{"rendered":"Slip en latex avec preservatif 0.6 mm"},"content":{"rendered":"<p>Ce mod\u00e8le de slip en caoutchouc est vraiment sp\u00e9cial: Du rubber avec une \u00e9paisseur de 0,6 mm et bien plus \u00e9pais que ce que l&#8217;on trouve ailleurs. Comme un rock-ring la capote int\u00e9gr\u00e9e exerce une certaine pression qui prolonge l&#8217;\u00e9rection. Pas de moyens de cacher ta joie. Pendant des ann\u00e9es ces slips \u00e9taient parmi nos bestsellers et ce n&#8217;est que maintenant que nous avons d\u00e9nich\u00e9 un nouveau fournisseur pour cet article exclusif.<\/p>\n<p><P>Disponible en tailles S \u00e1 XL. Notre conseil: si tu chavires entre deux tailles tu prendras la plus grande. Etant bien \u00e9pais, ce caoutchouc est un peu moins \u00e9lastique. Il mesure environ 13 cm de long et poss\u00e8de un diam\u00e8tre ext\u00e9rieur de 4,5 cm.<br \/>\n<BR><img decoding=\"async\" src=\"\/GIF\/sizefr_unisex_sp.gif\" alt=\"tableau des tailles\" title=\"tableau des tailles\" border=\"0\" height=\"194\" width=\"114\"><\/P><\/p>\n","protected":false},"excerpt":{"rendered":"<h4>Slip en latex avec preservatif 0.6 mm<\/h4>\n<p>Ce mod\u00e8le de slip en caoutchouc est vraiment sp\u00e9cial: Du rubber avec une \u00e9paisseur de 0,6 mm et bien plus \u00e9pais que ce que l&#8217;on trouve ailleurs. Comme un rock-ring la capote int\u00e9gr\u00e9e exerce une certaine pression qui prolonge l&#8217;\u00e9rection. Pas de moyens de cacher ta joie. Pendant des ann\u00e9es ces slips \u00e9taient parmi nos bestsellers et ce n&#8217;est que maintenant que nous avons d\u00e9nich\u00e9 un nouveau fournisseur pour cet article exclusif.<\/p>\n","protected":false},"featured_media":12444,"comment_status":"open","ping_status":"closed","template":"","meta":[],"product_brand":[],"product_cat":[732,622,654],"product_tag":[4400],"class_list":{"0":"post-12457","1":"product","2":"type-product","3":"status-publish","4":"has-post-thumbnail","6":"product_cat-best-seller","7":"product_cat-dessous-en-latex","8":"product_cat-slips-thongs","9":"product_tag-hml-fetish-original-fr","10":"product_shipping_class-lettre","12":"first","13":"instock","14":"taxable","15":"shipping-taxable","16":"purchasable","17":"product-type-variable"},"_links":{"self":[{"href":"https:\/\/www.hml-fetish.de\/shop\/fr\/wp-json\/wp\/v2\/product\/12457","targetHints":{"allow":["GET"]}}],"collection":[{"href":"https:\/\/www.hml-fetish.de\/shop\/fr\/wp-json\/wp\/v2\/product"}],"about":[{"href":"https:\/\/www.hml-fetish.de\/shop\/fr\/wp-json\/wp\/v2\/types\/product"}],"replies":[{"embeddable":true,"href":"https:\/\/www.hml-fetish.de\/shop\/fr\/wp-json\/wp\/v2\/comments?post=12457"}],"version-history":[{"count":0,"href":"https:\/\/www.hml-fetish.de\/shop\/fr\/wp-json\/wp\/v2\/product\/12457\/revisions"}],"wp:featuredmedia":[{"embeddable":true,"href":"https:\/\/www.hml-fetish.de\/shop\/fr\/wp-json\/wp\/v2\/media\/12444"}],"wp:attachment":[{"href":"https:\/\/www.hml-fetish.de\/shop\/fr\/wp-json\/wp\/v2\/media?parent=12457"}],"wp:term":[{"taxonomy":"product_brand","embeddable":true,"href":"https:\/\/www.hml-fetish.de\/shop\/fr\/wp-json\/wp\/v2\/product_brand?post=12457"},{"taxonomy":"product_cat","embeddable":true,"href":"https:\/\/www.hml-fetish.de\/shop\/fr\/wp-json\/wp\/v2\/product_cat?post=12457"},{"taxonomy":"product_tag","embeddable":true,"href":"https:\/\/www.hml-fetish.de\/shop\/fr\/wp-json\/wp\/v2\/product_tag?post=12457"}],"curies":[{"name":"wp","href":"https:\/\/api.w.org\/{rel}","templated":true}]}}