{"id":12353,"date":"2022-01-23T22:54:59","date_gmt":"2022-01-23T21:54:59","guid":{"rendered":"https:\/\/www.hml-fetish.de\/shop\/jock-strap-avec-3d-mesh-poche\/"},"modified":"2022-01-23T22:54:59","modified_gmt":"2022-01-23T21:54:59","slug":"jock-strap-avec-3d-mesh-poche","status":"publish","type":"product","link":"https:\/\/www.hml-fetish.de\/shop\/fr\/jock-strap-avec-3d-mesh-poche\/","title":{"rendered":"Jock-Strap avec 3D-Mesh poche"},"content":{"rendered":"<p>La bande centrale du sac et sa bordure sont en similicuir noir. Sur les c\u00f4t\u00e9s, il y a un tissu en maille 3D en quatre couleurs vives (rouge, orange, jaune ou bleu). A l&#8217;int\u00e9rieur se trouve une doublure en tissu de coton noir. Sangles de fesses \u00e9lastiques et r\u00e9glables. Le tissu en maille est si excitant que vous commencez automatiquement \u00e0 malaxer la poche dans votre main. Ou quelqu&#8217;un d&#8217;autre vous fait \u00e7a quand vous lui faites face comme \u00e7a.<br \/>\n<BR><img decoding=\"async\" src=\"\/GIF\/sizefr_unisex_sp.gif\" alt=\"tableau des tailles\" title=\"tableau des tailles\" border=\"0\" height=\"194\" width=\"114\"><\/p>\n","protected":false},"excerpt":{"rendered":"<h4>Jock-Strap avec 3D-Mesh poche<\/h4>\n<p>La bande centrale du sac et sa bordure sont en similicuir noir. Sur les c\u00f4t\u00e9s, il y a un tissu en maille 3D en quatre couleurs vives (rouge, orange, jaune ou bleu). A l&#8217;int\u00e9rieur se trouve une doublure en tissu de coton noir. Sangles de fesses \u00e9lastiques et r\u00e9glables. Le tissu en maille est si excitant que vous commencez automatiquement \u00e0 malaxer la poche dans votre main. Ou quelqu&#8217;un d&#8217;autre vous fait \u00e7a quand vous lui faites face comme \u00e7a.<\/p>\n","protected":false},"featured_media":37548,"comment_status":"open","ping_status":"closed","template":"","meta":[],"product_brand":[],"product_cat":[596,732,721,656],"product_tag":[4387,4400],"class_list":{"0":"post-12353","1":"product","2":"type-product","3":"status-publish","4":"has-post-thumbnail","6":"product_cat-dessous-fr","7":"product_cat-best-seller","8":"product_cat-gay-pride-fr","9":"product_cat-jocks","10":"product_tag-bestseller-dessous","11":"product_tag-hml-fetish-original-fr","12":"product_shipping_class-lettre","14":"first","15":"instock","16":"taxable","17":"shipping-taxable","18":"purchasable","19":"product-type-variable"},"_links":{"self":[{"href":"https:\/\/www.hml-fetish.de\/shop\/fr\/wp-json\/wp\/v2\/product\/12353","targetHints":{"allow":["GET"]}}],"collection":[{"href":"https:\/\/www.hml-fetish.de\/shop\/fr\/wp-json\/wp\/v2\/product"}],"about":[{"href":"https:\/\/www.hml-fetish.de\/shop\/fr\/wp-json\/wp\/v2\/types\/product"}],"replies":[{"embeddable":true,"href":"https:\/\/www.hml-fetish.de\/shop\/fr\/wp-json\/wp\/v2\/comments?post=12353"}],"version-history":[{"count":0,"href":"https:\/\/www.hml-fetish.de\/shop\/fr\/wp-json\/wp\/v2\/product\/12353\/revisions"}],"wp:featuredmedia":[{"embeddable":true,"href":"https:\/\/www.hml-fetish.de\/shop\/fr\/wp-json\/wp\/v2\/media\/37548"}],"wp:attachment":[{"href":"https:\/\/www.hml-fetish.de\/shop\/fr\/wp-json\/wp\/v2\/media?parent=12353"}],"wp:term":[{"taxonomy":"product_brand","embeddable":true,"href":"https:\/\/www.hml-fetish.de\/shop\/fr\/wp-json\/wp\/v2\/product_brand?post=12353"},{"taxonomy":"product_cat","embeddable":true,"href":"https:\/\/www.hml-fetish.de\/shop\/fr\/wp-json\/wp\/v2\/product_cat?post=12353"},{"taxonomy":"product_tag","embeddable":true,"href":"https:\/\/www.hml-fetish.de\/shop\/fr\/wp-json\/wp\/v2\/product_tag?post=12353"}],"curies":[{"name":"wp","href":"https:\/\/api.w.org\/{rel}","templated":true}]}}