{"id":12220,"date":"2022-01-23T22:54:59","date_gmt":"2022-01-23T21:54:59","guid":{"rendered":"https:\/\/www.hml-fetish.de\/shop\/jock-en-cuir-avec-piquage\/"},"modified":"2026-02-12T13:42:11","modified_gmt":"2026-02-12T12:42:11","slug":"jock-en-cuir-avec-piquage","status":"publish","type":"product","link":"https:\/\/www.hml-fetish.de\/shop\/fr\/jock-en-cuir-avec-piquage\/","title":{"rendered":"Jock en cuir avec piquage"},"content":{"rendered":"<p>Ce support a un aspect si masculin que vous serez abasourdi lorsque vous vous verrez dans le miroir pour la premi\u00e8re fois. Il est muni de sangles de fesses \u00e9lastiques et r\u00e9glables. Une pochette en cuir r\u00e9sistant autoform\u00e9 avec un matelassage semblable \u00e0 celui d&#8217;une veste en cuir \u00e9pais. Au milieu, une fermeture \u00e9clair en plastique noir. Ce rabat est \u00e9galement en cuir. L&#8217;int\u00e9rieur de la pochette est en outre doubl\u00e9 de cuir souple. Nos jocks sont particuli\u00e8rement sexy sous les chaps !<br \/>\n<BR><img decoding=\"async\" src=\"\/GIF\/sizefr_unisex_sp.gif\" alt=\"tableau des tailles\" title=\"tableau des tailles\" border=\"0\" height=\"194\" width=\"114\"><\/p>\n","protected":false},"excerpt":{"rendered":"<h4>Jock en cuir avec piquage<\/h4>\n<p>Ce support a un aspect si masculin que vous serez abasourdi lorsque vous vous verrez dans le miroir pour la premi\u00e8re fois. Il est muni de sangles de fesses \u00e9lastiques et r\u00e9glables. Une pochette en cuir r\u00e9sistant autoform\u00e9 avec un matelassage semblable \u00e0 celui d&#8217;une veste en cuir \u00e9pais. Au milieu, une fermeture \u00e9clair en plastique noir. Ce rabat est \u00e9galement en cuir. L&#8217;int\u00e9rieur de la pochette est en outre doubl\u00e9 de cuir souple. Nos jocks sont particuli\u00e8rement sexy sous les chaps !<\/p>\n","protected":false},"featured_media":12202,"comment_status":"open","ping_status":"closed","template":"","meta":[],"product_brand":[],"product_cat":[596,732,656,736],"product_tag":[4400],"class_list":{"0":"post-12220","1":"product","2":"type-product","3":"status-publish","4":"has-post-thumbnail","6":"product_cat-dessous-fr","7":"product_cat-best-seller","8":"product_cat-jocks","9":"product_cat-nouveau-hml","10":"product_tag-hml-fetish-original-fr","11":"product_shipping_class-lettre","13":"first","14":"instock","15":"taxable","16":"shipping-taxable","17":"purchasable","18":"product-type-variable"},"_links":{"self":[{"href":"https:\/\/www.hml-fetish.de\/shop\/fr\/wp-json\/wp\/v2\/product\/12220","targetHints":{"allow":["GET"]}}],"collection":[{"href":"https:\/\/www.hml-fetish.de\/shop\/fr\/wp-json\/wp\/v2\/product"}],"about":[{"href":"https:\/\/www.hml-fetish.de\/shop\/fr\/wp-json\/wp\/v2\/types\/product"}],"replies":[{"embeddable":true,"href":"https:\/\/www.hml-fetish.de\/shop\/fr\/wp-json\/wp\/v2\/comments?post=12220"}],"version-history":[{"count":0,"href":"https:\/\/www.hml-fetish.de\/shop\/fr\/wp-json\/wp\/v2\/product\/12220\/revisions"}],"wp:featuredmedia":[{"embeddable":true,"href":"https:\/\/www.hml-fetish.de\/shop\/fr\/wp-json\/wp\/v2\/media\/12202"}],"wp:attachment":[{"href":"https:\/\/www.hml-fetish.de\/shop\/fr\/wp-json\/wp\/v2\/media?parent=12220"}],"wp:term":[{"taxonomy":"product_brand","embeddable":true,"href":"https:\/\/www.hml-fetish.de\/shop\/fr\/wp-json\/wp\/v2\/product_brand?post=12220"},{"taxonomy":"product_cat","embeddable":true,"href":"https:\/\/www.hml-fetish.de\/shop\/fr\/wp-json\/wp\/v2\/product_cat?post=12220"},{"taxonomy":"product_tag","embeddable":true,"href":"https:\/\/www.hml-fetish.de\/shop\/fr\/wp-json\/wp\/v2\/product_tag?post=12220"}],"curies":[{"name":"wp","href":"https:\/\/api.w.org\/{rel}","templated":true}]}}