{"id":12195,"date":"2022-01-23T22:55:00","date_gmt":"2022-01-23T21:55:00","guid":{"rendered":"https:\/\/www.hml-fetish.de\/shop\/cock-ring-donut-magnetique\/"},"modified":"2022-01-23T22:55:00","modified_gmt":"2022-01-23T21:55:00","slug":"cock-ring-donut-magnetique","status":"publish","type":"product","link":"https:\/\/www.hml-fetish.de\/shop\/fr\/cock-ring-donut-magnetique\/","title":{"rendered":"Cock-ring donut magnetique"},"content":{"rendered":"<p>Un cock-ring bien particulier: deux pi\u00e8ces sans vis ou autres m\u00e9canismes qui tiennent seulement gr\u00e2ce \u00e0 leur magn\u00e9tisme ce qui permet d&#8217;en choisir une taille bien serr\u00e9e car il se d\u00e9fait simplement dans toutes circonstances. Le poids en est sympa: 380 \u00e0 450 grammes en fonction du diam\u00e8tre. Le mat\u00e9riel est env. 20 mm large pour une \u00e9paisseur d&#8217;environ 15 mm. Acier inox.<br \/>\n<BR><img decoding=\"async\" src=\"\/GIF\/sizefr_ID.gif\" alt=\"taille = diam\u00e8tre int\u00e9rieur\" title=\"taille = diam\u00e8tre int\u00e9rieur\" border=\"0\" height=\"67\" width=\"183\"><\/p>\n","protected":false},"excerpt":{"rendered":"<h4>Cock-ring donut magnetique<\/h4>\n<p>Un cock-ring bien particulier: deux pi\u00e8ces sans vis ou autres m\u00e9canismes qui tiennent seulement gr\u00e2ce \u00e0 leur magn\u00e9tisme ce qui permet d&#8217;en choisir une taille bien serr\u00e9e car il se d\u00e9fait simplement dans toutes circonstances. Le poids en est sympa: 380 \u00e0 450 grammes en fonction du diam\u00e8tre. Le mat\u00e9riel est env. 20 mm large pour une \u00e9paisseur d&#8217;environ 15 mm. Acier inox.<\/p>\n","protected":false},"featured_media":12173,"comment_status":"open","ping_status":"closed","template":"","meta":[],"product_brand":[],"product_cat":[674,697,736],"product_tag":[],"class_list":{"0":"post-12195","1":"product","2":"type-product","3":"status-publish","4":"has-post-thumbnail","6":"product_cat-cock-rings-fr","7":"product_cat-cbt-fr","8":"product_cat-nouveau-hml","9":"product_shipping_class-lettre","11":"first","12":"instock","13":"taxable","14":"shipping-taxable","15":"purchasable","16":"product-type-variable"},"_links":{"self":[{"href":"https:\/\/www.hml-fetish.de\/shop\/fr\/wp-json\/wp\/v2\/product\/12195","targetHints":{"allow":["GET"]}}],"collection":[{"href":"https:\/\/www.hml-fetish.de\/shop\/fr\/wp-json\/wp\/v2\/product"}],"about":[{"href":"https:\/\/www.hml-fetish.de\/shop\/fr\/wp-json\/wp\/v2\/types\/product"}],"replies":[{"embeddable":true,"href":"https:\/\/www.hml-fetish.de\/shop\/fr\/wp-json\/wp\/v2\/comments?post=12195"}],"version-history":[{"count":0,"href":"https:\/\/www.hml-fetish.de\/shop\/fr\/wp-json\/wp\/v2\/product\/12195\/revisions"}],"wp:featuredmedia":[{"embeddable":true,"href":"https:\/\/www.hml-fetish.de\/shop\/fr\/wp-json\/wp\/v2\/media\/12173"}],"wp:attachment":[{"href":"https:\/\/www.hml-fetish.de\/shop\/fr\/wp-json\/wp\/v2\/media?parent=12195"}],"wp:term":[{"taxonomy":"product_brand","embeddable":true,"href":"https:\/\/www.hml-fetish.de\/shop\/fr\/wp-json\/wp\/v2\/product_brand?post=12195"},{"taxonomy":"product_cat","embeddable":true,"href":"https:\/\/www.hml-fetish.de\/shop\/fr\/wp-json\/wp\/v2\/product_cat?post=12195"},{"taxonomy":"product_tag","embeddable":true,"href":"https:\/\/www.hml-fetish.de\/shop\/fr\/wp-json\/wp\/v2\/product_tag?post=12195"}],"curies":[{"name":"wp","href":"https:\/\/api.w.org\/{rel}","templated":true}]}}