{"id":12113,"date":"2022-01-23T22:55:01","date_gmt":"2022-01-23T21:55:01","guid":{"rendered":"https:\/\/www.hml-fetish.de\/shop\/cock-ring-triple-deluxe\/"},"modified":"2022-01-23T22:55:01","modified_gmt":"2022-01-23T21:55:01","slug":"cock-ring-triple-deluxe","status":"publish","type":"product","link":"https:\/\/www.hml-fetish.de\/shop\/fr\/cock-ring-triple-deluxe\/","title":{"rendered":"Cock-ring triple deluxe"},"content":{"rendered":"<p>Cette mise \u00e0 niveau de ton mat\u00e9riel se compose de trois anneaux en acier soud\u00e9s entre eux. Une fois install\u00e9, il d\u00e9marre automatiquement ton syst\u00e8me et te garantit un syst\u00e8me d&#8217;exploitation stable \u00e0 long terme, compatible avec tous les programmes imaginables.<\/P><br \/>\n<P>Tu obtiens ici la version Deluxe compos\u00e9e de trois anneaux d&#8217;ancrage profil\u00e9s tourn\u00e9s, donc totalement sans soudure, d&#8217;une section de 5 mm x 5 mm. Ces anneaux sont en acier inoxydable et anallergique.<\/P><br \/>\n<P>La cage \u00e0 cock existe en trois tailles : Taille M avec des anneaux de 35 mm, 40 mm et 45 mm de diam\u00e8tre int\u00e9rieur. Taille L avec des anneaux de 40 mm, 45 mm et 50 mm. Ou bien tu as besoin de la taille XL avec 45 mm, 50 mm et 55 mm?<\/p>\n<p>.<\/p>\n","protected":false},"excerpt":{"rendered":"<h4>Cock-ring triple deluxe<\/h4>\n<p>Cette mise \u00e0 niveau de ton mat\u00e9riel se compose de trois anneaux en acier soud\u00e9s entre eux. Une fois install\u00e9, il d\u00e9marre automatiquement ton syst\u00e8me et te garantit un syst\u00e8me d&#8217;exploitation stable \u00e0 long terme, compatible avec tous les programmes imaginables.<\/p>\n","protected":false},"featured_media":12102,"comment_status":"open","ping_status":"closed","template":"","meta":[],"product_brand":[],"product_cat":[697,674],"product_tag":[],"class_list":{"0":"post-12113","1":"product","2":"type-product","3":"status-publish","4":"has-post-thumbnail","6":"product_cat-cbt-fr","7":"product_cat-cock-rings-fr","8":"product_shipping_class-colis-fr","10":"first","11":"instock","12":"taxable","13":"shipping-taxable","14":"purchasable","15":"product-type-variable"},"_links":{"self":[{"href":"https:\/\/www.hml-fetish.de\/shop\/fr\/wp-json\/wp\/v2\/product\/12113","targetHints":{"allow":["GET"]}}],"collection":[{"href":"https:\/\/www.hml-fetish.de\/shop\/fr\/wp-json\/wp\/v2\/product"}],"about":[{"href":"https:\/\/www.hml-fetish.de\/shop\/fr\/wp-json\/wp\/v2\/types\/product"}],"replies":[{"embeddable":true,"href":"https:\/\/www.hml-fetish.de\/shop\/fr\/wp-json\/wp\/v2\/comments?post=12113"}],"version-history":[{"count":0,"href":"https:\/\/www.hml-fetish.de\/shop\/fr\/wp-json\/wp\/v2\/product\/12113\/revisions"}],"wp:featuredmedia":[{"embeddable":true,"href":"https:\/\/www.hml-fetish.de\/shop\/fr\/wp-json\/wp\/v2\/media\/12102"}],"wp:attachment":[{"href":"https:\/\/www.hml-fetish.de\/shop\/fr\/wp-json\/wp\/v2\/media?parent=12113"}],"wp:term":[{"taxonomy":"product_brand","embeddable":true,"href":"https:\/\/www.hml-fetish.de\/shop\/fr\/wp-json\/wp\/v2\/product_brand?post=12113"},{"taxonomy":"product_cat","embeddable":true,"href":"https:\/\/www.hml-fetish.de\/shop\/fr\/wp-json\/wp\/v2\/product_cat?post=12113"},{"taxonomy":"product_tag","embeddable":true,"href":"https:\/\/www.hml-fetish.de\/shop\/fr\/wp-json\/wp\/v2\/product_tag?post=12113"}],"curies":[{"name":"wp","href":"https:\/\/api.w.org\/{rel}","templated":true}]}}