{"id":12091,"date":"2022-01-23T22:55:09","date_gmt":"2022-01-23T21:55:09","guid":{"rendered":"https:\/\/www.hml-fetish.de\/shop\/cock-ring-en-inox\/"},"modified":"2024-10-18T17:55:24","modified_gmt":"2024-10-18T15:55:24","slug":"cock-ring-en-inox","status":"publish","type":"product","link":"https:\/\/www.hml-fetish.de\/shop\/fr\/cock-ring-en-inox\/","title":{"rendered":"Cock-Ring en inox"},"content":{"rendered":"<p>Acier inoxydable &#8211; l&#8217;anneau cockring classique et donc adapt\u00e9 \u00e0 tous ceux qui sont allergiques au nickel. Mat\u00e9riau poli et brillant de 8 mm d&#8217;\u00e9paisseur (6 mm pour l&#8217;anneau de 40 et 45 mm), soud\u00e9 proprement.<br \/>\n<BR><img decoding=\"async\" src=\"\/GIF\/sizefr_ID.gif\" alt=\"taille = diam\u00e8tre int\u00e9rieur\" title=\"taille = diam\u00e8tre interieur\" border=\"0\" height=\"67\" width=\"183\"><\/p>\n","protected":false},"excerpt":{"rendered":"<h4>Cock-Ring en inox<\/h4>\n<p>Acier inoxydable &#8211; l&#8217;anneau cockring classique et donc adapt\u00e9 \u00e0 tous ceux qui sont allergiques au nickel. Mat\u00e9riau poli et brillant de 8 mm d&#8217;\u00e9paisseur (6 mm pour l&#8217;anneau de 40 et 45 mm), soud\u00e9 proprement.<\/p>\n","protected":false},"featured_media":12072,"comment_status":"open","ping_status":"closed","template":"","meta":[],"product_brand":[],"product_cat":[674,702],"product_tag":[],"class_list":{"0":"post-12091","1":"product","2":"type-product","3":"status-publish","4":"has-post-thumbnail","6":"product_cat-cock-rings-fr","7":"product_cat-preservatifs-gels","8":"product_shipping_class-lettre","10":"first","11":"instock","12":"taxable","13":"shipping-taxable","14":"purchasable","15":"product-type-variable"},"_links":{"self":[{"href":"https:\/\/www.hml-fetish.de\/shop\/fr\/wp-json\/wp\/v2\/product\/12091","targetHints":{"allow":["GET"]}}],"collection":[{"href":"https:\/\/www.hml-fetish.de\/shop\/fr\/wp-json\/wp\/v2\/product"}],"about":[{"href":"https:\/\/www.hml-fetish.de\/shop\/fr\/wp-json\/wp\/v2\/types\/product"}],"replies":[{"embeddable":true,"href":"https:\/\/www.hml-fetish.de\/shop\/fr\/wp-json\/wp\/v2\/comments?post=12091"}],"version-history":[{"count":0,"href":"https:\/\/www.hml-fetish.de\/shop\/fr\/wp-json\/wp\/v2\/product\/12091\/revisions"}],"wp:featuredmedia":[{"embeddable":true,"href":"https:\/\/www.hml-fetish.de\/shop\/fr\/wp-json\/wp\/v2\/media\/12072"}],"wp:attachment":[{"href":"https:\/\/www.hml-fetish.de\/shop\/fr\/wp-json\/wp\/v2\/media?parent=12091"}],"wp:term":[{"taxonomy":"product_brand","embeddable":true,"href":"https:\/\/www.hml-fetish.de\/shop\/fr\/wp-json\/wp\/v2\/product_brand?post=12091"},{"taxonomy":"product_cat","embeddable":true,"href":"https:\/\/www.hml-fetish.de\/shop\/fr\/wp-json\/wp\/v2\/product_cat?post=12091"},{"taxonomy":"product_tag","embeddable":true,"href":"https:\/\/www.hml-fetish.de\/shop\/fr\/wp-json\/wp\/v2\/product_tag?post=12091"}],"curies":[{"name":"wp","href":"https:\/\/api.w.org\/{rel}","templated":true}]}}