{"id":12061,"date":"2022-01-23T22:55:09","date_gmt":"2022-01-23T21:55:09","guid":{"rendered":"https:\/\/www.hml-fetish.de\/shop\/cockring-rond-en-inox\/"},"modified":"2022-01-23T22:55:09","modified_gmt":"2022-01-23T21:55:09","slug":"cockring-rond-en-inox","status":"publish","type":"product","link":"https:\/\/www.hml-fetish.de\/shop\/fr\/cockring-rond-en-inox\/","title":{"rendered":"Cockring rond en inox"},"content":{"rendered":"<p>Acier inox &#8211; le cockring classique et donc adapt\u00e9 \u00e0 tous ceux qui sont allergiques au nickel. Mat\u00e9riau poli et brillant de 10 mm d&#8217;\u00e9paisseur. Ce cockring est torsad\u00e9 et donc totalement sans soudure !<br \/>\n<BR><img decoding=\"async\" src=\"\/GIF\/sizefr_ID.gif\" alt=\"taille = diam\u00e8tre int\u00e9rieur\" title=\"taille = diam\u00e8tre int\u00e9rieur\" border=\"0\" height=\"67\" width=\"183\"><\/p>\n","protected":false},"excerpt":{"rendered":"<h4>Cockring rond en inox<\/h4>\n<p>Acier inox &#8211; le cockring classique et donc adapt\u00e9 \u00e0 tous ceux qui sont allergiques au nickel. Mat\u00e9riau poli et brillant de 10 mm d&#8217;\u00e9paisseur. Ce cockring est torsad\u00e9 et donc totalement sans soudure !<\/p>\n","protected":false},"featured_media":12040,"comment_status":"open","ping_status":"closed","template":"","meta":[],"product_brand":[],"product_cat":[674,688],"product_tag":[],"class_list":{"0":"post-12061","1":"product","2":"type-product","3":"status-publish","4":"has-post-thumbnail","6":"product_cat-cock-rings-fr","7":"product_cat-matos","8":"product_shipping_class-lettre","10":"first","11":"instock","12":"taxable","13":"shipping-taxable","14":"purchasable","15":"product-type-variable"},"_links":{"self":[{"href":"https:\/\/www.hml-fetish.de\/shop\/fr\/wp-json\/wp\/v2\/product\/12061","targetHints":{"allow":["GET"]}}],"collection":[{"href":"https:\/\/www.hml-fetish.de\/shop\/fr\/wp-json\/wp\/v2\/product"}],"about":[{"href":"https:\/\/www.hml-fetish.de\/shop\/fr\/wp-json\/wp\/v2\/types\/product"}],"replies":[{"embeddable":true,"href":"https:\/\/www.hml-fetish.de\/shop\/fr\/wp-json\/wp\/v2\/comments?post=12061"}],"version-history":[{"count":0,"href":"https:\/\/www.hml-fetish.de\/shop\/fr\/wp-json\/wp\/v2\/product\/12061\/revisions"}],"wp:featuredmedia":[{"embeddable":true,"href":"https:\/\/www.hml-fetish.de\/shop\/fr\/wp-json\/wp\/v2\/media\/12040"}],"wp:attachment":[{"href":"https:\/\/www.hml-fetish.de\/shop\/fr\/wp-json\/wp\/v2\/media?parent=12061"}],"wp:term":[{"taxonomy":"product_brand","embeddable":true,"href":"https:\/\/www.hml-fetish.de\/shop\/fr\/wp-json\/wp\/v2\/product_brand?post=12061"},{"taxonomy":"product_cat","embeddable":true,"href":"https:\/\/www.hml-fetish.de\/shop\/fr\/wp-json\/wp\/v2\/product_cat?post=12061"},{"taxonomy":"product_tag","embeddable":true,"href":"https:\/\/www.hml-fetish.de\/shop\/fr\/wp-json\/wp\/v2\/product_tag?post=12061"}],"curies":[{"name":"wp","href":"https:\/\/api.w.org\/{rel}","templated":true}]}}