{"id":12034,"date":"2022-01-23T22:55:09","date_gmt":"2022-01-23T21:55:09","guid":{"rendered":"https:\/\/www.hml-fetish.de\/shop\/anneau-de-gland-en-inox\/"},"modified":"2022-01-23T22:55:09","modified_gmt":"2022-01-23T21:55:09","slug":"anneau-de-gland-en-inox","status":"publish","type":"product","link":"https:\/\/www.hml-fetish.de\/shop\/fr\/anneau-de-gland-en-inox\/","title":{"rendered":"Anneau de gland en inox"},"content":{"rendered":"<p>Non seulement il a l&#8217;air vraiment fort, mais il renforce aussi les sensations : un anneau de gland de 4 mm d&#8217;\u00e9paisseur en acier inoxydable. Disponible en deux tailles, 30 mm ou 35 mm de diam\u00e8tre int\u00e9rieur.<br \/>\n<BR><img decoding=\"async\" src=\"\/GIF\/sizefr_ID.gif\" alt=\"taille = diam\u00e8tre int\u00e9rieur\" title=\"taille = diam\u00e8tre int\u00e9rieur\" border=\"0\" height=\"67\" width=\"183\"><\/p>\n","protected":false},"excerpt":{"rendered":"<h4>Anneau de gland en inox<\/h4>\n<p>Non seulement il a l&#8217;air vraiment fort, mais il renforce aussi les sensations : un anneau de gland de 4 mm d&#8217;\u00e9paisseur en acier inoxydable. Disponible en deux tailles, 30 mm ou 35 mm de diam\u00e8tre int\u00e9rieur.<\/p>\n","protected":false},"featured_media":12028,"comment_status":"open","ping_status":"closed","template":"","meta":[],"product_brand":[],"product_cat":[697,674,680],"product_tag":[],"class_list":{"0":"post-12034","1":"product","2":"type-product","3":"status-publish","4":"has-post-thumbnail","6":"product_cat-cbt-fr","7":"product_cat-cock-rings-fr","8":"product_cat-piercing-fr","9":"product_shipping_class-lettre","11":"first","12":"instock","13":"taxable","14":"shipping-taxable","15":"purchasable","16":"product-type-variable"},"_links":{"self":[{"href":"https:\/\/www.hml-fetish.de\/shop\/fr\/wp-json\/wp\/v2\/product\/12034","targetHints":{"allow":["GET"]}}],"collection":[{"href":"https:\/\/www.hml-fetish.de\/shop\/fr\/wp-json\/wp\/v2\/product"}],"about":[{"href":"https:\/\/www.hml-fetish.de\/shop\/fr\/wp-json\/wp\/v2\/types\/product"}],"replies":[{"embeddable":true,"href":"https:\/\/www.hml-fetish.de\/shop\/fr\/wp-json\/wp\/v2\/comments?post=12034"}],"version-history":[{"count":0,"href":"https:\/\/www.hml-fetish.de\/shop\/fr\/wp-json\/wp\/v2\/product\/12034\/revisions"}],"wp:featuredmedia":[{"embeddable":true,"href":"https:\/\/www.hml-fetish.de\/shop\/fr\/wp-json\/wp\/v2\/media\/12028"}],"wp:attachment":[{"href":"https:\/\/www.hml-fetish.de\/shop\/fr\/wp-json\/wp\/v2\/media?parent=12034"}],"wp:term":[{"taxonomy":"product_brand","embeddable":true,"href":"https:\/\/www.hml-fetish.de\/shop\/fr\/wp-json\/wp\/v2\/product_brand?post=12034"},{"taxonomy":"product_cat","embeddable":true,"href":"https:\/\/www.hml-fetish.de\/shop\/fr\/wp-json\/wp\/v2\/product_cat?post=12034"},{"taxonomy":"product_tag","embeddable":true,"href":"https:\/\/www.hml-fetish.de\/shop\/fr\/wp-json\/wp\/v2\/product_tag?post=12034"}],"curies":[{"name":"wp","href":"https:\/\/api.w.org\/{rel}","templated":true}]}}