{"id":12017,"date":"2022-01-23T22:55:09","date_gmt":"2022-01-23T21:55:09","guid":{"rendered":"https:\/\/www.hml-fetish.de\/shop\/cockring-avec-profil-10-mm\/"},"modified":"2023-07-26T07:49:07","modified_gmt":"2023-07-26T05:49:07","slug":"cockring-avec-profil-10-mm","status":"publish","type":"product","link":"https:\/\/www.hml-fetish.de\/shop\/fr\/cockring-avec-profil-10-mm\/","title":{"rendered":"Cockring avec profil 10 mm"},"content":{"rendered":"<p>Starke und gleichzeitig edle Optik: Ein Cockring aus gl\u00e4nzend poliertem Edelstahl. Gedreht, also ohne Schwei\u00dfnaht. Materialquerschnitt 10 mm \u00d7 5 mm. Die Kanten sind abgeschr\u00e4gt gegl\u00e4ttet. In verschiedenen Gr\u00f6\u00dfen und Zwischengr\u00f6\u00dfen zwischen 35 mm und 55 mm Innendurchmesser.<br \/>\n<BR><img decoding=\"async\" src=\"\/GIF\/size_ID.gif\" alt=\"Gr\u00f6\u00dfe = Innendurchmesser\" title=\"Gr\u00f6\u00dfe = Innendurchmesser\" border=\"0\" height=\"67\" width=\"183\"><\/p>\n","protected":false},"excerpt":{"rendered":"<h4>Cockring avec profil 10 mm<\/h4>\n<p>Starke und gleichzeitig edle Optik: Ein Cockring aus gl\u00e4nzend poliertem Edelstahl. Gedreht, also ohne Schwei\u00dfnaht. Materialquerschnitt 10 mm \u00d7 5 mm. Die Kanten sind abgeschr\u00e4gt gegl\u00e4ttet. In verschiedenen Gr\u00f6\u00dfen und Zwischengr\u00f6\u00dfen zwischen 35 mm und 55 mm Innendurchmesser.<\/p>\n","protected":false},"featured_media":11998,"comment_status":"open","ping_status":"closed","template":"","meta":[],"product_brand":[],"product_cat":[674,692],"product_tag":[],"class_list":{"0":"post-12017","1":"product","2":"type-product","3":"status-publish","4":"has-post-thumbnail","6":"product_cat-cock-rings-fr","7":"product_cat-menottes","8":"product_shipping_class-lettre","10":"first","11":"instock","12":"taxable","13":"shipping-taxable","14":"purchasable","15":"product-type-variable"},"_links":{"self":[{"href":"https:\/\/www.hml-fetish.de\/shop\/fr\/wp-json\/wp\/v2\/product\/12017","targetHints":{"allow":["GET"]}}],"collection":[{"href":"https:\/\/www.hml-fetish.de\/shop\/fr\/wp-json\/wp\/v2\/product"}],"about":[{"href":"https:\/\/www.hml-fetish.de\/shop\/fr\/wp-json\/wp\/v2\/types\/product"}],"replies":[{"embeddable":true,"href":"https:\/\/www.hml-fetish.de\/shop\/fr\/wp-json\/wp\/v2\/comments?post=12017"}],"version-history":[{"count":0,"href":"https:\/\/www.hml-fetish.de\/shop\/fr\/wp-json\/wp\/v2\/product\/12017\/revisions"}],"wp:featuredmedia":[{"embeddable":true,"href":"https:\/\/www.hml-fetish.de\/shop\/fr\/wp-json\/wp\/v2\/media\/11998"}],"wp:attachment":[{"href":"https:\/\/www.hml-fetish.de\/shop\/fr\/wp-json\/wp\/v2\/media?parent=12017"}],"wp:term":[{"taxonomy":"product_brand","embeddable":true,"href":"https:\/\/www.hml-fetish.de\/shop\/fr\/wp-json\/wp\/v2\/product_brand?post=12017"},{"taxonomy":"product_cat","embeddable":true,"href":"https:\/\/www.hml-fetish.de\/shop\/fr\/wp-json\/wp\/v2\/product_cat?post=12017"},{"taxonomy":"product_tag","embeddable":true,"href":"https:\/\/www.hml-fetish.de\/shop\/fr\/wp-json\/wp\/v2\/product_tag?post=12017"}],"curies":[{"name":"wp","href":"https:\/\/api.w.org\/{rel}","templated":true}]}}