{"id":11931,"date":"2022-01-23T22:55:11","date_gmt":"2022-01-23T21:55:11","guid":{"rendered":"https:\/\/www.hml-fetish.de\/shop\/cockring-15-mm-large\/"},"modified":"2022-08-23T17:50:27","modified_gmt":"2022-08-23T15:50:27","slug":"cockring-15-mm-large","status":"publish","type":"product","link":"https:\/\/www.hml-fetish.de\/shop\/fr\/cockring-15-mm-large\/","title":{"rendered":"Cockring 15 mm large"},"content":{"rendered":"<p>Ce Cockring en acier noble tourn\u00e9 et brillament poli p\u00e8se entre 130 et 180 g et a une largeur de 15 mm pour une \u00e9paisseur de 10 mm. Un mod\u00e8le pour vrais mecs.<br \/>\n<BR><img decoding=\"async\" src=\"\/GIF\/sizefr_ID.gif\" alt=\"taille = diam\u00e8tre int\u00e9rieur\" title=\"taille = diam\u00e8tre int\u00e9rieur\" border=\"0\" height=\"67\" width=\"183\"><\/p>\n","protected":false},"excerpt":{"rendered":"<h4>Cockring 15 mm large<\/h4>\n<p>Ce Cockring en acier noble tourn\u00e9 et brillament poli p\u00e8se entre 130 et 180 g et a une largeur de 15 mm pour une \u00e9paisseur de 10 mm. Un mod\u00e8le pour vrais mecs.<\/p>\n","protected":false},"featured_media":11914,"comment_status":"open","ping_status":"closed","template":"","meta":[],"product_brand":[],"product_cat":[732,674],"product_tag":[4388],"class_list":{"0":"post-11931","1":"product","2":"type-product","3":"status-publish","4":"has-post-thumbnail","6":"product_cat-best-seller","7":"product_cat-cock-rings-fr","8":"product_tag-best-seller-bijoux-intimes","9":"product_shipping_class-lettre","11":"first","12":"instock","13":"taxable","14":"shipping-taxable","15":"purchasable","16":"product-type-variable"},"_links":{"self":[{"href":"https:\/\/www.hml-fetish.de\/shop\/fr\/wp-json\/wp\/v2\/product\/11931","targetHints":{"allow":["GET"]}}],"collection":[{"href":"https:\/\/www.hml-fetish.de\/shop\/fr\/wp-json\/wp\/v2\/product"}],"about":[{"href":"https:\/\/www.hml-fetish.de\/shop\/fr\/wp-json\/wp\/v2\/types\/product"}],"replies":[{"embeddable":true,"href":"https:\/\/www.hml-fetish.de\/shop\/fr\/wp-json\/wp\/v2\/comments?post=11931"}],"version-history":[{"count":0,"href":"https:\/\/www.hml-fetish.de\/shop\/fr\/wp-json\/wp\/v2\/product\/11931\/revisions"}],"wp:featuredmedia":[{"embeddable":true,"href":"https:\/\/www.hml-fetish.de\/shop\/fr\/wp-json\/wp\/v2\/media\/11914"}],"wp:attachment":[{"href":"https:\/\/www.hml-fetish.de\/shop\/fr\/wp-json\/wp\/v2\/media?parent=11931"}],"wp:term":[{"taxonomy":"product_brand","embeddable":true,"href":"https:\/\/www.hml-fetish.de\/shop\/fr\/wp-json\/wp\/v2\/product_brand?post=11931"},{"taxonomy":"product_cat","embeddable":true,"href":"https:\/\/www.hml-fetish.de\/shop\/fr\/wp-json\/wp\/v2\/product_cat?post=11931"},{"taxonomy":"product_tag","embeddable":true,"href":"https:\/\/www.hml-fetish.de\/shop\/fr\/wp-json\/wp\/v2\/product_tag?post=11931"}],"curies":[{"name":"wp","href":"https:\/\/api.w.org\/{rel}","templated":true}]}}