{"id":11866,"date":"2022-01-23T22:55:11","date_gmt":"2022-01-23T21:55:11","guid":{"rendered":"https:\/\/www.hml-fetish.de\/shop\/anneau-ronde-en-deux-parties\/"},"modified":"2022-01-23T22:55:11","modified_gmt":"2022-01-23T21:55:11","slug":"anneau-ronde-en-deux-parties","status":"publish","type":"product","link":"https:\/\/www.hml-fetish.de\/shop\/fr\/anneau-ronde-en-deux-parties\/","title":{"rendered":"Anneau ronde en deux parties"},"content":{"rendered":"<p>Apr\u00e8s une longue attente nous avons pu refaire nos stocks! Un anneau massif, poli, fait d&#8217;acier noble intox. D\u00e9tail de distinction: Tu n&#8217;as besoin que d&#8217;une seule vis pour le fermer. De l&#8217;autre cot\u00e9, les deux parties sont reli\u00e9es \u00e0 l&#8217;aide d&#8217;un boulon. Cela \u00e9vite des contusions et te fait gagner du temps.<br \/>\n<BR>Avec une \u00e9paisseur de 15 mm il y a 9 diam\u00e8tres diff\u00e9rents Les grandes tailles font fonction de cock-ring, les toiles puis petites se pr\u00eatent aux couilles. Le poids est de 200 \u00e0 280 grammes et d\u00e9pend de la taille. Si tu voulais toujours connaitre la sensation d&#8217;un anneau vraiment \u00e9troit sans pour autant finir aux urgences, voici le mod\u00e8le de choix car il suffit de le d\u00e9visser.<br \/>\n<BR>Deux demi-anneaux en acier noble massif tourn\u00e9 et poli. Pour mettre ce cock\u00adring, il suffit d&#8217;assembler les deux pi\u00e8ces et de les visser. Avec une \u00e9paisseur de 15 mm, le poids en varie entre 200 et 280 g selon le diam\u00e8tre.<br \/>\n<BR><img decoding=\"async\" src=\"\/GIF\/sizefr_ID.gif\" alt=\"taille = diam\u00e8tre int\u00e9rieur\" title=\"taille = diam\u00e8tre int\u00e9rieur\" border=\"0\" height=\"67\" width=\"183\"><\/p>\n","protected":false},"excerpt":{"rendered":"<h4Anneau ronde en deux parties<\/h4>\n<p>Apr\u00e8s une longue attente nous avons pu refaire nos stocks! Un anneau massif, poli, fait d&#8217;acier noble intox. D\u00e9tail de distinction: Tu n&#8217;as besoin que d&#8217;une seule vis pour le fermer. De l&#8217;autre cot\u00e9, les deux parties sont reli\u00e9es \u00e0 l&#8217;aide d&#8217;un boulon. Cela \u00e9vite des contusions et te fait gagner du temps.<\/p>\n","protected":false},"featured_media":11834,"comment_status":"open","ping_status":"closed","template":"","meta":[],"product_brand":[],"product_cat":[697,674],"product_tag":[],"class_list":{"0":"post-11866","1":"product","2":"type-product","3":"status-publish","4":"has-post-thumbnail","6":"product_cat-cbt-fr","7":"product_cat-cock-rings-fr","8":"product_shipping_class-lettre","10":"first","11":"instock","12":"taxable","13":"shipping-taxable","14":"purchasable","15":"product-type-variable"},"_links":{"self":[{"href":"https:\/\/www.hml-fetish.de\/shop\/fr\/wp-json\/wp\/v2\/product\/11866","targetHints":{"allow":["GET"]}}],"collection":[{"href":"https:\/\/www.hml-fetish.de\/shop\/fr\/wp-json\/wp\/v2\/product"}],"about":[{"href":"https:\/\/www.hml-fetish.de\/shop\/fr\/wp-json\/wp\/v2\/types\/product"}],"replies":[{"embeddable":true,"href":"https:\/\/www.hml-fetish.de\/shop\/fr\/wp-json\/wp\/v2\/comments?post=11866"}],"version-history":[{"count":0,"href":"https:\/\/www.hml-fetish.de\/shop\/fr\/wp-json\/wp\/v2\/product\/11866\/revisions"}],"wp:featuredmedia":[{"embeddable":true,"href":"https:\/\/www.hml-fetish.de\/shop\/fr\/wp-json\/wp\/v2\/media\/11834"}],"wp:attachment":[{"href":"https:\/\/www.hml-fetish.de\/shop\/fr\/wp-json\/wp\/v2\/media?parent=11866"}],"wp:term":[{"taxonomy":"product_brand","embeddable":true,"href":"https:\/\/www.hml-fetish.de\/shop\/fr\/wp-json\/wp\/v2\/product_brand?post=11866"},{"taxonomy":"product_cat","embeddable":true,"href":"https:\/\/www.hml-fetish.de\/shop\/fr\/wp-json\/wp\/v2\/product_cat?post=11866"},{"taxonomy":"product_tag","embeddable":true,"href":"https:\/\/www.hml-fetish.de\/shop\/fr\/wp-json\/wp\/v2\/product_tag?post=11866"}],"curies":[{"name":"wp","href":"https:\/\/api.w.org\/{rel}","templated":true}]}}