{"id":11784,"date":"2022-01-23T22:55:12","date_gmt":"2022-01-23T21:55:12","guid":{"rendered":"https:\/\/www.hml-fetish.de\/shop\/noeud-coulant-intime\/"},"modified":"2022-09-23T19:15:38","modified_gmt":"2022-09-23T17:15:38","slug":"noeud-coulant-intime","status":"publish","type":"product","link":"https:\/\/www.hml-fetish.de\/shop\/fr\/noeud-coulant-intime\/","title":{"rendered":"Noeud coulant intime"},"content":{"rendered":"<p>Aussi simple qu&#8217;efficace: ce n\u0153ud coulant en fibre synth\u00e9tique avec une \u00e9paisseur de 4 mm. Suffit  de le mettre, de l&#8217;ajuster et c&#8217;est chose faite. Taille universelle.<br \/>\n<BR>Particuli\u00e8rement efficace apr\u00e8s une s\u00e9ance de pompage: il maintient la taille acquise pendant un bon moment.<\/p>\n","protected":false},"excerpt":{"rendered":"<h4>Noeud coulant intime<\/h4>\n<p>Aussi simple qu&#8217;efficace: ce n\u0153ud coulant en fibre synth\u00e9tique avec une \u00e9paisseur de 4 mm. Suffit  de le mettre, de l&#8217;ajuster et c&#8217;est chose faite. Taille universelle.<\/p>\n","protected":false},"featured_media":11778,"comment_status":"open","ping_status":"closed","template":"","meta":[],"product_brand":[],"product_cat":[732,674,676,688],"product_tag":[],"class_list":{"0":"post-11784","1":"product","2":"type-product","3":"status-publish","4":"has-post-thumbnail","6":"product_cat-best-seller","7":"product_cat-cock-rings-fr","8":"product_cat-cock-straps-fr","9":"product_cat-matos","10":"product_shipping_class-lettre","12":"first","13":"instock","14":"taxable","15":"shipping-taxable","16":"purchasable","17":"product-type-simple"},"_links":{"self":[{"href":"https:\/\/www.hml-fetish.de\/shop\/fr\/wp-json\/wp\/v2\/product\/11784","targetHints":{"allow":["GET"]}}],"collection":[{"href":"https:\/\/www.hml-fetish.de\/shop\/fr\/wp-json\/wp\/v2\/product"}],"about":[{"href":"https:\/\/www.hml-fetish.de\/shop\/fr\/wp-json\/wp\/v2\/types\/product"}],"replies":[{"embeddable":true,"href":"https:\/\/www.hml-fetish.de\/shop\/fr\/wp-json\/wp\/v2\/comments?post=11784"}],"version-history":[{"count":0,"href":"https:\/\/www.hml-fetish.de\/shop\/fr\/wp-json\/wp\/v2\/product\/11784\/revisions"}],"wp:featuredmedia":[{"embeddable":true,"href":"https:\/\/www.hml-fetish.de\/shop\/fr\/wp-json\/wp\/v2\/media\/11778"}],"wp:attachment":[{"href":"https:\/\/www.hml-fetish.de\/shop\/fr\/wp-json\/wp\/v2\/media?parent=11784"}],"wp:term":[{"taxonomy":"product_brand","embeddable":true,"href":"https:\/\/www.hml-fetish.de\/shop\/fr\/wp-json\/wp\/v2\/product_brand?post=11784"},{"taxonomy":"product_cat","embeddable":true,"href":"https:\/\/www.hml-fetish.de\/shop\/fr\/wp-json\/wp\/v2\/product_cat?post=11784"},{"taxonomy":"product_tag","embeddable":true,"href":"https:\/\/www.hml-fetish.de\/shop\/fr\/wp-json\/wp\/v2\/product_tag?post=11784"}],"curies":[{"name":"wp","href":"https:\/\/api.w.org\/{rel}","templated":true}]}}