{"id":11775,"date":"2022-01-23T22:55:12","date_gmt":"2022-01-23T21:55:12","guid":{"rendered":"https:\/\/www.hml-fetish.de\/shop\/cock-rings-en-silicone\/"},"modified":"2022-01-23T22:55:12","modified_gmt":"2022-01-23T21:55:12","slug":"cock-rings-en-silicone","status":"publish","type":"product","link":"https:\/\/www.hml-fetish.de\/shop\/fr\/cock-rings-en-silicone\/","title":{"rendered":"Cock-rings en silicone"},"content":{"rendered":"<p>Ce cockring fait des merveilles ! Porte cet objet discret (\u00e0 l&#8217;\u00e9tat d\u00e9tendu, cet anneau ne mesure que 3 cm de diam\u00e8tre !) au doigt ou autour du poignet et tu es par\u00e9 pour toutes les \u00e9ventualit\u00e9s. Il s&#8217;adapte vraiment \u00e0 chaque queue (ou chaque couille) et se met en place en un clin d&#8217;\u0153il.<br \/>\n<BR>Tu en recevras deux.<br \/>\n<BR><B>Ne pas utiliser avec des lubrifiants \u00e0 base de silicone!<\/B><\/p>\n<p>.<\/p>\n","protected":false},"excerpt":{"rendered":"<h4>Cock-rings en silicone<\/h4>\n<p>Ce cockring fait des merveilles ! Porte cet objet discret (\u00e0 l&#8217;\u00e9tat d\u00e9tendu, cet anneau ne mesure que 3 cm de diam\u00e8tre !) au doigt ou autour du poignet et tu es par\u00e9 pour toutes les \u00e9ventualit\u00e9s. Il s&#8217;adapte vraiment \u00e0 chaque queue (ou chaque couille) et se met en place en un clin d&#8217;\u0153il.<\/p>\n","protected":false},"featured_media":11773,"comment_status":"open","ping_status":"closed","template":"","meta":[],"product_brand":[],"product_cat":[732,674,726],"product_tag":[],"class_list":{"0":"post-11775","1":"product","2":"type-product","3":"status-publish","4":"has-post-thumbnail","6":"product_cat-best-seller","7":"product_cat-cock-rings-fr","8":"product_cat-divers","9":"product_shipping_class-lettre","11":"first","12":"instock","13":"taxable","14":"shipping-taxable","15":"purchasable","16":"product-type-simple"},"_links":{"self":[{"href":"https:\/\/www.hml-fetish.de\/shop\/fr\/wp-json\/wp\/v2\/product\/11775","targetHints":{"allow":["GET"]}}],"collection":[{"href":"https:\/\/www.hml-fetish.de\/shop\/fr\/wp-json\/wp\/v2\/product"}],"about":[{"href":"https:\/\/www.hml-fetish.de\/shop\/fr\/wp-json\/wp\/v2\/types\/product"}],"replies":[{"embeddable":true,"href":"https:\/\/www.hml-fetish.de\/shop\/fr\/wp-json\/wp\/v2\/comments?post=11775"}],"version-history":[{"count":0,"href":"https:\/\/www.hml-fetish.de\/shop\/fr\/wp-json\/wp\/v2\/product\/11775\/revisions"}],"wp:featuredmedia":[{"embeddable":true,"href":"https:\/\/www.hml-fetish.de\/shop\/fr\/wp-json\/wp\/v2\/media\/11773"}],"wp:attachment":[{"href":"https:\/\/www.hml-fetish.de\/shop\/fr\/wp-json\/wp\/v2\/media?parent=11775"}],"wp:term":[{"taxonomy":"product_brand","embeddable":true,"href":"https:\/\/www.hml-fetish.de\/shop\/fr\/wp-json\/wp\/v2\/product_brand?post=11775"},{"taxonomy":"product_cat","embeddable":true,"href":"https:\/\/www.hml-fetish.de\/shop\/fr\/wp-json\/wp\/v2\/product_cat?post=11775"},{"taxonomy":"product_tag","embeddable":true,"href":"https:\/\/www.hml-fetish.de\/shop\/fr\/wp-json\/wp\/v2\/product_tag?post=11775"}],"curies":[{"name":"wp","href":"https:\/\/api.w.org\/{rel}","templated":true}]}}