{"id":11680,"date":"2022-01-23T22:55:15","date_gmt":"2022-01-23T21:55:15","guid":{"rendered":"https:\/\/www.hml-fetish.de\/shop\/dian-hansson-bobs-world\/"},"modified":"2022-01-23T22:55:15","modified_gmt":"2022-01-23T21:55:15","slug":"dian-hansson-bobs-world","status":"publish","type":"product","link":"https:\/\/www.hml-fetish.de\/shop\/fr\/dian-hansson-bobs-world\/","title":{"rendered":"Dian Hansson-Bobs World"},"content":{"rendered":"<p><B>Pi\u00e8ce de collection:<\/B>.<br \/>\n<BR>Un livre de photos sur Bob Mizer, l&#8217;\u00e9diteur du l\u00e9gendaire &#8220;Physique Pictorial&#8221;, et ses mod\u00e8les. Textes en deutsch\/english\/fran\u00e7ais. Bon \u00e9tat g\u00e9n\u00e9ral.<br \/>\n<BR>Taschen Verlag 2009<br \/>\n<BR>Format 25 cm x 33 cm, 288 pages, en couleur<\/p>\n","protected":false},"excerpt":{"rendered":"<h4>Dian Hansson-Bobs World<\/h4>\n<p>Un livre de photos sur Bob Mizer, l&#8217;\u00e9diteur du l\u00e9gendaire &#8220;Physique Pictorial&#8221;, et ses mod\u00e8les. Textes en deutsch\/english\/fran\u00e7ais. Bon \u00e9tat g\u00e9n\u00e9ral.<\/p>\n","protected":false},"featured_media":11678,"comment_status":"open","ping_status":"closed","template":"","meta":[],"product_brand":[],"product_cat":[728,752,730],"product_tag":[],"class_list":{"0":"post-11680","1":"product","2":"type-product","3":"status-publish","4":"has-post-thumbnail","6":"product_cat-adultes","7":"product_cat-fin-de-serie","8":"product_cat-livres-calendriers-allemand","9":"product_shipping_class-colis-fr","11":"first","12":"instock","13":"taxable","14":"shipping-taxable","15":"purchasable","16":"product-type-simple"},"_links":{"self":[{"href":"https:\/\/www.hml-fetish.de\/shop\/fr\/wp-json\/wp\/v2\/product\/11680","targetHints":{"allow":["GET"]}}],"collection":[{"href":"https:\/\/www.hml-fetish.de\/shop\/fr\/wp-json\/wp\/v2\/product"}],"about":[{"href":"https:\/\/www.hml-fetish.de\/shop\/fr\/wp-json\/wp\/v2\/types\/product"}],"replies":[{"embeddable":true,"href":"https:\/\/www.hml-fetish.de\/shop\/fr\/wp-json\/wp\/v2\/comments?post=11680"}],"version-history":[{"count":0,"href":"https:\/\/www.hml-fetish.de\/shop\/fr\/wp-json\/wp\/v2\/product\/11680\/revisions"}],"wp:featuredmedia":[{"embeddable":true,"href":"https:\/\/www.hml-fetish.de\/shop\/fr\/wp-json\/wp\/v2\/media\/11678"}],"wp:attachment":[{"href":"https:\/\/www.hml-fetish.de\/shop\/fr\/wp-json\/wp\/v2\/media?parent=11680"}],"wp:term":[{"taxonomy":"product_brand","embeddable":true,"href":"https:\/\/www.hml-fetish.de\/shop\/fr\/wp-json\/wp\/v2\/product_brand?post=11680"},{"taxonomy":"product_cat","embeddable":true,"href":"https:\/\/www.hml-fetish.de\/shop\/fr\/wp-json\/wp\/v2\/product_cat?post=11680"},{"taxonomy":"product_tag","embeddable":true,"href":"https:\/\/www.hml-fetish.de\/shop\/fr\/wp-json\/wp\/v2\/product_tag?post=11680"}],"curies":[{"name":"wp","href":"https:\/\/api.w.org\/{rel}","templated":true}]}}